{"id":14700,"date":"2025-12-18T12:29:53","date_gmt":"2025-12-18T12:29:53","guid":{"rendered":"https:\/\/sabanadelamartours.com\/?post_type=product&#038;p=14700"},"modified":"2025-12-18T12:39:39","modified_gmt":"2025-12-18T12:39:39","slug":"von-punta-cana-oder-la-romana-santo-domingo-kultureller-tagesausflug","status":"publish","type":"product","link":"https:\/\/sabanadelamartours.com\/de\/tour\/von-punta-cana-oder-la-romana-santo-domingo-kultureller-tagesausflug\/","title":{"rendered":"Von Punta Cana oder La Romana: Kultureller Tagesausflug nach Santo Domingo"},"content":{"rendered":"<p>Beginnen Sie Ihr Abenteuer mit einem Besuch der Grotte Los Tres Ojos, in der sich atemberaubende S\u00fc\u00dfwasserseen in einer bezaubernden H\u00f6hle befinden. Erkunden Sie das \u00c4u\u00dfere des Kolumbus-Leuchtturms, der die \u00dcberreste des Entdeckers beherbergen soll.<\/p>\n<p>Bestaunen Sie die neoklassizistische Architektur des Pr\u00e4sidentenpalastes und tauchen Sie in der Ciudad Colonial in die Geschichte Santo Domingos ein. Zu den Highlights geh\u00f6ren die Kathedrale Primada de America, die Calle de Las Damas und das Nationale Pantheon. Die Plaza de Espa\u00f1a bietet einen atemberaubenden Blick auf den Fluss Ozama und beherbergt den Alc\u00e1zar de Col\u00f3n, die ehemalige Residenz des Admirals.<\/p>\n<p>Besuchen Sie einen Souvenirladen, um den einzigartigen Larimar-Stein zu entdecken, den es nur in der Dominikanischen Republik gibt. Genie\u00dfen Sie die freie Zeit f\u00fcr einen Kaffee und einen gem\u00fctlichen Spaziergang entlang der Calle El Conde. St\u00e4rken Sie sich bei einem k\u00f6stlichen Mittagsbuffet mit typischen Gerichten.<\/p>\n<p>Entspannen Sie sich am Malec\u00f3n, um das karibische Meer auch von der Hauptstadt aus zu bewundern.<\/p>","protected":false},"excerpt":{"rendered":"<div data-track=\"overview\" data-v-83a2b402=\"\">\n<section id=\"activity-overview\" class=\"activity-overview\" data-component=\"overview\" data-v-83a2b402=\"\" data-v-f3236c42=\"\">\n<p class=\"activity-overview__content\" data-test-id=\"activity-overview-content\" data-v-f3236c42=\"\">Erkunden Sie die historischen Wunder von Santo Domingo bei einem Tagesausflug. Entdecken Sie das Erbe der Familie Kolumbus, besuchen Sie ikonische Wahrzeichen und schlendern Sie durch die charmante Ciudad Colonial und die Grotte!<\/p>\n<\/section>\n<\/div>\n<div data-track=\"key-details\" data-v-83a2b402=\"\"><\/div>","protected":false},"featured_media":14911,"template":"","meta":[],"product_brand":[],"product_cat":[97],"product_tag":[101,102],"class_list":{"0":"post-14700","1":"product","2":"type-product","3":"status-publish","4":"has-post-thumbnail","6":"product_cat-dominican-republic","7":"product_tag-excursion","8":"product_tag-tour","10":"first","11":"instock","12":"shipping-taxable","13":"product-type-external"},"_links":{"self":[{"href":"https:\/\/sabanadelamartours.com\/de\/wp-json\/wp\/v2\/product\/14700","targetHints":{"allow":["GET"]}}],"collection":[{"href":"https:\/\/sabanadelamartours.com\/de\/wp-json\/wp\/v2\/product"}],"about":[{"href":"https:\/\/sabanadelamartours.com\/de\/wp-json\/wp\/v2\/types\/product"}],"version-history":[{"count":0,"href":"https:\/\/sabanadelamartours.com\/de\/wp-json\/wp\/v2\/product\/14700\/revisions"}],"wp:featuredmedia":[{"embeddable":true,"href":"https:\/\/sabanadelamartours.com\/de\/wp-json\/wp\/v2\/media\/14911"}],"wp:attachment":[{"href":"https:\/\/sabanadelamartours.com\/de\/wp-json\/wp\/v2\/media?parent=14700"}],"wp:term":[{"taxonomy":"product_brand","embeddable":true,"href":"https:\/\/sabanadelamartours.com\/de\/wp-json\/wp\/v2\/product_brand?post=14700"},{"taxonomy":"product_cat","embeddable":true,"href":"https:\/\/sabanadelamartours.com\/de\/wp-json\/wp\/v2\/product_cat?post=14700"},{"taxonomy":"product_tag","embeddable":true,"href":"https:\/\/sabanadelamartours.com\/de\/wp-json\/wp\/v2\/product_tag?post=14700"}],"curies":[{"name":"wp","href":"https:\/\/api.w.org\/{rel}","templated":true}]}}