{"id":14747,"date":"2025-12-18T12:32:20","date_gmt":"2025-12-18T12:32:20","guid":{"rendered":"https:\/\/sabanadelamartours.com\/?post_type=product&#038;p=14747"},"modified":"2026-02-11T10:53:38","modified_gmt":"2026-02-11T10:53:38","slug":"punta-cana-katamaran-familientour","status":"publish","type":"product","link":"https:\/\/sabanadelamartours.com\/de\/tour\/punta-cana-katamaran-familientour\/","title":{"rendered":"Das beste Partyboot in Punta Cana"},"content":{"rendered":"<p>Erkundung der Insel:<\/p>\n<p>W\u00e4hrend wir zu atemberaubenden Schnorchelzielen segeln, k\u00f6nnen Sie die atemberaubende Aussicht auf K\u00fcstenlandschaften und entfernte Inseln genie\u00dfen. Unsere sachkundige Crew wird Ihnen interessante Einblicke in das lokale Meeresleben und die Sehensw\u00fcrdigkeiten geben, so dass die Reise ebenso informativ wie unterhaltsam ist.<\/p>\n<p>Schnorchelparadies\/Delphine sehen:<\/p>\n<p>Ankern Sie an unber\u00fchrten Schnorchelpl\u00e4tzen, wo es von lebhaften Korallenriffen und exotischen Meeresbewohnern nur so wimmelt. Tauchen Sie ein in kristallklares Wasser und entdecken Sie eine Welt unter der Oberfl\u00e4che. Die Schnorchelausr\u00fcstung wird Ihnen zur Verf\u00fcgung gestellt, so dass Sie die Gelegenheit haben, das Kaleidoskop der Farben der Unterwasserwelt zu beobachten. Beobachten Sie die Delfine, w\u00e4hrend wir an der beeindruckenden, von Menschenhand geschaffenen Delfininsel vorbeisegeln.<\/p>\n<p>Party im Naturbad:<\/p>\n<div class=\"toggle-content__content toggle-content__content--expanded toggle-content__content--packable\" data-v-59485d64=\"\">\n<div data-test-id=\"activity-full-description-text\" data-v-5835c99c=\"\">Unsere erfahrene Crew sorgt daf\u00fcr, dass Sie ein unvergessliches Erlebnis haben. Genie\u00dfen Sie Live-Musik, DJ-Beats und ein festliches Ambiente, w\u00e4hrend wir entlang der malerischen K\u00fcste fahren. Ob Sie lieber auf dem Deck tanzen oder sich mit einem erfrischenden Getr\u00e4nk entspannen, unser Partyboot bietet f\u00fcr jeden etwas.<\/div>\n<\/div>\n<div class=\"toggle-content__label-placeholder\" data-v-59485d64=\"\"><\/div>","protected":false},"excerpt":{"rendered":"<div data-track=\"overview\" data-v-83a2b402=\"\">\n<section id=\"activity-overview\" class=\"activity-overview\" data-component=\"overview\" data-v-83a2b402=\"\" data-v-f3236c42=\"\">\n<p class=\"activity-overview__content\" data-test-id=\"activity-overview-content\" data-v-f3236c42=\"\">Unser Partyboot ist Ihr schwimmender Spielplatz. Tanzen Sie zu den Beats eines Live-DJs, der Musik f\u00fcr alle spielt und daf\u00fcr sorgt, dass die Party nie aufh\u00f6rt.<\/p>\n<\/section>\n<\/div>\n<div data-track=\"key-details\" data-v-83a2b402=\"\"><\/div>","protected":false},"featured_media":13700,"template":"","meta":[],"product_brand":[],"product_cat":[97],"product_tag":[101,102],"class_list":{"0":"post-14747","1":"product","2":"type-product","3":"status-publish","4":"has-post-thumbnail","6":"product_cat-dominican-republic","7":"product_tag-excursion","8":"product_tag-tour","10":"first","11":"instock","12":"shipping-taxable","13":"product-type-external"},"_links":{"self":[{"href":"https:\/\/sabanadelamartours.com\/de\/wp-json\/wp\/v2\/product\/14747","targetHints":{"allow":["GET"]}}],"collection":[{"href":"https:\/\/sabanadelamartours.com\/de\/wp-json\/wp\/v2\/product"}],"about":[{"href":"https:\/\/sabanadelamartours.com\/de\/wp-json\/wp\/v2\/types\/product"}],"version-history":[{"count":1,"href":"https:\/\/sabanadelamartours.com\/de\/wp-json\/wp\/v2\/product\/14747\/revisions"}],"predecessor-version":[{"id":18962,"href":"https:\/\/sabanadelamartours.com\/de\/wp-json\/wp\/v2\/product\/14747\/revisions\/18962"}],"wp:featuredmedia":[{"embeddable":true,"href":"https:\/\/sabanadelamartours.com\/de\/wp-json\/wp\/v2\/media\/13700"}],"wp:attachment":[{"href":"https:\/\/sabanadelamartours.com\/de\/wp-json\/wp\/v2\/media?parent=14747"}],"wp:term":[{"taxonomy":"product_brand","embeddable":true,"href":"https:\/\/sabanadelamartours.com\/de\/wp-json\/wp\/v2\/product_brand?post=14747"},{"taxonomy":"product_cat","embeddable":true,"href":"https:\/\/sabanadelamartours.com\/de\/wp-json\/wp\/v2\/product_cat?post=14747"},{"taxonomy":"product_tag","embeddable":true,"href":"https:\/\/sabanadelamartours.com\/de\/wp-json\/wp\/v2\/product_tag?post=14747"}],"curies":[{"name":"wp","href":"https:\/\/api.w.org\/{rel}","templated":true}]}}