{"id":14869,"date":"2025-12-18T12:37:37","date_gmt":"2025-12-18T12:37:37","guid":{"rendered":"https:\/\/sabanadelamartours.com\/?post_type=product&#038;p=14869"},"modified":"2026-01-09T03:21:52","modified_gmt":"2026-01-09T03:21:52","slug":"-303","status":"publish","type":"product","link":"https:\/\/sabanadelamartours.com\/de\/tour\/-303\/","title":{"rendered":"Von Punta Cana: Samana Ganztagesausflug mit Bus und Boot"},"content":{"rendered":"<p>Nutzen Sie die M\u00f6glichkeit der Hotelabholung in den Gebieten Punta Cana, Bavaro, Uvero Alto und Bayahibe, und erleben Sie dann die beeindruckende Landschaft der Dominikanischen Republik aus verschiedenen Perspektiven. Fahren Sie entlang der Landstra\u00dfen und genie\u00dfen Sie endlose Fotom\u00f6glichkeiten.<\/p>\n<p>Beginnen Sie mit einer etwa einst\u00fcndigen Fahrt auf der Landstra\u00dfe El Seybo von Bavaro nach Miches. Fahren Sie zur Anlegestelle und gehen Sie an Bord eines Schnellbootes nach Santa B\u00e1rbara de Saman\u00e1. Nach Ihrer Ankunft besteigen Sie einen Safari-Truck und fahren nach El Lim\u00f3n. Besuchen Sie ein Inselhaus und probieren Sie einheimische und biologische Fr\u00fcchte von der Plantage.<\/p>\n<p>Weiter geht es zum majest\u00e4tischen El Lim\u00f3n-Wasserfall mit einem kurzen Ritt durch den tropischen Wald zu Pferd. Vom Berg aus haben Sie einen einzigartigen Blick auf das kristallklare Wasser, bevor Sie sich von den Pferden verabschieden und entlang des Flusses wandern, um ein erfrischendes Bad im Wasserfall zu nehmen.<\/p>\n<p>Im Rancho Tipico st\u00e4rken Sie sich an einem typischen Buffet und ruhen sich kurz aus, bevor Sie zur Anlegestelle in Saman\u00e1 zur\u00fcckkehren.<\/p>\n<div class=\"toggle-content__content toggle-content__content--expanded toggle-content__content--packable\" data-v-59485d64=\"\">\n<div data-test-id=\"activity-full-description-text\" data-v-5835c99c=\"\">Fahren Sie mit dem Schnellboot zur Insel Bacardi oder Cayo Levantado und baden Sie dort im t\u00fcrkisfarbenen Wasser. Dann besteigen Sie Ihr Schnellboot f\u00fcr eine letzte Fahrt nach Miches, wo ein Bus auf Sie wartet, der Sie zur\u00fcck zu Ihrem Hotel bringt.<\/div>\n<\/div>\n<div class=\"toggle-content__label-placeholder\" data-v-59485d64=\"\"><\/div>","protected":false},"excerpt":{"rendered":"<div data-track=\"overview\" data-v-83a2b402=\"\">\n<section id=\"activity-overview\" class=\"activity-overview\" data-component=\"overview\" data-v-83a2b402=\"\" data-v-f3236c42=\"\">\n<p class=\"activity-overview__content\" data-test-id=\"activity-overview-content\" data-v-f3236c42=\"\">Erleben Sie die Dominikanische Republik auf einer Tour von Punta Cana nach Samana. Reiten Sie auf Pferden zum Wasserfall El Limon, besuchen Sie Cayo Levantado, die Bacardi-Insel, ein typisches Haus und genie\u00dfen Sie ein Essen in Buffetform.<\/p>\n<\/section>\n<\/div>\n<div data-track=\"key-details\" data-v-83a2b402=\"\"><\/div>","protected":false},"featured_media":15085,"template":"","meta":[],"product_brand":[],"product_cat":[77],"product_tag":[101,102],"class_list":{"0":"post-14869","1":"product","2":"type-product","3":"status-publish","4":"has-post-thumbnail","6":"product_cat-uncategorized","7":"product_tag-excursion","8":"product_tag-tour","10":"first","11":"instock","12":"shipping-taxable","13":"product-type-external"},"_links":{"self":[{"href":"https:\/\/sabanadelamartours.com\/de\/wp-json\/wp\/v2\/product\/14869","targetHints":{"allow":["GET"]}}],"collection":[{"href":"https:\/\/sabanadelamartours.com\/de\/wp-json\/wp\/v2\/product"}],"about":[{"href":"https:\/\/sabanadelamartours.com\/de\/wp-json\/wp\/v2\/types\/product"}],"version-history":[{"count":1,"href":"https:\/\/sabanadelamartours.com\/de\/wp-json\/wp\/v2\/product\/14869\/revisions"}],"predecessor-version":[{"id":18661,"href":"https:\/\/sabanadelamartours.com\/de\/wp-json\/wp\/v2\/product\/14869\/revisions\/18661"}],"wp:featuredmedia":[{"embeddable":true,"href":"https:\/\/sabanadelamartours.com\/de\/wp-json\/wp\/v2\/media\/15085"}],"wp:attachment":[{"href":"https:\/\/sabanadelamartours.com\/de\/wp-json\/wp\/v2\/media?parent=14869"}],"wp:term":[{"taxonomy":"product_brand","embeddable":true,"href":"https:\/\/sabanadelamartours.com\/de\/wp-json\/wp\/v2\/product_brand?post=14869"},{"taxonomy":"product_cat","embeddable":true,"href":"https:\/\/sabanadelamartours.com\/de\/wp-json\/wp\/v2\/product_cat?post=14869"},{"taxonomy":"product_tag","embeddable":true,"href":"https:\/\/sabanadelamartours.com\/de\/wp-json\/wp\/v2\/product_tag?post=14869"}],"curies":[{"name":"wp","href":"https:\/\/api.w.org\/{rel}","templated":true}]}}