{"id":14883,"date":"2025-12-18T12:38:06","date_gmt":"2025-12-18T12:38:06","guid":{"rendered":"https:\/\/sabanadelamartours.com\/?post_type=product&#038;p=14883"},"modified":"2026-01-09T03:23:07","modified_gmt":"2026-01-09T03:23:07","slug":"el-limon-wasserfall-bacardi-island-ganztagiges-abenteuer","status":"publish","type":"product","link":"https:\/\/sabanadelamartours.com\/de\/tour\/el-limon-wasserfall-bacardi-island-ganztagiges-abenteuer\/","title":{"rendered":"Ganzt\u00e4giges Abenteuer am El Limon Wasserfall und auf der Bacardi Insel"},"content":{"rendered":"<p>Beginnen Sie Ihre Tour in einem der modernen Busse auf der neuen Stra\u00dfe zum Fischerdorf Miches. Genie\u00dfen Sie eine einst\u00fcndige Fahrt mit Blick auf die Landschaft entlang der K\u00fcste und das Anamuya-Gebirge.<\/p>\n<p>Steigen Sie an Bord des Katamarans in Las Canitas. Besuchen Sie den Wasserfall Salto El Limon und bewundern Sie die wundersch\u00f6ne, ruhige Lage. Nehmen Sie an einem unvergesslichen Abenteuer teil, das Sie auf die Halbinsel f\u00fchrt, wo die Berge bis zu 2.100 Fu\u00df in den Himmel ragen.<\/p>\n<p>Machen Sie einen Ausritt durch die unglaublich \u00fcppige Vegetation, Pflanzen, Kaffee, Kakao und eine Vielzahl von tropischen Fr\u00fcchten. Der 30-min\u00fctige Ritt bergauf zur Spitze des Wasserfalls bietet einen fesselnden Blick auf die umliegende Landschaft. Genie\u00dfen Sie anschlie\u00dfend das Mittagessen auf der Ranch.<\/p>\n<p>Nach dem Mittagessen bringt Sie Ihr Reiseleiter nach Cayo Levantado, einer wundersch\u00f6nen Insel inmitten des blauen und t\u00fcrkisfarbenen Wassers. Nehmen Sie sich Zeit zum Entspannen und Schwimmen, bevor Sie am Ende der Tour zur\u00fcck nach Las Canitas fahren.<\/p>","protected":false},"excerpt":{"rendered":"<div data-track=\"overview\" data-v-83a2b402=\"\">\n<section id=\"activity-overview\" class=\"activity-overview\" data-component=\"overview\" data-v-83a2b402=\"\" data-v-f3236c42=\"\">\n<p class=\"activity-overview__content\" data-test-id=\"activity-overview-content\" data-v-f3236c42=\"\">Bereiten Sie sich auf eine Katamaranfahrt mit unbegrenzten Getr\u00e4nken an Bord vor. Dann reiten Sie zu einer Ranch in der N\u00e4he von El Limon, um den spektakul\u00e4ren Wasserfall und ein leckeres Mittagessen zu genie\u00dfen. Erreichen Sie die sch\u00f6ne Cayo Levantado zum Schwimmen.<\/p>\n<\/section>\n<\/div>\n<div data-track=\"key-details\" data-v-83a2b402=\"\"><\/div>","protected":false},"featured_media":15101,"template":"","meta":[],"product_brand":[],"product_cat":[77],"product_tag":[101,102],"class_list":{"0":"post-14883","1":"product","2":"type-product","3":"status-publish","4":"has-post-thumbnail","6":"product_cat-uncategorized","7":"product_tag-excursion","8":"product_tag-tour","10":"first","11":"instock","12":"shipping-taxable","13":"product-type-external"},"_links":{"self":[{"href":"https:\/\/sabanadelamartours.com\/de\/wp-json\/wp\/v2\/product\/14883","targetHints":{"allow":["GET"]}}],"collection":[{"href":"https:\/\/sabanadelamartours.com\/de\/wp-json\/wp\/v2\/product"}],"about":[{"href":"https:\/\/sabanadelamartours.com\/de\/wp-json\/wp\/v2\/types\/product"}],"version-history":[{"count":1,"href":"https:\/\/sabanadelamartours.com\/de\/wp-json\/wp\/v2\/product\/14883\/revisions"}],"predecessor-version":[{"id":18662,"href":"https:\/\/sabanadelamartours.com\/de\/wp-json\/wp\/v2\/product\/14883\/revisions\/18662"}],"wp:featuredmedia":[{"embeddable":true,"href":"https:\/\/sabanadelamartours.com\/de\/wp-json\/wp\/v2\/media\/15101"}],"wp:attachment":[{"href":"https:\/\/sabanadelamartours.com\/de\/wp-json\/wp\/v2\/media?parent=14883"}],"wp:term":[{"taxonomy":"product_brand","embeddable":true,"href":"https:\/\/sabanadelamartours.com\/de\/wp-json\/wp\/v2\/product_brand?post=14883"},{"taxonomy":"product_cat","embeddable":true,"href":"https:\/\/sabanadelamartours.com\/de\/wp-json\/wp\/v2\/product_cat?post=14883"},{"taxonomy":"product_tag","embeddable":true,"href":"https:\/\/sabanadelamartours.com\/de\/wp-json\/wp\/v2\/product_tag?post=14883"}],"curies":[{"name":"wp","href":"https:\/\/api.w.org\/{rel}","templated":true}]}}