{"id":14908,"date":"2025-12-18T12:39:26","date_gmt":"2025-12-18T12:39:26","guid":{"rendered":"https:\/\/sabanadelamartours.com\/?post_type=product&#038;p=14908"},"modified":"2026-02-12T01:46:21","modified_gmt":"2026-02-12T01:46:21","slug":"reiten-am-strand-und-in-der-natur","status":"publish","type":"product","link":"https:\/\/sabanadelamartours.com\/de\/tour\/reiten-am-strand-und-in-der-natur\/","title":{"rendered":"Reiten am Strand und in der Natur"},"content":{"rendered":"<p><span style=\"font-family: 'book antiqua', palatino, serif;\">Entdecken Sie die Landschaft und Strand, der Ausflug dauert zwei Stunden eine Stunde Strand und eine andere Landschaft, verbringen Sie den Tag Reiten durch Strand und H\u00e4ngen von Puerto Plata auf diesem unvergesslichen immer wollte reiten und suchen einzigartige Erfahrung kommen mit unserem Unternehmen wir au\u00dferhalb des Hafens in Bernsteinbucht und Taino Bucht Hafen abholen. Genie\u00dfen Sie den Ausflug Reiten in der Landschaft und Strand nehmen Blick auf den Ozean kommen mit uns werden Sie wie ein K\u00f6nig und K\u00f6nigin f\u00fchlen Sie unsere Pferde lieben \ud83d\udc34<\/span><\/p>","protected":false},"excerpt":{"rendered":"<div data-track=\"overview\" data-v-83a2b402=\"\">\n<section id=\"activity-overview\" class=\"activity-overview\" data-component=\"overview\" data-v-83a2b402=\"\" data-v-f3236c42=\"\">\n<p class=\"activity-overview__content\" data-test-id=\"activity-overview-content\" data-v-f3236c42=\"\">Genie\u00dfen Sie den Ausflug Reiten in der Landschaft und Strand nehmen Blick auf den Ozean kommen mit uns werden Sie wie ein K\u00f6nig und K\u00f6nigin f\u00fchlen Sie unsere Pferde lieben \ud83d\udc34<\/p>\n<\/section>\n<\/div>\n<div data-track=\"key-details\" data-v-83a2b402=\"\"><\/div>","protected":false},"featured_media":13859,"template":"","meta":[],"product_brand":[],"product_cat":[97],"product_tag":[101,102],"class_list":{"0":"post-14908","1":"product","2":"type-product","3":"status-publish","4":"has-post-thumbnail","6":"product_cat-dominican-republic","7":"product_tag-excursion","8":"product_tag-tour","10":"first","11":"instock","12":"shipping-taxable","13":"product-type-external"},"_links":{"self":[{"href":"https:\/\/sabanadelamartours.com\/de\/wp-json\/wp\/v2\/product\/14908","targetHints":{"allow":["GET"]}}],"collection":[{"href":"https:\/\/sabanadelamartours.com\/de\/wp-json\/wp\/v2\/product"}],"about":[{"href":"https:\/\/sabanadelamartours.com\/de\/wp-json\/wp\/v2\/types\/product"}],"version-history":[{"count":1,"href":"https:\/\/sabanadelamartours.com\/de\/wp-json\/wp\/v2\/product\/14908\/revisions"}],"predecessor-version":[{"id":19060,"href":"https:\/\/sabanadelamartours.com\/de\/wp-json\/wp\/v2\/product\/14908\/revisions\/19060"}],"wp:featuredmedia":[{"embeddable":true,"href":"https:\/\/sabanadelamartours.com\/de\/wp-json\/wp\/v2\/media\/13859"}],"wp:attachment":[{"href":"https:\/\/sabanadelamartours.com\/de\/wp-json\/wp\/v2\/media?parent=14908"}],"wp:term":[{"taxonomy":"product_brand","embeddable":true,"href":"https:\/\/sabanadelamartours.com\/de\/wp-json\/wp\/v2\/product_brand?post=14908"},{"taxonomy":"product_cat","embeddable":true,"href":"https:\/\/sabanadelamartours.com\/de\/wp-json\/wp\/v2\/product_cat?post=14908"},{"taxonomy":"product_tag","embeddable":true,"href":"https:\/\/sabanadelamartours.com\/de\/wp-json\/wp\/v2\/product_tag?post=14908"}],"curies":[{"name":"wp","href":"https:\/\/api.w.org\/{rel}","templated":true}]}}