{"id":14938,"date":"2025-12-18T12:40:42","date_gmt":"2025-12-18T12:40:42","guid":{"rendered":"https:\/\/sabanadelamartours.com\/?post_type=product&#038;p=14938"},"modified":"2026-01-09T03:27:44","modified_gmt":"2026-01-09T03:27:44","slug":"-310","status":"publish","type":"product","link":"https:\/\/sabanadelamartours.com\/de\/tour\/-310\/","title":{"rendered":"Punta Cana Buggy-Abenteuer mit privatem H\u00f6hlen-Cenoten-Schwimmen"},"content":{"rendered":"<p>Machen Sie sich bereit f\u00fcr ein aufregendes Abenteuer, das Sie auf eine Reise durch die zerkl\u00fcftete Landschaft von Macao mitnimmt. Sie werden versteckte Pfade und abgelegene Dschungellandschaften erkunden, die Sie in ihren Bann ziehen werden.<\/p>\n<p>Das Abenteuer beginnt mit einem Abholservice von Ihrem Resort in Punta Cana. Dann steigen Sie in einen aufregenden Buggy, der als der beste in der Gegend gilt. W\u00e4hrend der gesamten Fahrt werden Sie von freundlichen und zweisprachigen Guides begleitet, die Ihnen die n\u00f6tige Ausr\u00fcstung zur Verf\u00fcgung stellen und eine Sicherheitseinweisung geben, um sicherzustellen, dass Sie auf das bevorstehende Abenteuer bestens vorbereitet sind.<\/p>\n<p>Sie k\u00f6nnen Ihr Abenteuer ganz nach Ihren W\u00fcnschen gestalten und haben die Wahl zwischen zwei Tourzeiten und drei Fahrzeugtypen. Egal, ob Sie sich allein am\u00fcsieren, das Erlebnis mit einem Freund teilen oder die ganze Familie mitnehmen m\u00f6chten - es ist f\u00fcr jeden etwas dabei.<\/p>\n<div class=\"toggle-content__content toggle-content__content--expanded toggle-content__content--packable\" data-v-59485d64=\"\">\n<div data-test-id=\"activity-full-description-text\" data-v-5835c99c=\"\">Machen Sie sich bereit f\u00fcr eine unvergessliche Reise, die Ihnen ein Leben lang in Erinnerung bleiben wird.<\/div>\n<\/div>\n<div class=\"toggle-content__label-placeholder\" data-v-59485d64=\"\"><\/div>","protected":false},"excerpt":{"rendered":"<div data-track=\"overview\" data-v-83a2b402=\"\">\n<section id=\"activity-overview\" class=\"activity-overview\" data-component=\"overview\" data-v-83a2b402=\"\" data-v-f3236c42=\"\">\n<p class=\"activity-overview__content\" data-test-id=\"activity-overview-content\" data-v-f3236c42=\"\">Machen Sie sich bereit f\u00fcr ein aufregendes Off-Road-Buggy-Abenteuer. Sie haben die M\u00f6glichkeit, einen verlassenen Steinbruch zu erkunden und in einer unterirdischen Cenote zu schwimmen, die Sie in ihren Bann ziehen wird.<\/p>\n<\/section>\n<\/div>\n<div data-track=\"key-details\" data-v-83a2b402=\"\"><\/div>","protected":false},"featured_media":15156,"template":"","meta":[],"product_brand":[],"product_cat":[77],"product_tag":[101,102],"class_list":{"0":"post-14938","1":"product","2":"type-product","3":"status-publish","4":"has-post-thumbnail","6":"product_cat-uncategorized","7":"product_tag-excursion","8":"product_tag-tour","10":"first","11":"instock","12":"shipping-taxable","13":"product-type-external"},"_links":{"self":[{"href":"https:\/\/sabanadelamartours.com\/de\/wp-json\/wp\/v2\/product\/14938","targetHints":{"allow":["GET"]}}],"collection":[{"href":"https:\/\/sabanadelamartours.com\/de\/wp-json\/wp\/v2\/product"}],"about":[{"href":"https:\/\/sabanadelamartours.com\/de\/wp-json\/wp\/v2\/types\/product"}],"version-history":[{"count":1,"href":"https:\/\/sabanadelamartours.com\/de\/wp-json\/wp\/v2\/product\/14938\/revisions"}],"predecessor-version":[{"id":18665,"href":"https:\/\/sabanadelamartours.com\/de\/wp-json\/wp\/v2\/product\/14938\/revisions\/18665"}],"wp:featuredmedia":[{"embeddable":true,"href":"https:\/\/sabanadelamartours.com\/de\/wp-json\/wp\/v2\/media\/15156"}],"wp:attachment":[{"href":"https:\/\/sabanadelamartours.com\/de\/wp-json\/wp\/v2\/media?parent=14938"}],"wp:term":[{"taxonomy":"product_brand","embeddable":true,"href":"https:\/\/sabanadelamartours.com\/de\/wp-json\/wp\/v2\/product_brand?post=14938"},{"taxonomy":"product_cat","embeddable":true,"href":"https:\/\/sabanadelamartours.com\/de\/wp-json\/wp\/v2\/product_cat?post=14938"},{"taxonomy":"product_tag","embeddable":true,"href":"https:\/\/sabanadelamartours.com\/de\/wp-json\/wp\/v2\/product_tag?post=14938"}],"curies":[{"name":"wp","href":"https:\/\/api.w.org\/{rel}","templated":true}]}}