{"id":14950,"date":"2025-12-18T12:41:12","date_gmt":"2025-12-18T12:41:12","guid":{"rendered":"https:\/\/sabanadelamartours.com\/?post_type=product&#038;p=14950"},"modified":"2026-01-09T03:30:07","modified_gmt":"2026-01-09T03:30:07","slug":"-313","status":"publish","type":"product","link":"https:\/\/sabanadelamartours.com\/de\/tour\/-313\/","title":{"rendered":"Jarabacoa: Baiguate Wasserfall ATV Tour mit Eintrittskarte"},"content":{"rendered":"<p>Wenn wir von Buggys sprechen, meinen wir ein gel\u00e4ndeg\u00e4ngiges Fahrzeug, das Sicherheit und einfache Handhabung bietet und dem Benutzer w\u00e4hrend der Fahrt mehr Kontakt mit dem Gel\u00e4nde und der Natur, die ihn umgibt, erm\u00f6glicht. Sp\u00fcren Sie die Brise, die Sonne, den Regen, sehen Sie die Landschaft an Ihrer Seite in einem komfortablen und sicheren Ger\u00e4t entwickelt, um den Waldweg und Off-Road zu genie\u00dfen.<\/p>\n<p>Wenn alle bereit sind, beginnen wir unsere Fahrt in einige l\u00e4ndliche Gegenden der Stadt Jarabacoa, w\u00e4hrend Sie mit Ihrem Buggy \u00fcber die holprigen Stra\u00dfen und die Bergluft der Landschaft im zentralen Norden des Landes fahren, um die Sch\u00f6nheit und die Natur durch dieses Abenteuer zu erleben.<\/p>\n<p>Einige der Orte, die Sie auf dieser Reise besuchen werden, sind La Confluencia, wo die Fl\u00fcsse Jimenoa und Yaque Del Norte zusammenflie\u00dfen, Cieneguita und Monte Arriba.<\/p>\n<p>Nach etwa 30 Kilometern Fahrt fahren wir zum Baiguate-Wasserfall, wo wir eine 10-min\u00fctige Wanderung machen und in den nat\u00fcrlichen Becken schwimmen k\u00f6nnen.<\/p>\n<p>During this part of your trip, you will be able to go swimming for about 1 hour and take a break to try out some fresh fruits harvested from Jarabacoa farmer\u2019s land every day. Baiguate has an 82 feet high fall and is the perfect place to relax a bit before going back to town.<\/p>\n<div class=\"toggle-content__content toggle-content__content--expanded toggle-content__content--packable\" data-v-59485d64=\"\">\n<div data-test-id=\"activity-full-description-text\" data-v-5835c99c=\"\">During this part of your trip, you will be able to go swimming for about 1 hour and take a break to try out some fresh fruits harvested from Jarabacoa farmer\u2019s land every day. Baiguate has an 82 feet high fall and is the perfect place to relax a bit before going back to town.<\/div>\n<\/div>\n<div class=\"toggle-content__label-placeholder\" data-v-59485d64=\"\"><\/div>","protected":false},"excerpt":{"rendered":"<div data-track=\"overview\" data-v-83a2b402=\"\">\n<section id=\"activity-overview\" class=\"activity-overview\" data-component=\"overview\" data-v-83a2b402=\"\" data-v-f3236c42=\"\">\n<p class=\"activity-overview__content\" data-test-id=\"activity-overview-content\" data-v-f3236c42=\"\">Explore the mountains of Jarabacoa on an ATV tour and go swimming with an entry ticket for Baiguate Waterfall. Splash in the water and enjoy freshly harvested fruits afterward.<\/p>\n<\/section>\n<\/div>\n<div data-track=\"key-details\" data-v-83a2b402=\"\"><\/div>","protected":false},"featured_media":15181,"template":"","meta":[],"product_brand":[],"product_cat":[97],"product_tag":[101,102],"class_list":{"0":"post-14950","1":"product","2":"type-product","3":"status-publish","4":"has-post-thumbnail","6":"product_cat-dominican-republic","7":"product_tag-excursion","8":"product_tag-tour","10":"first","11":"instock","12":"shipping-taxable","13":"product-type-external"},"_links":{"self":[{"href":"https:\/\/sabanadelamartours.com\/de\/wp-json\/wp\/v2\/product\/14950","targetHints":{"allow":["GET"]}}],"collection":[{"href":"https:\/\/sabanadelamartours.com\/de\/wp-json\/wp\/v2\/product"}],"about":[{"href":"https:\/\/sabanadelamartours.com\/de\/wp-json\/wp\/v2\/types\/product"}],"version-history":[{"count":1,"href":"https:\/\/sabanadelamartours.com\/de\/wp-json\/wp\/v2\/product\/14950\/revisions"}],"predecessor-version":[{"id":18666,"href":"https:\/\/sabanadelamartours.com\/de\/wp-json\/wp\/v2\/product\/14950\/revisions\/18666"}],"wp:featuredmedia":[{"embeddable":true,"href":"https:\/\/sabanadelamartours.com\/de\/wp-json\/wp\/v2\/media\/15181"}],"wp:attachment":[{"href":"https:\/\/sabanadelamartours.com\/de\/wp-json\/wp\/v2\/media?parent=14950"}],"wp:term":[{"taxonomy":"product_brand","embeddable":true,"href":"https:\/\/sabanadelamartours.com\/de\/wp-json\/wp\/v2\/product_brand?post=14950"},{"taxonomy":"product_cat","embeddable":true,"href":"https:\/\/sabanadelamartours.com\/de\/wp-json\/wp\/v2\/product_cat?post=14950"},{"taxonomy":"product_tag","embeddable":true,"href":"https:\/\/sabanadelamartours.com\/de\/wp-json\/wp\/v2\/product_tag?post=14950"}],"curies":[{"name":"wp","href":"https:\/\/api.w.org\/{rel}","templated":true}]}}