{"id":14970,"date":"2025-12-18T12:42:05","date_gmt":"2025-12-18T12:42:05","guid":{"rendered":"https:\/\/sabanadelamartours.com\/?post_type=product&#038;p=14970"},"modified":"2026-02-12T03:09:00","modified_gmt":"2026-02-12T03:09:00","slug":"-314","status":"publish","type":"product","link":"https:\/\/sabanadelamartours.com\/de\/tour\/-314\/","title":{"rendered":"Privater Transfer von Bahia Principe Esmeralda nach SDQ"},"content":{"rendered":"<p>Punta Cana Transfer ist ein f\u00fchrendes Unternehmen im Bereich des privaten Transports in ganz Punta Cana. Als Unternehmen haben wir \u00fcber 4 Jahre Erfahrung und \u00fcber 1000 5-Sterne-Bewertungen auf TripAdvisor. Genie\u00dfen Sie die Bequemlichkeit, die sich daraus ergibt, dass Sie vor, w\u00e4hrend und nach Ihrer Reise von Ihrem eigenen Kundendienstmitarbeiter betreut werden. Keine Tickets, kein Warten auf E-Mails oder lange Warteschlangen, die gesamte Kommunikation erfolgt sofort und per SMS. Ihr Fahrer wartet bei Ihrer Ankunft mit einem Schild auf Sie und bringt Sie direkt zu Ihrem Urlaubsort, ohne unerw\u00fcnschte Stopps oder \u00dcberraschungen. Buchen Sie Ihre Fahrt und fahren Sie direkt vom Flughafen Santo Domingo zum Bahia Principe Esmeralda oder vom Bahia Principe Esmeralda zum Flughafen Santo Domingo, um Ihren Flug zu erreichen.<\/p>","protected":false},"excerpt":{"rendered":"<div data-track=\"overview\" data-v-83a2b402=\"\">\n<section id=\"activity-overview\" class=\"activity-overview\" data-component=\"overview\" data-v-83a2b402=\"\" data-v-f3236c42=\"\">\n<p class=\"activity-overview__content\" data-test-id=\"activity-overview-content\" data-v-f3236c42=\"\">Buchen Sie jetzt und Ihr Fahrer wird zur vereinbarten Zeit in der Lobby mit einem Schild mit Ihrem Namen auftauchen, damit Sie Ihr Fahrzeug schnell identifizieren und zum Flughafen fahren k\u00f6nnen.<\/p>\n<\/section>\n<\/div>\n<div data-track=\"key-details\" data-v-83a2b402=\"\"><\/div>","protected":false},"featured_media":15182,"template":"","meta":[],"product_brand":[],"product_cat":[97],"product_tag":[101,102],"class_list":{"0":"post-14970","1":"product","2":"type-product","3":"status-publish","4":"has-post-thumbnail","6":"product_cat-dominican-republic","7":"product_tag-excursion","8":"product_tag-tour","10":"first","11":"instock","12":"shipping-taxable","13":"product-type-external"},"_links":{"self":[{"href":"https:\/\/sabanadelamartours.com\/de\/wp-json\/wp\/v2\/product\/14970","targetHints":{"allow":["GET"]}}],"collection":[{"href":"https:\/\/sabanadelamartours.com\/de\/wp-json\/wp\/v2\/product"}],"about":[{"href":"https:\/\/sabanadelamartours.com\/de\/wp-json\/wp\/v2\/types\/product"}],"version-history":[{"count":1,"href":"https:\/\/sabanadelamartours.com\/de\/wp-json\/wp\/v2\/product\/14970\/revisions"}],"predecessor-version":[{"id":19066,"href":"https:\/\/sabanadelamartours.com\/de\/wp-json\/wp\/v2\/product\/14970\/revisions\/19066"}],"wp:featuredmedia":[{"embeddable":true,"href":"https:\/\/sabanadelamartours.com\/de\/wp-json\/wp\/v2\/media\/15182"}],"wp:attachment":[{"href":"https:\/\/sabanadelamartours.com\/de\/wp-json\/wp\/v2\/media?parent=14970"}],"wp:term":[{"taxonomy":"product_brand","embeddable":true,"href":"https:\/\/sabanadelamartours.com\/de\/wp-json\/wp\/v2\/product_brand?post=14970"},{"taxonomy":"product_cat","embeddable":true,"href":"https:\/\/sabanadelamartours.com\/de\/wp-json\/wp\/v2\/product_cat?post=14970"},{"taxonomy":"product_tag","embeddable":true,"href":"https:\/\/sabanadelamartours.com\/de\/wp-json\/wp\/v2\/product_tag?post=14970"}],"curies":[{"name":"wp","href":"https:\/\/api.w.org\/{rel}","templated":true}]}}