{"id":15134,"date":"2025-12-18T12:49:26","date_gmt":"2025-12-18T12:49:26","guid":{"rendered":"https:\/\/sabanadelamartours.com\/?post_type=product&#038;p=15134"},"modified":"2026-02-12T03:23:58","modified_gmt":"2026-02-12T03:23:58","slug":"altos-de-chavon-halbtagige-tour-von-punta-cana","status":"publish","type":"product","link":"https:\/\/sabanadelamartours.com\/de\/tour\/altos-de-chavon-halbtagige-tour-von-punta-cana\/","title":{"rendered":"Altos De Chav\u00f3n: Halbtagestour von Punta Cana"},"content":{"rendered":"<p>Begeben Sie sich auf eine bereichernde Reise nach Altos de Chav\u00f3n, einem malerischen Dorf inmitten der dominikanischen Landschaft. Ihr Abenteuer beginnt mit einem komfortablen Hin- und R\u00fccktransport von Punta Cana, der die Grundlage f\u00fcr einen Tag voller Erkundungen und Entdeckungen bildet.<\/p>\n<p>Bei Ihrer Ankunft werden Sie von den charmanten Kopfsteinpflasterstra\u00dfen und der mediterran inspirierten Architektur von Altos de Chav\u00f3n begr\u00fc\u00dft. Begleiten Sie Ihren sachkundigen Reiseleiter auf einer gef\u00fchrten Tour durch dieses bezaubernde Dorf, in dem jede Ecke eine Geschichte aus vergangenen Jahrhunderten erz\u00e4hlt.<\/p>\n<p>Ihr erster Halt ist die ikonische Iglesia San Estanislao, eine beeindruckende Kirche mit Panoramablick auf die umliegende Landschaft. Hier erfahren Sie mehr \u00fcber die Geschichte und Bedeutung dieses architektonischen Juwels, das von der dominikanischen Kultur und Tradition gepr\u00e4gt ist.<\/p>\n<p>Als N\u00e4chstes tauchen Sie im Museo Arqueol\u00f3gico in die faszinierende Welt der Arch\u00e4ologie ein, wo alte Artefakte und Exponate die indigene Taino-Kultur und das reiche Erbe der Insel beleuchten. Tauchen Sie in die Vergangenheit ein, w\u00e4hrend Sie die Sammlungen des Museums erkunden und die Geheimnisse der dominikanischen Geschichte l\u00fcften.<\/p>\n<p>Setzen Sie Ihre Reise mit einem Besuch des Museo del \u00c1mbar y Larimar Dominicano fort, wo Sie die einzigartigen geologischen Sch\u00e4tze entdecken, f\u00fcr die die Dominikanische Republik ber\u00fchmt ist. Erfahren Sie mehr \u00fcber die Gewinnung und Verarbeitung von Bernstein und Larimar, zwei Edelsteinen, die ausschlie\u00dflich in der Karibik vorkommen.<\/p>\n<p>Wenn Sie durch Altos de Chav\u00f3n wandern, sollten Sie sich die Gelegenheit nicht entgehen lassen, die atemberaubende Aussicht vom Mirador al R\u00edo Chav\u00f3n zu bewundern, einem Aussichtspunkt, der einen Panoramablick auf den Fluss Chav\u00f3n bietet, der sich durch die \u00fcppige Landschaft unter Ihnen schl\u00e4ngelt.<\/p>\n<p>Erleben Sie den Zauber der Kulturszene von Altos de Chav\u00f3n bei einem Besuch des Anfiteatro, einem beeindruckenden Amphitheater, in dem schon weltbekannte K\u00fcnstler und Interpreten aufgetreten sind. Bestaunen Sie die architektonische Sch\u00f6nheit dieses Freilufttheaters und stellen Sie sich die lebhaften Konzerte und Veranstaltungen vor, die hier stattgefunden haben.<\/p>\n<p>Bevor Sie Ihre Tour beenden, sollten Sie sich etwas Zeit nehmen, um in den \u00f6rtlichen Souvenirl\u00e4den zu st\u00f6bern, wo Sie einzigartige Souvenirs und Kunsthandwerk finden, das Sie an Ihren Besuch in Altos de Chav\u00f3n erinnern wird. Von handgefertigter Keramik bis hin zu kunstvoll gewebten Textilien ist f\u00fcr jeden etwas dabei, das er zu sch\u00e4tzen wei\u00df.<\/p>\n<p>Wenn sich der Tag dem Ende zuneigt, denken Sie \u00fcber die Sch\u00f6nheit und die Geschichte nach, die Sie w\u00e4hrend Ihrer Zeit in Altos de Chav\u00f3n erlebt haben. Steigen Sie in Ihren Bus zur\u00fcck nach Punta Cana, erf\u00fcllt von den Erinnerungen an eine unvergessliche Reise durch das Herz der Dominikanischen Republik.<\/p>","protected":false},"excerpt":{"rendered":"<div data-track=\"overview\" data-v-83a2b402=\"\">\n<section id=\"activity-overview\" class=\"activity-overview\" data-component=\"overview\" data-v-83a2b402=\"\" data-v-f3236c42=\"\">\n<p class=\"activity-overview__content\" data-test-id=\"activity-overview-content\" data-v-f3236c42=\"\">Erkunden Sie die reiche Geschichte und die atemberaubenden Landschaften von Altos de Chav\u00f3n bei von Experten gef\u00fchrten Touren zu Sehensw\u00fcrdigkeiten, Museen, Aussichtspunkten und vielem mehr.<\/p>\n<\/section>\n<\/div>\n<div data-track=\"key-details\" data-v-83a2b402=\"\"><\/div>","protected":false},"featured_media":15358,"template":"","meta":[],"product_brand":[],"product_cat":[97],"product_tag":[101,102],"class_list":{"0":"post-15134","1":"product","2":"type-product","3":"status-publish","4":"has-post-thumbnail","6":"product_cat-dominican-republic","7":"product_tag-excursion","8":"product_tag-tour","10":"first","11":"instock","12":"shipping-taxable","13":"product-type-external"},"_links":{"self":[{"href":"https:\/\/sabanadelamartours.com\/de\/wp-json\/wp\/v2\/product\/15134","targetHints":{"allow":["GET"]}}],"collection":[{"href":"https:\/\/sabanadelamartours.com\/de\/wp-json\/wp\/v2\/product"}],"about":[{"href":"https:\/\/sabanadelamartours.com\/de\/wp-json\/wp\/v2\/types\/product"}],"version-history":[{"count":2,"href":"https:\/\/sabanadelamartours.com\/de\/wp-json\/wp\/v2\/product\/15134\/revisions"}],"predecessor-version":[{"id":19086,"href":"https:\/\/sabanadelamartours.com\/de\/wp-json\/wp\/v2\/product\/15134\/revisions\/19086"}],"wp:featuredmedia":[{"embeddable":true,"href":"https:\/\/sabanadelamartours.com\/de\/wp-json\/wp\/v2\/media\/15358"}],"wp:attachment":[{"href":"https:\/\/sabanadelamartours.com\/de\/wp-json\/wp\/v2\/media?parent=15134"}],"wp:term":[{"taxonomy":"product_brand","embeddable":true,"href":"https:\/\/sabanadelamartours.com\/de\/wp-json\/wp\/v2\/product_brand?post=15134"},{"taxonomy":"product_cat","embeddable":true,"href":"https:\/\/sabanadelamartours.com\/de\/wp-json\/wp\/v2\/product_cat?post=15134"},{"taxonomy":"product_tag","embeddable":true,"href":"https:\/\/sabanadelamartours.com\/de\/wp-json\/wp\/v2\/product_tag?post=15134"}],"curies":[{"name":"wp","href":"https:\/\/api.w.org\/{rel}","templated":true}]}}