{"id":15176,"date":"2025-12-18T12:51:05","date_gmt":"2025-12-18T12:51:05","guid":{"rendered":"https:\/\/sabanadelamartours.com\/?post_type=product&#038;p=15176"},"modified":"2026-01-09T03:58:17","modified_gmt":"2026-01-09T03:58:17","slug":"los-haitises-4-hohlen-expedition-regenwald-wanderung","status":"publish","type":"product","link":"https:\/\/sabanadelamartours.com\/de\/tour\/los-haitises-4-hohlen-expedition-regenwald-wanderung\/","title":{"rendered":"Los Haitises 4 H\u00f6hlen Expedition &amp; Regenwald Wanderung"},"content":{"rendered":"<p>Los Haitises National Park Diese Reise wird in H\u00f6hlen Expedition plus Regenwald konzentrieren.<\/p>\n<p>Der Nationalpark Los Haitises (dessen Name in der Sprache der alten Tainos \u201cHochland\u201d oder \u201cBerg\u201d bedeutet) ist eine der wichtigsten gesch\u00fctzten Naturlandschaften der Dominikanischen Republik. Er erstreckt sich \u00fcber eine Fl\u00e4che von rund 1 600 km2, die Teil eines riesigen Karstsystems ist, das vor 50 Millionen Jahren entstanden ist, und umfasst ein reichhaltiges Mosaik von Meeres- und Land\u00f6kosystemen: Flussm\u00fcndungen, Meeresarme, Buchten, Kegel und Mogotes - die merkw\u00fcrdigen, kegelf\u00f6rmigen Felsformationen, die die Landschaft des Gebiets pr\u00e4gen - sowie Dolinen, Mangroven usw. Mit anderen Worten: Ein riesiger Park voller nat\u00fcrlicher Attraktionen, in dem Sie einzigartige Abenteuer erleben k\u00f6nnen.<\/p>\n<p>Abgesehen von seinem unbestreitbaren Reichtum ist dieser gro\u00dfartige Nationalpark auch ein idealer Ort, um das reiche (sowohl heutige als auch vorspanische) kulturelle Erbe der Dominikanischen Republik zu entdecken. Orte wie Sabana de la Mar zeigen den modernen Charme der Dominikanischen Republik, aber in fast 100 H\u00f6hlen, die \u00fcber den Park verstreut sind, k\u00f6nnen Sie die gr\u00f6\u00dfte Sammlung pr\u00e4historischer Malereien des Landes entdecken, ein unsch\u00e4tzbares Erbe alter, pr\u00e4kolumbianischer Zivilisationen.<\/p>\n<p>Los Haitises bietet alle Arten von Erlebnissen, von aufregenden Abenteuern bis hin zu Besuchen, bei denen die Naturwunder oder die arch\u00e4ologischen Sch\u00e4tze der Region im Mittelpunkt stehen. Nat\u00fcrlich k\u00f6nnen Sie auch eine Mischung aus all diesen M\u00f6glichkeiten w\u00e4hlen und so den Reichtum des Parks im Allgemeinen besser kennenlernen.<\/p>\n<p>Eines der Merkmale der Karstlandschaft des Parks - vom Wasser erodierte Kalksteinfelsen - ist die Bildung von H\u00f6hlen unterschiedlicher Gr\u00f6\u00dfe, die eine der Hauptattraktionen von Los Haiteses darstellen. Die H\u00f6hlen sind eine der Hauptattraktionen von Los Haiteses. Sie ziehen die Besucher aus zwei Gr\u00fcnden an: erstens wegen ihres immensen nat\u00fcrlichen Reichtums und der Sch\u00f6nheit ihrer Felsformationen. Der zweite und vielleicht noch wichtigere Grund ist, dass viele dieser H\u00f6hlen erstaunliche Sammlungen von Piktogrammen und Petroglyphen enthalten, die vor Hunderten (oder sogar Tausenden) von Jahren von den urspr\u00fcnglichen Bewohnern der Insel La Espa\u00f1ola geschaffen wurden. Orte wie die H\u00f6hlen von La Reyna, La Arena, San Gabriel, Willi und La L\u00ednea sind wahre Galerien mit \u00e4u\u00dferst beeindruckenden H\u00f6hlenmalereien, die kein Besucher verpassen sollte.<\/p>\n<p>Der Nationalpark Los Haitises ist das ganze Jahr \u00fcber ge\u00f6ffnet, aber wenn Sie besonders vorsichtig sein, die Wahrscheinlichkeit von Regen minimieren und weniger extreme Temperaturen genie\u00dfen m\u00f6chten, sollten Sie Ihren Besuch zwischen November und April planen. Im Sommer ist es hier hei\u00dfer und feucht.<\/p>","protected":false},"excerpt":{"rendered":"<div data-track=\"overview\" data-v-83a2b402=\"\">\n<section id=\"activity-overview\" class=\"activity-overview\" data-component=\"overview\" data-v-83a2b402=\"\" data-v-f3236c42=\"\">\n<p class=\"activity-overview__content\" data-test-id=\"activity-overview-content\" data-v-f3236c42=\"\">Besuch von 4 H\u00f6hlen im Los Haitises National Park. Fokus auf die Kultur der Tainos und die Tierwelt des Los Haitises Nationalparks. Mangroven, H\u00f6hlen &amp; Inseln.<\/p>\n<\/section>\n<\/div>\n<div data-track=\"key-details\" data-v-83a2b402=\"\"><\/div>","protected":false},"featured_media":15401,"template":"","meta":[],"product_brand":[],"product_cat":[97],"product_tag":[101,102],"class_list":{"0":"post-15176","1":"product","2":"type-product","3":"status-publish","4":"has-post-thumbnail","6":"product_cat-dominican-republic","7":"product_tag-excursion","8":"product_tag-tour","10":"first","11":"instock","12":"shipping-taxable","13":"product-type-external"},"_links":{"self":[{"href":"https:\/\/sabanadelamartours.com\/de\/wp-json\/wp\/v2\/product\/15176","targetHints":{"allow":["GET"]}}],"collection":[{"href":"https:\/\/sabanadelamartours.com\/de\/wp-json\/wp\/v2\/product"}],"about":[{"href":"https:\/\/sabanadelamartours.com\/de\/wp-json\/wp\/v2\/types\/product"}],"version-history":[{"count":1,"href":"https:\/\/sabanadelamartours.com\/de\/wp-json\/wp\/v2\/product\/15176\/revisions"}],"predecessor-version":[{"id":18678,"href":"https:\/\/sabanadelamartours.com\/de\/wp-json\/wp\/v2\/product\/15176\/revisions\/18678"}],"wp:featuredmedia":[{"embeddable":true,"href":"https:\/\/sabanadelamartours.com\/de\/wp-json\/wp\/v2\/media\/15401"}],"wp:attachment":[{"href":"https:\/\/sabanadelamartours.com\/de\/wp-json\/wp\/v2\/media?parent=15176"}],"wp:term":[{"taxonomy":"product_brand","embeddable":true,"href":"https:\/\/sabanadelamartours.com\/de\/wp-json\/wp\/v2\/product_brand?post=15176"},{"taxonomy":"product_cat","embeddable":true,"href":"https:\/\/sabanadelamartours.com\/de\/wp-json\/wp\/v2\/product_cat?post=15176"},{"taxonomy":"product_tag","embeddable":true,"href":"https:\/\/sabanadelamartours.com\/de\/wp-json\/wp\/v2\/product_tag?post=15176"}],"curies":[{"name":"wp","href":"https:\/\/api.w.org\/{rel}","templated":true}]}}