{"id":15204,"date":"2025-12-18T12:52:22","date_gmt":"2025-12-18T12:52:22","guid":{"rendered":"https:\/\/sabanadelamartours.com\/?post_type=product&#038;p=15204"},"modified":"2026-02-12T04:17:07","modified_gmt":"2026-02-12T04:17:07","slug":"vip-puerto-plata-stadtrundfahrt-privat-und-anpassbar","status":"publish","type":"product","link":"https:\/\/sabanadelamartours.com\/de\/tour\/vip-puerto-plata-stadtrundfahrt-privat-und-anpassbar\/","title":{"rendered":"VIP Puerto Plata Stadtrundfahrt privat und individuell anpassbar."},"content":{"rendered":"<div class=\"toggle-content__content toggle-content__content--expanded toggle-content__content--packable\" data-v-59485d64=\"\">\n<div data-test-id=\"activity-full-description-text\" data-v-5835c99c=\"\">Sie werden mit dominikanischer Geschichte, nationalen Getr\u00e4nken und einem k\u00f6stlichen typischen Mittagessen unterhalten, besichtigen die Festung San Felipe, die 1577 zum Schutz des Hafens vor Piraten gebaut wurde, besuchen eine Zigarrenfabrik, ein Bernstein- und Larimar-Museum, wo Sie Informationen \u00fcber diese alten Steine erhalten k\u00f6nnen. Sie werden die Gelegenheit haben, die Stra\u00dfe der Regenschirme und die ber\u00fchmte rosa Stra\u00dfe zu Ehren von Do\u00f1a Blanca zu sehen, die Stra\u00dfe der Chichiguas, einen Besuch auf dem nationalen Markt, um das t\u00e4gliche Leben der Einheimischen zu sehen und zu genie\u00dfen. Sie werden auch den von viktorianischen H\u00e4usern umgebenen zentralen Park und die 1502 gegr\u00fcndete Kathedrale San Felipe besuchen. Zus\u00e4tzlich zu den Souvenir-Platz f\u00fcr Geschenke und zur Erinnerung an Ihren Besuch, ein letzter Halt am Strand zu erinnern, k\u00f6nnen wir Sie in den sch\u00f6nen Farben unserer Stadt eintauchen. .<\/div>\n<\/div>\n<div class=\"toggle-content__label-placeholder\" data-v-59485d64=\"\"><\/div>","protected":false},"excerpt":{"rendered":"<div data-track=\"overview\" data-v-83a2b402=\"\">\n<section id=\"activity-overview\" class=\"activity-overview\" data-component=\"overview\" data-v-83a2b402=\"\" data-v-f3236c42=\"\">\n<p class=\"activity-overview__content\" data-test-id=\"activity-overview-content\" data-v-f3236c42=\"\">Sie w\u00e4hlen aus, welche Orte Sie besuchen m\u00f6chten, damit Sie jeden Halt in vollen Z\u00fcgen genie\u00dfen k\u00f6nnen. Sie bestimmen auch den Zeitpunkt des Beginns. Dies ist eine Tour, bei der Sie die Stadt kennenlernen und eine unvergessliche Erfahrung machen k\u00f6nnen.<\/p>\n<\/section>\n<\/div>\n<div data-track=\"key-details\" data-v-83a2b402=\"\"><\/div>","protected":false},"featured_media":15437,"template":"","meta":[],"product_brand":[],"product_cat":[216],"product_tag":[101,102],"class_list":{"0":"post-15204","1":"product","2":"type-product","3":"status-publish","4":"has-post-thumbnail","6":"product_cat-dominican","7":"product_tag-excursion","8":"product_tag-tour","10":"first","11":"instock","12":"shipping-taxable","13":"product-type-external"},"_links":{"self":[{"href":"https:\/\/sabanadelamartours.com\/de\/wp-json\/wp\/v2\/product\/15204","targetHints":{"allow":["GET"]}}],"collection":[{"href":"https:\/\/sabanadelamartours.com\/de\/wp-json\/wp\/v2\/product"}],"about":[{"href":"https:\/\/sabanadelamartours.com\/de\/wp-json\/wp\/v2\/types\/product"}],"version-history":[{"count":2,"href":"https:\/\/sabanadelamartours.com\/de\/wp-json\/wp\/v2\/product\/15204\/revisions"}],"predecessor-version":[{"id":19092,"href":"https:\/\/sabanadelamartours.com\/de\/wp-json\/wp\/v2\/product\/15204\/revisions\/19092"}],"wp:featuredmedia":[{"embeddable":true,"href":"https:\/\/sabanadelamartours.com\/de\/wp-json\/wp\/v2\/media\/15437"}],"wp:attachment":[{"href":"https:\/\/sabanadelamartours.com\/de\/wp-json\/wp\/v2\/media?parent=15204"}],"wp:term":[{"taxonomy":"product_brand","embeddable":true,"href":"https:\/\/sabanadelamartours.com\/de\/wp-json\/wp\/v2\/product_brand?post=15204"},{"taxonomy":"product_cat","embeddable":true,"href":"https:\/\/sabanadelamartours.com\/de\/wp-json\/wp\/v2\/product_cat?post=15204"},{"taxonomy":"product_tag","embeddable":true,"href":"https:\/\/sabanadelamartours.com\/de\/wp-json\/wp\/v2\/product_tag?post=15204"}],"curies":[{"name":"wp","href":"https:\/\/api.w.org\/{rel}","templated":true}]}}