{"id":15212,"date":"2025-12-18T12:52:44","date_gmt":"2025-12-18T12:52:44","guid":{"rendered":"https:\/\/sabanadelamartours.com\/?post_type=product&#038;p=15212"},"modified":"2026-02-12T04:17:59","modified_gmt":"2026-02-12T04:17:59","slug":"ab-punta-cana-santo-domingo-ganztagesausflug-mit-mittagessen","status":"publish","type":"product","link":"https:\/\/sabanadelamartours.com\/de\/tour\/ab-punta-cana-santo-domingo-ganztagesausflug-mit-mittagessen\/","title":{"rendered":"Von Punta Cana: Santo Domingo Ganztagesausflug mit Mittagessen"},"content":{"rendered":"<p>Nehmen Sie an einem ganzt\u00e4gigen Ausflug teil, der von B\u00e1varo und Bayahibe aus \u00fcber die neue Autov\u00eda del Este f\u00fchrt. Spazieren Sie durch den kopfsteingepflasterten historischen Kern von Santo Domingo und besuchen Sie die Kathedrale. Sehen Sie sich ikonische Orte wie den Alc\u00e1zar de Col\u00f3n-Palast, das Nationale Pantheon und Los Tres Ojos an.<\/p>\n<p>Nach Ihrer Ankunft in Santo Domingo machen Sie sich auf den Weg zu Ihrem ersten Halt, der Kalksteinh\u00f6hle und den Seen von Los Tres Ojos, die unter freiem Himmel liegen. Setzen Sie die Tour fort, bis Sie den Leuchtturm von Col\u00f3n erreichen. H\u00f6ren Sie sich die Geschichte des Leuchtturms an und machen Sie Fotos von der Aussicht um Sie herum.<\/p>\n<p>Bummeln Sie \u00fcber die von Kaffee ges\u00e4umte Plaza de Espa\u00f1a und die Kolonialzone. Besichtigen Sie den Palast Alc\u00e1zar de Col\u00f3n, der heute eines der vielen Museen der Stadt ist, in dem Kunst aus dem Mittelalter und der Renaissance ausgestellt wird. Erfahren Sie mehr \u00fcber die Vergangenheit und Gegenwart der \u00e4ltesten Stadt Amerikas.<\/p>\n<p>Mittagessen am Buffet in einem Restaurant in der Kolonialzone. Huldigen Sie der ersten Kathedrale Amerikas. Weiter geht es zur ersten Stra\u00dfe, der Calle de Las Damas, und anderen kolonialen Monumenten aus dem 15. und 16.<\/p>\n<div class=\"toggle-content__content toggle-content__content--expanded toggle-content__content--packable\" data-v-59485d64=\"\">\n<div data-test-id=\"activity-full-description-text\" data-v-5835c99c=\"\">Genie\u00dfen Sie einen Panoramablick auf die moderne Stadt, die Wohngebiete und den Pr\u00e4sidentenpalast. Genie\u00dfen Sie die freie Zeit f\u00fcr einen Spaziergang durch El Conde, wo Sie alte Geb\u00e4ude sehen oder einkaufen k\u00f6nnen.<\/div>\n<\/div>\n<div class=\"toggle-content__label-placeholder\" data-v-59485d64=\"\"><\/div>","protected":false},"excerpt":{"rendered":"<div data-track=\"overview\" data-v-83a2b402=\"\">\n<section id=\"activity-overview\" class=\"activity-overview\" data-component=\"overview\" data-v-83a2b402=\"\" data-v-f3236c42=\"\">\n<p class=\"activity-overview__content\" data-test-id=\"activity-overview-content\" data-v-f3236c42=\"\">Entdecken Sie die Hauptstadt der Dominikanischen Republik und eine der \u00e4ltesten St\u00e4dte der Karibik auf dieser 9,5-st\u00fcndigen gef\u00fchrten Tour durch Santo Domingo.<\/p>\n<\/section>\n<\/div>\n<div data-track=\"key-details\" data-v-83a2b402=\"\"><\/div>","protected":false},"featured_media":15454,"template":"","meta":[],"product_brand":[],"product_cat":[216],"product_tag":[101,102],"class_list":{"0":"post-15212","1":"product","2":"type-product","3":"status-publish","4":"has-post-thumbnail","6":"product_cat-dominican","7":"product_tag-excursion","8":"product_tag-tour","10":"first","11":"instock","12":"shipping-taxable","13":"product-type-external"},"_links":{"self":[{"href":"https:\/\/sabanadelamartours.com\/de\/wp-json\/wp\/v2\/product\/15212","targetHints":{"allow":["GET"]}}],"collection":[{"href":"https:\/\/sabanadelamartours.com\/de\/wp-json\/wp\/v2\/product"}],"about":[{"href":"https:\/\/sabanadelamartours.com\/de\/wp-json\/wp\/v2\/types\/product"}],"version-history":[{"count":1,"href":"https:\/\/sabanadelamartours.com\/de\/wp-json\/wp\/v2\/product\/15212\/revisions"}],"predecessor-version":[{"id":19093,"href":"https:\/\/sabanadelamartours.com\/de\/wp-json\/wp\/v2\/product\/15212\/revisions\/19093"}],"wp:featuredmedia":[{"embeddable":true,"href":"https:\/\/sabanadelamartours.com\/de\/wp-json\/wp\/v2\/media\/15454"}],"wp:attachment":[{"href":"https:\/\/sabanadelamartours.com\/de\/wp-json\/wp\/v2\/media?parent=15212"}],"wp:term":[{"taxonomy":"product_brand","embeddable":true,"href":"https:\/\/sabanadelamartours.com\/de\/wp-json\/wp\/v2\/product_brand?post=15212"},{"taxonomy":"product_cat","embeddable":true,"href":"https:\/\/sabanadelamartours.com\/de\/wp-json\/wp\/v2\/product_cat?post=15212"},{"taxonomy":"product_tag","embeddable":true,"href":"https:\/\/sabanadelamartours.com\/de\/wp-json\/wp\/v2\/product_tag?post=15212"}],"curies":[{"name":"wp","href":"https:\/\/api.w.org\/{rel}","templated":true}]}}