{"id":15234,"date":"2025-12-18T12:53:32","date_gmt":"2025-12-18T12:53:32","guid":{"rendered":"https:\/\/sabanadelamartours.com\/?post_type=product&#038;p=15234"},"modified":"2026-02-12T04:21:35","modified_gmt":"2026-02-12T04:21:35","slug":"flusshohle-und-strand-von-macao-halbtagiges-quad-abenteuer","status":"publish","type":"product","link":"https:\/\/sabanadelamartours.com\/de\/tour\/flusshohle-und-strand-von-macao-halbtagiges-quad-abenteuer\/","title":{"rendered":"Flussh\u00f6hle und Macao Beach Halbtages-Quadbike-Abenteuer"},"content":{"rendered":"<p>Ein spannendes und lustiges Abenteuer, wo Sie Buggys Teil der dominikanischen Kultur treffen, wie es ist, Kaffee, Kakao, Schnupftabak und deren Prozess sowie den Besuch in Macao und seine sch\u00f6nen Strand und kristallklarem Wasser. Genie\u00dfen Sie ein spannendes Abenteuer Buggys, wo Sie die atemberaubende Landschaft von Macao Strand bewundern und schwimmen in seinem Wasser erstaunlich. Dies wird ein unvergessliches und verr\u00fccktes halbt\u00e4giges Abenteuer sein, das auf Pfaden in der dominikanischen Landschaft stattfinden wird. Wir werden auch einen Halt an einem typisch dominikanischen Haus zu beobachten, wie hergestellt Kakao, Kaffee, w\u00e4hrend immer noch in der Lage, in eine neue Welt der Aromen und Ger\u00fcche erfreuen. Dann fahren wir weiter, bis Sie eine unterirdische H\u00f6hle mit kristallklarem Wasser erreichen, wo Sie ein Bad genie\u00dfen k\u00f6nnen. Ein Tag voller Spa\u00df f\u00fcr diejenigen, die eine Tour suchen, um die nat\u00fcrliche Sch\u00f6nheit der Dominikanischen Republik zu sehen.<\/p>","protected":false},"excerpt":{"rendered":"<div data-track=\"overview\" data-v-83a2b402=\"\">\n<section id=\"activity-overview\" class=\"activity-overview\" data-component=\"overview\" data-v-83a2b402=\"\" data-v-f3236c42=\"\">\n<p class=\"activity-overview__content\" data-test-id=\"activity-overview-content\" data-v-f3236c42=\"\">Ein spannendes und unterhaltsames Abenteuer, bei dem Sie Buggie, wie es ist, Kaffee, Kakao, Schnupftabak und ihren Prozess sowie den Besuch von Macao und seinen sch\u00f6nen Strand und kristallklarem Wasser kennenlernen werden.<\/p>\n<\/section>\n<\/div>\n<div data-track=\"key-details\" data-v-83a2b402=\"\"><\/div>","protected":false},"featured_media":15468,"template":"","meta":[],"product_brand":[],"product_cat":[216],"product_tag":[101,102],"class_list":{"0":"post-15234","1":"product","2":"type-product","3":"status-publish","4":"has-post-thumbnail","6":"product_cat-dominican","7":"product_tag-excursion","8":"product_tag-tour","10":"first","11":"instock","12":"shipping-taxable","13":"product-type-external"},"_links":{"self":[{"href":"https:\/\/sabanadelamartours.com\/de\/wp-json\/wp\/v2\/product\/15234","targetHints":{"allow":["GET"]}}],"collection":[{"href":"https:\/\/sabanadelamartours.com\/de\/wp-json\/wp\/v2\/product"}],"about":[{"href":"https:\/\/sabanadelamartours.com\/de\/wp-json\/wp\/v2\/types\/product"}],"version-history":[{"count":1,"href":"https:\/\/sabanadelamartours.com\/de\/wp-json\/wp\/v2\/product\/15234\/revisions"}],"predecessor-version":[{"id":19096,"href":"https:\/\/sabanadelamartours.com\/de\/wp-json\/wp\/v2\/product\/15234\/revisions\/19096"}],"wp:featuredmedia":[{"embeddable":true,"href":"https:\/\/sabanadelamartours.com\/de\/wp-json\/wp\/v2\/media\/15468"}],"wp:attachment":[{"href":"https:\/\/sabanadelamartours.com\/de\/wp-json\/wp\/v2\/media?parent=15234"}],"wp:term":[{"taxonomy":"product_brand","embeddable":true,"href":"https:\/\/sabanadelamartours.com\/de\/wp-json\/wp\/v2\/product_brand?post=15234"},{"taxonomy":"product_cat","embeddable":true,"href":"https:\/\/sabanadelamartours.com\/de\/wp-json\/wp\/v2\/product_cat?post=15234"},{"taxonomy":"product_tag","embeddable":true,"href":"https:\/\/sabanadelamartours.com\/de\/wp-json\/wp\/v2\/product_tag?post=15234"}],"curies":[{"name":"wp","href":"https:\/\/api.w.org\/{rel}","templated":true}]}}