{"id":15245,"date":"2025-12-18T12:54:26","date_gmt":"2025-12-18T12:54:26","guid":{"rendered":"https:\/\/sabanadelamartours.com\/?post_type=product&#038;p=15245"},"modified":"2026-01-09T04:01:50","modified_gmt":"2026-01-09T04:01:50","slug":"los-haitises-bootsfahrt-cano-hondo-naturliche-pools","status":"publish","type":"product","link":"https:\/\/sabanadelamartours.com\/de\/tour\/los-haitises-bootsfahrt-cano-hondo-naturliche-pools\/","title":{"rendered":"Los Haitises Bootsfahrt + Ca\u00f1o Hondo Natural Pools"},"content":{"rendered":"<div class=\"wpb-content-wrapper\"><div class=\"vc_row wpb_row st bg-holder\"><div class='container'><div class='row'>\n\t<div class=\"wpb_column column_container col-md-12\"><div class=\"vc_column-inner wpb_wrapper\">\n\t\t\t\n\t<div class=\"wpb_text_column wpb_content_element\" >\n\t\t<div class=\"wpb_wrapper\">\n\t\t\t<p>Machen Sie eine Bootsfahrt durch den Nationalpark Los Haitises und schwimmen Sie in den 14 nat\u00fcrlichen Pools mit Wasserf\u00e4llen des Hotels Ca\u00f1o Hondo. Genie\u00dfen Sie ein einzigartiges Erlebnis im k\u00fcstennahen Norden der Dominikanischen Republik.<\/p>\n<p>Treffpunkt ist der Eingang des Hotels Ca\u00f1o Hondo. Von diesem Hotel am Rande der Sabana de la Mar fahren Sie 10 Minuten bis zur Anlegestelle von Ca\u00f1o Hondo.<\/p>\n<p>An der Anlegestelle beginnt eine 2-st\u00fcndige Bootsfahrt durch den Los Haitises National Park. Segeln Sie durch die Mangroven dieses gesch\u00fctzten Naturgebiets und die Bucht von San Lorenzo. Setzen Sie die Fahrt entlang der Cayo de Los P\u00e1jaros und dem alten Pier La Perla fort.<\/p>\n<p>Anschlie\u00dfend setzen Sie die Bootsfahrt fort und besuchen die H\u00f6hlen La Arena und La L\u00ednea, zwei bemerkenswerte Grotten, die mit Malereien und Petroglyphen indigener Zivilisationen geschm\u00fcckt sind. Nach der Erkundung dieser H\u00f6hlen kehren Sie zum Boot zur\u00fcck und treten die R\u00fcckfahrt zur Anlegestelle von Ca\u00f1o Hondo an.<\/p>\n<p>Nach Ihrer Ankunft kehren Sie zum Hotel Ca\u00f1o Hondo zur\u00fcck, wo Sie sich ausruhen und ein k\u00f6stliches kriollanisches Mittagessen genie\u00dfen k\u00f6nnen. Auf der Speisekarte stehen gr\u00fcner Salat, Kartoffelsalat, minutas de pescado (kleine, gew\u00fcrzte Fischfilets, paniert und gebraten), chicharr\u00f3n de pollo (H\u00fchnergrieben), Nudeln, wei\u00dfer Reis, gr\u00fcne Bohnen, moro de gandules con coco (traditionelles dominikanisches Gericht aus Reis, Bohnen und Kokosnussmilch) und eine s\u00fc\u00dfe Kokosnuss als Dessert. Zu den Getr\u00e4nken geh\u00f6ren Mineralwasser, ein Softdrink oder Milchkaffee.<\/p>\n<p>Nach dem Mittagessen k\u00f6nnen Sie sich auf der Terrasse des Hotels ausruhen. Sie haben auch 4 Stunden Freizeit, um die 14 nat\u00fcrlichen Pools mit Wasserf\u00e4llen in Ca\u00f1o Hondo zu genie\u00dfen.<\/p>\n\n\t\t<\/div>\n\t<\/div>\n<div class=\"vc_empty_space\"   style=\"height: 32px\"><span class=\"vc_empty_space_inner\"><\/span><\/div><\/div>\n\t<\/div> \n<\/div><!--End .row--><\/div><!--End .container--><\/div><div class=\"vc_row wpb_row st bg-holder\"><div class='container'><div class='row'>\n\t<div class=\"wpb_column column_container col-md-12\"><div class=\"vc_column-inner wpb_wrapper\">\n\t\t\t\n\t<div class=\"wpb_text_column wpb_content_element\" >\n\t\t<div class=\"wpb_wrapper\">\n\t\t\t<h2 class=\"collection-header_title\" data-test-id=\"collection-title\" data-v-9c8cb860=\"\">Basierend auf Ihrer Suche in Los Haitises<\/h2>\n\n\t\t<\/div>\n\t<\/div>\n<div class=\"woocommerce columns-4\"><ul class=\"products columns-4\">\n<li class=\"product type-product post-15730 status-publish first instock product_cat-dominican-republic product_tag-excursion product_tag-tour has-post-thumbnail shipping-taxable product-type-external\">\r\n\t<a href=\"https:\/\/sabanadelamartours.com\/de\/tour\/-327\/\" class=\"woocommerce-LoopProduct-link woocommerce-loop-product__link\"><img fetchpriority=\"high\" decoding=\"async\" width=\"300\" height=\"300\" src=\"https:\/\/sabanadelamartours.com\/wp-content\/uploads\/2025\/12\/99-24-300x300.png\" class=\"attachment-woocommerce_thumbnail size-woocommerce_thumbnail\" alt=\"Cano Hondo Natural Pools &amp; Los Haitises Bootstour\" srcset=\"https:\/\/sabanadelamartours.com\/wp-content\/uploads\/2025\/12\/99-24-300x300.png 300w, https:\/\/sabanadelamartours.com\/wp-content\/uploads\/2025\/12\/99-24-1536x1536.png 1536w, https:\/\/sabanadelamartours.com\/wp-content\/uploads\/2025\/12\/99-24-2048x2048.png 2048w, https:\/\/sabanadelamartours.com\/wp-content\/uploads\/2025\/12\/99-24-100x100.png 100w, https:\/\/sabanadelamartours.com\/wp-content\/uploads\/2025\/12\/99-24-266x266.png 266w\" sizes=\"(max-width: 300px) 100vw, 300px\" \/><h2 class=\"woocommerce-loop-product__title\">Cano Hondo Natural Pools &amp; Los Haitises Bootstour<\/h2>\n\t<span class=\"price\"><span class=\"woocs_price_code\" data-currency=\"\" data-redraw-id=\"69ed1cd112205\"  data-product-id=\"15730\"><span class=\"woocommerce-Price-amount amount\"><bdi>67.00<span class=\"woocommerce-Price-currencySymbol\">&#36;<\/span><\/bdi><\/span><\/span><\/span>\n<\/a><a href=\"https:\/\/tourreservationlink.com\/en\/booking\/cano-hondo-natural-pools-and-los-haitises-boat-tour\" aria-describedby=\"woocommerce_loop_add_to_cart_link_describedby_15730\" data-quantity=\"1\" class=\"button product_type_external\" data-product_id=\"15730\" data-product_sku=\"\" aria-label=\"TICKET KAUFEN\" rel=\"nofollow noopener\" target=\"_blank\">TICKET KAUFEN<\/a>\t<span id=\"woocommerce_loop_add_to_cart_link_describedby_15730\" class=\"screen-reader-text\">\n\t\t\t<\/span>\n<\/li>\r\n<li class=\"product type-product post-17357 status-publish instock product_cat-dominican-republic product_tag-excursion product_tag-tour has-post-thumbnail shipping-taxable product-type-external\">\r\n\t<a href=\"https:\/\/sabanadelamartours.com\/de\/tour\/santo-domingo-los-haitises-cayo-levantado-insel-2\/\" class=\"woocommerce-LoopProduct-link woocommerce-loop-product__link\"><img decoding=\"async\" width=\"300\" height=\"300\" src=\"https:\/\/sabanadelamartours.com\/wp-content\/uploads\/2025\/12\/99-216-300x300.jpg\" class=\"attachment-woocommerce_thumbnail size-woocommerce_thumbnail\" alt=\"Santo Domingo: Los Haitises und die Insel Cayo Levantado\" srcset=\"https:\/\/sabanadelamartours.com\/wp-content\/uploads\/2025\/12\/99-216-300x300.jpg 300w, https:\/\/sabanadelamartours.com\/wp-content\/uploads\/2025\/12\/99-216-1536x1536.jpg 1536w, https:\/\/sabanadelamartours.com\/wp-content\/uploads\/2025\/12\/99-216-2048x2048.jpg 2048w, https:\/\/sabanadelamartours.com\/wp-content\/uploads\/2025\/12\/99-216-100x100.jpg 100w, https:\/\/sabanadelamartours.com\/wp-content\/uploads\/2025\/12\/99-216-266x266.jpg 266w\" sizes=\"(max-width: 300px) 100vw, 300px\" \/><h2 class=\"woocommerce-loop-product__title\">Santo Domingo: Los Haitises und die Insel Cayo Levantado<\/h2>\n\t<span class=\"price\"><span class=\"woocs_price_code\" data-currency=\"\" data-redraw-id=\"69ed1cd11324c\"  data-product-id=\"17357\"><span class=\"woocommerce-Price-amount amount\"><bdi>175.00<span class=\"woocommerce-Price-currencySymbol\">&#36;<\/span><\/bdi><\/span><\/span><\/span>\n<\/a><a href=\"https:\/\/tourreservationlink.com\/en\/booking\/santo-domingo-los-haitises-and-cayo-levantado-island\" aria-describedby=\"woocommerce_loop_add_to_cart_link_describedby_17357\" data-quantity=\"1\" class=\"button product_type_external\" data-product_id=\"17357\" data-product_sku=\"\" aria-label=\"TICKET KAUFEN\" rel=\"nofollow noopener\" target=\"_blank\">TICKET KAUFEN<\/a>\t<span id=\"woocommerce_loop_add_to_cart_link_describedby_17357\" class=\"screen-reader-text\">\n\t\t\t<\/span>\n<\/li>\r\n<\/ul>\n<\/div><div class=\"vc_empty_space\"   style=\"height: 32px\"><span class=\"vc_empty_space_inner\"><\/span><\/div><\/div>\n\t<\/div> \n<\/div><!--End .row--><\/div><!--End .container--><\/div>\n<\/div>","protected":false},"excerpt":{"rendered":"<div data-track=\"overview\" data-v-83a2b402=\"\">\n<section id=\"activity-overview\" class=\"activity-overview\" data-component=\"overview\" data-v-83a2b402=\"\" data-v-f3236c42=\"\">\n<p class=\"activity-overview__content\" data-test-id=\"activity-overview-content\" data-v-f3236c42=\"\">Entdecken Sie die nat\u00fcrliche Sch\u00f6nheit des Nationalparks Los Haitises auf einer Bootstour. Besuchen Sie die H\u00f6hle La Arena und die H\u00f6hle La L\u00ednea, die mit indigenen Malereien geschm\u00fcckt sind. Genie\u00dfen Sie ein k\u00f6stliches Mittagessen im Hotel Ca\u00f1o Hondo.<\/p>\n<\/section>\n<\/div>\n<div data-track=\"key-details\" data-v-83a2b402=\"\"><\/div>","protected":false},"featured_media":15483,"template":"","meta":[],"product_brand":[],"product_cat":[216],"product_tag":[101,102],"class_list":{"0":"post-15245","1":"product","2":"type-product","3":"status-publish","4":"has-post-thumbnail","6":"product_cat-dominican","7":"product_tag-excursion","8":"product_tag-tour","10":"first","11":"instock","12":"shipping-taxable","13":"product-type-external"},"_links":{"self":[{"href":"https:\/\/sabanadelamartours.com\/de\/wp-json\/wp\/v2\/product\/15245","targetHints":{"allow":["GET"]}}],"collection":[{"href":"https:\/\/sabanadelamartours.com\/de\/wp-json\/wp\/v2\/product"}],"about":[{"href":"https:\/\/sabanadelamartours.com\/de\/wp-json\/wp\/v2\/types\/product"}],"version-history":[{"count":1,"href":"https:\/\/sabanadelamartours.com\/de\/wp-json\/wp\/v2\/product\/15245\/revisions"}],"predecessor-version":[{"id":18679,"href":"https:\/\/sabanadelamartours.com\/de\/wp-json\/wp\/v2\/product\/15245\/revisions\/18679"}],"wp:featuredmedia":[{"embeddable":true,"href":"https:\/\/sabanadelamartours.com\/de\/wp-json\/wp\/v2\/media\/15483"}],"wp:attachment":[{"href":"https:\/\/sabanadelamartours.com\/de\/wp-json\/wp\/v2\/media?parent=15245"}],"wp:term":[{"taxonomy":"product_brand","embeddable":true,"href":"https:\/\/sabanadelamartours.com\/de\/wp-json\/wp\/v2\/product_brand?post=15245"},{"taxonomy":"product_cat","embeddable":true,"href":"https:\/\/sabanadelamartours.com\/de\/wp-json\/wp\/v2\/product_cat?post=15245"},{"taxonomy":"product_tag","embeddable":true,"href":"https:\/\/sabanadelamartours.com\/de\/wp-json\/wp\/v2\/product_tag?post=15245"}],"curies":[{"name":"wp","href":"https:\/\/api.w.org\/{rel}","templated":true}]}}