{"id":15482,"date":"2025-12-18T13:07:15","date_gmt":"2025-12-18T13:07:15","guid":{"rendered":"https:\/\/sabanadelamartours.com\/?post_type=product&#038;p=15482"},"modified":"2026-02-11T11:30:13","modified_gmt":"2026-02-11T11:30:13","slug":"-324","status":"publish","type":"product","link":"https:\/\/sabanadelamartours.com\/de\/tour\/-324\/","title":{"rendered":"Amber Cove-Taino Bay 7 Damajaguas Water Falls + Lokales Essen."},"content":{"rendered":"<p>Willkommen in Damajaguas, der spektakul\u00e4rsten Reihe von Wasserf\u00e4llen und Schluchten in Puerto Plata. 7 Wasserf\u00e4lle ist f\u00fcr die ganze Familie. Nach einer moderaten 25 Minuten Wanderung-Walk durch eine erstaunliche Dschungellandschaft, gehen wir zur\u00fcck nach unten-Fluss, wo Sie die Hooden verwenden k\u00f6nnen<\/p>\n<p>Treppen, Springen, Schwimmen und Rutschen durch sch\u00f6ne Wasserf\u00e4lle und nat\u00fcrliche Flussbecken. Sie werden auch unsere einheimischen Pflanzenarten genie\u00dfen, einige einheimische B\u00e4ume sehen und unseren tropischen Dschungel erkunden.<\/p>\n<p>Wir beenden die Tour mit einem k\u00f6stlichen authentischen dominikanischen Mittagessen, mit einer Pop oder Soda, Bier und Schokoladenfabrik Tour.<\/p>","protected":false},"excerpt":{"rendered":"<div data-track=\"overview\" data-v-83a2b402=\"\">\n<section id=\"activity-overview\" class=\"activity-overview\" data-component=\"overview\" data-v-83a2b402=\"\" data-v-f3236c42=\"\">\n<p class=\"activity-overview__content\" data-test-id=\"activity-overview-content\" data-v-f3236c42=\"\">Erforschen Sie unseren tropischen Dschungel Erleben Sie unsere erstaunlichen Wasserf\u00e4lle Genie\u00dfen Sie Springen und Rutschen Tour<\/p>\n<\/section>\n<\/div>\n<div data-track=\"key-details\" data-v-83a2b402=\"\"><\/div>","protected":false},"featured_media":14330,"template":"","meta":[],"product_brand":[],"product_cat":[97],"product_tag":[101,102],"class_list":{"0":"post-15482","1":"product","2":"type-product","3":"status-publish","4":"has-post-thumbnail","6":"product_cat-dominican-republic","7":"product_tag-excursion","8":"product_tag-tour","10":"first","11":"instock","12":"shipping-taxable","13":"product-type-external"},"_links":{"self":[{"href":"https:\/\/sabanadelamartours.com\/de\/wp-json\/wp\/v2\/product\/15482","targetHints":{"allow":["GET"]}}],"collection":[{"href":"https:\/\/sabanadelamartours.com\/de\/wp-json\/wp\/v2\/product"}],"about":[{"href":"https:\/\/sabanadelamartours.com\/de\/wp-json\/wp\/v2\/types\/product"}],"version-history":[{"count":1,"href":"https:\/\/sabanadelamartours.com\/de\/wp-json\/wp\/v2\/product\/15482\/revisions"}],"predecessor-version":[{"id":19009,"href":"https:\/\/sabanadelamartours.com\/de\/wp-json\/wp\/v2\/product\/15482\/revisions\/19009"}],"wp:featuredmedia":[{"embeddable":true,"href":"https:\/\/sabanadelamartours.com\/de\/wp-json\/wp\/v2\/media\/14330"}],"wp:attachment":[{"href":"https:\/\/sabanadelamartours.com\/de\/wp-json\/wp\/v2\/media?parent=15482"}],"wp:term":[{"taxonomy":"product_brand","embeddable":true,"href":"https:\/\/sabanadelamartours.com\/de\/wp-json\/wp\/v2\/product_brand?post=15482"},{"taxonomy":"product_cat","embeddable":true,"href":"https:\/\/sabanadelamartours.com\/de\/wp-json\/wp\/v2\/product_cat?post=15482"},{"taxonomy":"product_tag","embeddable":true,"href":"https:\/\/sabanadelamartours.com\/de\/wp-json\/wp\/v2\/product_tag?post=15482"}],"curies":[{"name":"wp","href":"https:\/\/api.w.org\/{rel}","templated":true}]}}