{"id":15508,"date":"2025-12-18T13:08:47","date_gmt":"2025-12-18T13:08:47","guid":{"rendered":"https:\/\/sabanadelamartours.com\/?post_type=product&#038;p=15508"},"modified":"2026-02-11T11:32:17","modified_gmt":"2026-02-11T11:32:17","slug":"-391","status":"publish","type":"product","link":"https:\/\/sabanadelamartours.com\/de\/tour\/-391\/","title":{"rendered":"Von Saman\u00e1 aus: Baiguate Wasserfall und Jarabacoa Buggy Tour"},"content":{"rendered":"<p>Schlie\u00dfen Sie sich uns an und reisen Sie mit einem lokalen Experten von Jarabacoa aus und machen Sie die einzigartige Erfahrung, die besten Orte der Hauptstadt des \u00d6kotourismus zu besuchen. Diese Tour f\u00fchrt Sie durch die wundersch\u00f6ne Landschaft der gr\u00f6\u00dften Bergranch der Dominikanischen Republik. W\u00e4hrend Sie zu den verschiedenen Orten fahren, werden Sie die Bergluft sp\u00fcren und die Sch\u00f6nheit der Landschaft genie\u00dfen.<\/p>\n<p>We can get to the different locations for this tour. Buy your ticket online now and let\u2019s have fun learning about Jarabacoa and Dominican Republic culture as you travel around to the best locations of the town.<\/p>\n<p>Jarabacoa is the city of the eternal spring break because of the weather and the second most important municipality from la Vega province. According to history, Jarabacoa means \u201cplace of much water\u201d, On September 27, 1858, Jarabacoa began its life as a municipality, a category obtained after a career that came from the beginning of the 19th century. Travel with us and get to know more about the mountains, nature, culture, and people of the northern region of the Dominican Republic.<\/p>","protected":false},"excerpt":{"rendered":"<div data-track=\"overview\" data-v-83a2b402=\"\">\n<section id=\"activity-overview\" class=\"activity-overview\" data-component=\"overview\" data-v-83a2b402=\"\" data-v-f3236c42=\"\">\n<p class=\"activity-overview__content\" data-test-id=\"activity-overview-content\" data-v-f3236c42=\"\">Drive from Samana to Jarabacoa and swim at Baiguate Waterfall, then speed around on a buggy tour. Try some local food and admire the landscape of the biggest mountain range in the country.<\/p>\n<\/section>\n<\/div>\n<div data-track=\"key-details\" data-v-83a2b402=\"\"><\/div>","protected":false},"featured_media":14356,"template":"","meta":[],"product_brand":[],"product_cat":[97],"product_tag":[101,102],"class_list":{"0":"post-15508","1":"product","2":"type-product","3":"status-publish","4":"has-post-thumbnail","6":"product_cat-dominican-republic","7":"product_tag-excursion","8":"product_tag-tour","10":"first","11":"instock","12":"shipping-taxable","13":"product-type-external"},"_links":{"self":[{"href":"https:\/\/sabanadelamartours.com\/de\/wp-json\/wp\/v2\/product\/15508","targetHints":{"allow":["GET"]}}],"collection":[{"href":"https:\/\/sabanadelamartours.com\/de\/wp-json\/wp\/v2\/product"}],"about":[{"href":"https:\/\/sabanadelamartours.com\/de\/wp-json\/wp\/v2\/types\/product"}],"version-history":[{"count":1,"href":"https:\/\/sabanadelamartours.com\/de\/wp-json\/wp\/v2\/product\/15508\/revisions"}],"predecessor-version":[{"id":19011,"href":"https:\/\/sabanadelamartours.com\/de\/wp-json\/wp\/v2\/product\/15508\/revisions\/19011"}],"wp:featuredmedia":[{"embeddable":true,"href":"https:\/\/sabanadelamartours.com\/de\/wp-json\/wp\/v2\/media\/14356"}],"wp:attachment":[{"href":"https:\/\/sabanadelamartours.com\/de\/wp-json\/wp\/v2\/media?parent=15508"}],"wp:term":[{"taxonomy":"product_brand","embeddable":true,"href":"https:\/\/sabanadelamartours.com\/de\/wp-json\/wp\/v2\/product_brand?post=15508"},{"taxonomy":"product_cat","embeddable":true,"href":"https:\/\/sabanadelamartours.com\/de\/wp-json\/wp\/v2\/product_cat?post=15508"},{"taxonomy":"product_tag","embeddable":true,"href":"https:\/\/sabanadelamartours.com\/de\/wp-json\/wp\/v2\/product_tag?post=15508"}],"curies":[{"name":"wp","href":"https:\/\/api.w.org\/{rel}","templated":true}]}}