{"id":15664,"date":"2025-12-18T13:15:31","date_gmt":"2025-12-18T13:15:31","guid":{"rendered":"https:\/\/sabanadelamartours.com\/?post_type=product&#038;p=15664"},"modified":"2026-02-14T02:30:36","modified_gmt":"2026-02-14T02:30:36","slug":"santo-domingo-flughafen-privater-transfer-zum-stadtzentrum","status":"publish","type":"product","link":"https:\/\/sabanadelamartours.com\/de\/tour\/santo-domingo-flughafen-privater-transfer-zum-stadtzentrum\/","title":{"rendered":"Flughafen Santo Domingo: Privater Transfer zum\/vom Stadtzentrum"},"content":{"rendered":"<p>Genie\u00dfen Sie einen bequemen Privattransfer vom Flughafen Santo Domingo zum Stadtzentrum von Santo Domingo oder umgekehrt. Vermeiden Sie die l\u00e4stigen Taxischlangen und entspannen Sie sich in klimatisiertem Komfort auf der Fahrt zu Ihrem Ziel.<\/p>\n<p>Bei Ankunftstransfers werden Sie von Ihrem Fahrer in der Ankunftshalle mit einem Namensschild empfangen. Lassen Sie sich auf dem Weg zum Fahrzeug mit Ihrem Gep\u00e4ck helfen und lehnen Sie sich dann auf der Fahrt zu Ihrem Hotel zur\u00fcck.<\/p>\n<p>F\u00fcr den Abreisetransfer treffen Sie Ihren Fahrer an Ihrer Unterkunft und genie\u00dfen einen problemlosen Transfer rechtzeitig zu Ihrem Abflug.<\/p>\n<div class=\"toggle-content__content toggle-content__content--expanded toggle-content__content--packable\" data-v-59485d64=\"\">\n<div data-test-id=\"activity-full-description-text\" data-v-5835c99c=\"\">Fragen Sie ruhig vorher nach zus\u00e4tzlichen Befestigungen f\u00fcr Sport- und andere Ausr\u00fcstungsgegenst\u00e4nde, und teilen Sie dem Anbieter der Aktivit\u00e4t mit, ob Sie Kindersitze ben\u00f6tigen.<\/div>\n<\/div>\n<div class=\"toggle-content__label-placeholder\" data-v-59485d64=\"\"><\/div>","protected":false},"excerpt":{"rendered":"<div data-track=\"overview\" data-v-83a2b402=\"\">\n<section id=\"activity-overview\" class=\"activity-overview\" data-component=\"overview\" data-v-83a2b402=\"\" data-v-f3236c42=\"\">\n<p class=\"activity-overview__content\" data-test-id=\"activity-overview-content\" data-v-f3236c42=\"\">Buchen Sie einen privaten Transfer vom Flughafen Santo Domingo (SDQ) nach\/von Santo Domingo. Reisen Sie sicher in einem klimatisierten Fahrzeug mit einem professionellen Fahrer.<\/p>\n<\/section>\n<\/div>\n<div data-track=\"key-details\" data-v-83a2b402=\"\"><\/div>","protected":false},"featured_media":15837,"template":"","meta":[],"product_brand":[],"product_cat":[97],"product_tag":[101,102],"class_list":{"0":"post-15664","1":"product","2":"type-product","3":"status-publish","4":"has-post-thumbnail","6":"product_cat-dominican-republic","7":"product_tag-excursion","8":"product_tag-tour","10":"first","11":"instock","12":"shipping-taxable","13":"product-type-external"},"_links":{"self":[{"href":"https:\/\/sabanadelamartours.com\/de\/wp-json\/wp\/v2\/product\/15664","targetHints":{"allow":["GET"]}}],"collection":[{"href":"https:\/\/sabanadelamartours.com\/de\/wp-json\/wp\/v2\/product"}],"about":[{"href":"https:\/\/sabanadelamartours.com\/de\/wp-json\/wp\/v2\/types\/product"}],"version-history":[{"count":1,"href":"https:\/\/sabanadelamartours.com\/de\/wp-json\/wp\/v2\/product\/15664\/revisions"}],"predecessor-version":[{"id":19157,"href":"https:\/\/sabanadelamartours.com\/de\/wp-json\/wp\/v2\/product\/15664\/revisions\/19157"}],"wp:featuredmedia":[{"embeddable":true,"href":"https:\/\/sabanadelamartours.com\/de\/wp-json\/wp\/v2\/media\/15837"}],"wp:attachment":[{"href":"https:\/\/sabanadelamartours.com\/de\/wp-json\/wp\/v2\/media?parent=15664"}],"wp:term":[{"taxonomy":"product_brand","embeddable":true,"href":"https:\/\/sabanadelamartours.com\/de\/wp-json\/wp\/v2\/product_brand?post=15664"},{"taxonomy":"product_cat","embeddable":true,"href":"https:\/\/sabanadelamartours.com\/de\/wp-json\/wp\/v2\/product_cat?post=15664"},{"taxonomy":"product_tag","embeddable":true,"href":"https:\/\/sabanadelamartours.com\/de\/wp-json\/wp\/v2\/product_tag?post=15664"}],"curies":[{"name":"wp","href":"https:\/\/api.w.org\/{rel}","templated":true}]}}