{"id":15730,"date":"2025-12-18T13:18:50","date_gmt":"2025-12-18T13:18:50","guid":{"rendered":"https:\/\/sabanadelamartours.com\/?post_type=product&#038;p=15730"},"modified":"2026-01-09T05:15:52","modified_gmt":"2026-01-09T05:15:52","slug":"-327","status":"publish","type":"product","link":"https:\/\/sabanadelamartours.com\/de\/tour\/-327\/","title":{"rendered":"Cano Hondo Natural Pools &amp; Los Haitises Bootstour"},"content":{"rendered":"<p>Besuch des Nationalparks Los Haitises in kleinen Gruppen, um die wichtigsten nat\u00fcrlichen Pools in diesem Nationalpark zu genie\u00dfen.<\/p>\n<p>Das Mittagessen wird aus der K\u00fcche der Einheimischen zubereitet und die Bootsfahrt zu den H\u00f6hlen ist einzigartig.<\/p>\n<p>Ein gro\u00dfartiges Mosaik aus Natur und Kultur!<\/p>\n<p>Der Nationalpark Los Haitises (dessen Name in der Sprache der alten Tainos \u201cHochland\u201d oder \u201cBerg\u201d bedeutet) ist eine der wichtigsten gesch\u00fctzten Naturlandschaften der Dominikanischen Republik. Er erstreckt sich \u00fcber eine Fl\u00e4che von rund 1 600 km2, die Teil eines riesigen Karstsystems ist, das vor 50 Millionen Jahren entstanden ist, und umfasst ein reichhaltiges Mosaik von Meeres- und Land\u00f6kosystemen: Flussm\u00fcndungen, Meeresarme, Buchten, Kegel und Mogotes - die merkw\u00fcrdigen, kegelf\u00f6rmigen Felsformationen, die die Landschaft des Gebiets pr\u00e4gen - sowie Dolinen, Mangroven usw. Mit anderen Worten: Ein riesiger Park voller nat\u00fcrlicher Attraktionen, in dem Sie einzigartige Abenteuer erleben k\u00f6nnen.<\/p>\n<div class=\"toggle-content__content toggle-content__content--expanded toggle-content__content--packable\" data-v-59485d64=\"\">\n<div data-test-id=\"activity-full-description-text\" data-v-5835c99c=\"\">Nach dem Besuch von Los Haitises konzentrieren wir uns auf ein lokales Mittagessen mit freier Zeit f\u00fcr nat\u00fcrliche Pools im Hotel Cano hondo.<\/div>\n<\/div>\n<div class=\"toggle-content__label-placeholder\" data-v-59485d64=\"\"><\/div>","protected":false},"excerpt":{"rendered":"<div data-track=\"overview\" data-v-83a2b402=\"\">\n<section id=\"activity-overview\" class=\"activity-overview\" data-component=\"overview\" data-v-83a2b402=\"\" data-v-f3236c42=\"\">\n<p class=\"activity-overview__content\" data-test-id=\"activity-overview-content\" data-v-f3236c42=\"\">Erkunden Sie den Nationalpark Los Haitises mit einem Bootsausflug zu den H\u00f6hlen, vorbei an der pr\u00e4chtigen Mangrovenvegetation und Rocky Island! Erleben Sie die H\u00f6hlen der Tainos und genie\u00dfen Sie die nat\u00fcrlichen Pools in Cano Hondo<\/p>\n<\/section>\n<\/div>\n<div data-track=\"key-details\" data-v-83a2b402=\"\"><\/div>","protected":false},"featured_media":14561,"template":"","meta":[],"product_brand":[],"product_cat":[97],"product_tag":[101,102],"class_list":{"0":"post-15730","1":"product","2":"type-product","3":"status-publish","4":"has-post-thumbnail","6":"product_cat-dominican-republic","7":"product_tag-excursion","8":"product_tag-tour","10":"first","11":"instock","12":"shipping-taxable","13":"product-type-external"},"_links":{"self":[{"href":"https:\/\/sabanadelamartours.com\/de\/wp-json\/wp\/v2\/product\/15730","targetHints":{"allow":["GET"]}}],"collection":[{"href":"https:\/\/sabanadelamartours.com\/de\/wp-json\/wp\/v2\/product"}],"about":[{"href":"https:\/\/sabanadelamartours.com\/de\/wp-json\/wp\/v2\/types\/product"}],"version-history":[{"count":1,"href":"https:\/\/sabanadelamartours.com\/de\/wp-json\/wp\/v2\/product\/15730\/revisions"}],"predecessor-version":[{"id":18709,"href":"https:\/\/sabanadelamartours.com\/de\/wp-json\/wp\/v2\/product\/15730\/revisions\/18709"}],"wp:featuredmedia":[{"embeddable":true,"href":"https:\/\/sabanadelamartours.com\/de\/wp-json\/wp\/v2\/media\/14561"}],"wp:attachment":[{"href":"https:\/\/sabanadelamartours.com\/de\/wp-json\/wp\/v2\/media?parent=15730"}],"wp:term":[{"taxonomy":"product_brand","embeddable":true,"href":"https:\/\/sabanadelamartours.com\/de\/wp-json\/wp\/v2\/product_brand?post=15730"},{"taxonomy":"product_cat","embeddable":true,"href":"https:\/\/sabanadelamartours.com\/de\/wp-json\/wp\/v2\/product_cat?post=15730"},{"taxonomy":"product_tag","embeddable":true,"href":"https:\/\/sabanadelamartours.com\/de\/wp-json\/wp\/v2\/product_tag?post=15730"}],"curies":[{"name":"wp","href":"https:\/\/api.w.org\/{rel}","templated":true}]}}