{"id":15968,"date":"2025-12-18T13:29:21","date_gmt":"2025-12-18T13:29:21","guid":{"rendered":"https:\/\/sabanadelamartours.com\/?post_type=product&#038;p=15968"},"modified":"2026-02-14T03:04:06","modified_gmt":"2026-02-14T03:04:06","slug":"transport-flughafen-punta-cana-und-bavaro","status":"publish","type":"product","link":"https:\/\/sabanadelamartours.com\/de\/tour\/transport-flughafen-punta-cana-und-bavaro\/","title":{"rendered":"Transport Flughafen\/ Punta Cana und Bavaro"},"content":{"rendered":"<p>Willkommen zum besten Transport-Erlebnis zum Flughafen<\/p>\n<p>Genie\u00dfen Sie einen exzellenten und eleganten Transportservice, bei dem Sie unseren privaten Service w\u00e4hlen k\u00f6nnen. Unser Vertreter wird Sie an dem von Ihnen festgelegten Ort abholen, der mit dem Firmenlogo und Ihrem Namen auf einem Plakat gekennzeichnet ist. Wir bringen Sie zu Ihrem Zielort, w\u00e4hrend Sie Ihre Tour und die sch\u00f6ne Aussicht auf die Karibik genie\u00dfen.<\/p>\n<div class=\"toggle-content__content toggle-content__content--expanded toggle-content__content--packable\" data-v-59485d64=\"\">\n<div data-test-id=\"activity-full-description-text\" data-v-5835c99c=\"\">Jede Tour kann zwischen 15 und 45 Minuten dauern, je nachdem, wo sich Ihr Hotel oder Ihr Flughafen befindet. Unabh\u00e4ngig von der Zeit, die Sie ben\u00f6tigen, um Ihr Ziel zu erreichen, garantieren wir, dass jede Minute ein Genuss f\u00fcr Ihre Sinne sein wird.<\/div>\n<\/div>\n<div class=\"toggle-content__label-placeholder\" data-v-59485d64=\"\"><\/div>","protected":false},"excerpt":{"rendered":"<div data-track=\"overview\" data-v-83a2b402=\"\">\n<section id=\"activity-overview\" class=\"activity-overview\" data-component=\"overview\" data-v-83a2b402=\"\" data-v-f3236c42=\"\">\n<p class=\"activity-overview__content\" data-test-id=\"activity-overview-content\" data-v-f3236c42=\"\">Genie\u00dfen Sie eine komfortable Reise ohne Stress mit einem privaten Transfer vom\/zum internationalen Flughafen Punta Cana und der Stadt Punta Cana.<\/p>\n<\/section>\n<\/div>\n<div data-track=\"key-details\" data-v-83a2b402=\"\"><\/div>","protected":false},"featured_media":16151,"template":"","meta":[],"product_brand":[],"product_cat":[97],"product_tag":[101,102],"class_list":{"0":"post-15968","1":"product","2":"type-product","3":"status-publish","4":"has-post-thumbnail","6":"product_cat-dominican-republic","7":"product_tag-excursion","8":"product_tag-tour","10":"first","11":"instock","12":"shipping-taxable","13":"product-type-external"},"_links":{"self":[{"href":"https:\/\/sabanadelamartours.com\/de\/wp-json\/wp\/v2\/product\/15968","targetHints":{"allow":["GET"]}}],"collection":[{"href":"https:\/\/sabanadelamartours.com\/de\/wp-json\/wp\/v2\/product"}],"about":[{"href":"https:\/\/sabanadelamartours.com\/de\/wp-json\/wp\/v2\/types\/product"}],"version-history":[{"count":1,"href":"https:\/\/sabanadelamartours.com\/de\/wp-json\/wp\/v2\/product\/15968\/revisions"}],"predecessor-version":[{"id":19184,"href":"https:\/\/sabanadelamartours.com\/de\/wp-json\/wp\/v2\/product\/15968\/revisions\/19184"}],"wp:featuredmedia":[{"embeddable":true,"href":"https:\/\/sabanadelamartours.com\/de\/wp-json\/wp\/v2\/media\/16151"}],"wp:attachment":[{"href":"https:\/\/sabanadelamartours.com\/de\/wp-json\/wp\/v2\/media?parent=15968"}],"wp:term":[{"taxonomy":"product_brand","embeddable":true,"href":"https:\/\/sabanadelamartours.com\/de\/wp-json\/wp\/v2\/product_brand?post=15968"},{"taxonomy":"product_cat","embeddable":true,"href":"https:\/\/sabanadelamartours.com\/de\/wp-json\/wp\/v2\/product_cat?post=15968"},{"taxonomy":"product_tag","embeddable":true,"href":"https:\/\/sabanadelamartours.com\/de\/wp-json\/wp\/v2\/product_tag?post=15968"}],"curies":[{"name":"wp","href":"https:\/\/api.w.org\/{rel}","templated":true}]}}