{"id":15977,"date":"2025-12-18T13:29:43","date_gmt":"2025-12-18T13:29:43","guid":{"rendered":"https:\/\/sabanadelamartours.com\/?post_type=product&#038;p=15977"},"modified":"2025-12-18T13:38:31","modified_gmt":"2025-12-18T13:38:31","slug":"airbnb-sabana-de-la-mar-kajaktour-los-haitises","status":"publish","type":"product","link":"https:\/\/sabanadelamartours.com\/de\/tour\/airbnb-sabana-de-la-mar-kajaktour-los-haitises\/","title":{"rendered":"Airbnb Sabana de la mar + Kajaktour Los Haitises"},"content":{"rendered":"<p>Bootstour von 2 Stunden in Los Haitises Nationalpark und ein sauberes Privatzimmer f\u00fcr 1 Nacht mit 2 Doppelbetten und alle grundlegenden Notwendigkeiten, die Sie ben\u00f6tigen, tolle Lage, nur 5 Minuten Fahrt vom Hafen in Sabana de la Mar. Sie werden in der N\u00e4he des Zentrums, aber weg von dem L\u00e4rm in einer ruhigen und sicheren Gegend sein. Rezeption 24 h mit Sicherheitskameras in der ganzen Gegend.<\/p>\n<p>Der Raum<\/p>\n<p>Das Zimmer liegt nur 20 Autominuten vom sehr ber\u00fchmten Nationalpark Los Haitises in Sabana de la Mar entfernt. Jedes Jahr, Tausende von Menschen besuchen Los Haitises. Nur 5 Minuten Fahrt vom Hafen in Sabana de la Mar. Der beste Weg, um nach Samana (1 Stunde mit der F\u00e4hre) oder starten Sie Ihren Ausflug ... Wale beobachten, Nationalpark Los Haitises, etc.<\/p>\n<p>Zugang f\u00fcr G\u00e4ste<\/p>\n<p>-Kostenloses Parken auf dem Gel\u00e4nde - 24 h mit \u00dcberwachungskameras. -Ruhige Gegend. -N\u00e4he zum Zentrum. -Wir haben spezielle Angebote f\u00fcr unsere G\u00e4ste f\u00fcr Aktivit\u00e4ten rund um<\/p>\n<p>Hinweis lesen!<\/p>\n<p>Die Check-out-Zeit ist 12:00 Uhr. Wenn Sie die Check-out-Zeit verl\u00e4ngern m\u00f6chten, wird eine zus\u00e4tzliche Geb\u00fchr in H\u00f6he von 30% Ihres Zimmerpreises f\u00fcr Verl\u00e4ngerungen bis 15:00 Uhr berechnet.<\/p>","protected":false},"excerpt":{"rendered":"<div data-track=\"overview\" data-v-83a2b402=\"\">\n<section id=\"activity-overview\" class=\"activity-overview\" data-component=\"overview\" data-v-83a2b402=\"\" data-v-f3236c42=\"\">\n<p class=\"activity-overview__content\" data-test-id=\"activity-overview-content\" data-v-f3236c42=\"\">Dies ist ein Paket mit Zimmer plus Bootstour im Nationalpark Los Haitises. Inklusive Transport von Sabana de la mar. Mangroven, H\u00f6hlen und mehr.<\/p>\n<\/section>\n<\/div>\n<div data-track=\"key-details\" data-v-83a2b402=\"\"><\/div>","protected":false},"featured_media":16160,"template":"","meta":[],"product_brand":[],"product_cat":[97],"product_tag":[101,102],"class_list":{"0":"post-15977","1":"product","2":"type-product","3":"status-publish","4":"has-post-thumbnail","6":"product_cat-dominican-republic","7":"product_tag-excursion","8":"product_tag-tour","10":"first","11":"instock","12":"shipping-taxable","13":"product-type-external"},"_links":{"self":[{"href":"https:\/\/sabanadelamartours.com\/de\/wp-json\/wp\/v2\/product\/15977","targetHints":{"allow":["GET"]}}],"collection":[{"href":"https:\/\/sabanadelamartours.com\/de\/wp-json\/wp\/v2\/product"}],"about":[{"href":"https:\/\/sabanadelamartours.com\/de\/wp-json\/wp\/v2\/types\/product"}],"version-history":[{"count":0,"href":"https:\/\/sabanadelamartours.com\/de\/wp-json\/wp\/v2\/product\/15977\/revisions"}],"wp:featuredmedia":[{"embeddable":true,"href":"https:\/\/sabanadelamartours.com\/de\/wp-json\/wp\/v2\/media\/16160"}],"wp:attachment":[{"href":"https:\/\/sabanadelamartours.com\/de\/wp-json\/wp\/v2\/media?parent=15977"}],"wp:term":[{"taxonomy":"product_brand","embeddable":true,"href":"https:\/\/sabanadelamartours.com\/de\/wp-json\/wp\/v2\/product_brand?post=15977"},{"taxonomy":"product_cat","embeddable":true,"href":"https:\/\/sabanadelamartours.com\/de\/wp-json\/wp\/v2\/product_cat?post=15977"},{"taxonomy":"product_tag","embeddable":true,"href":"https:\/\/sabanadelamartours.com\/de\/wp-json\/wp\/v2\/product_tag?post=15977"}],"curies":[{"name":"wp","href":"https:\/\/api.w.org\/{rel}","templated":true}]}}