{"id":16088,"date":"2025-12-18T13:34:00","date_gmt":"2025-12-18T13:34:00","guid":{"rendered":"https:\/\/sabanadelamartours.com\/?post_type=product&#038;p=16088"},"modified":"2025-12-18T13:45:02","modified_gmt":"2025-12-18T13:45:02","slug":"taxi-transfer-vom-flughafen-punta-cana-puj-nach-puerto-plata","status":"publish","type":"product","link":"https:\/\/sabanadelamartours.com\/de\/tour\/taxi-transfer-vom-flughafen-punta-cana-puj-nach-puerto-plata\/","title":{"rendered":"Taxi &amp; Transfer vom Flughafen Punta Cana (PUJ) nach Puerto Plata"},"content":{"rendered":"<div class=\"toggle-content__content toggle-content__content--expanded toggle-content__content--packable\" data-v-59485d64=\"\">\n<div data-test-id=\"activity-full-description-text\" data-v-5835c99c=\"\">1. Wohin gehe ich, wenn ich am Flughafen ankomme? Auf Ihrem Voucher finden Sie alle notwendigen Informationen, um uns am Flughafen zu finden. Bitte drucken Sie ihn aus und bringen Sie Ihren Voucher mit. 2. Was passiert, wenn sich mein Flug versp\u00e4tet? Wir best\u00e4tigen immer die Ankunftszeiten der Fl\u00fcge. Der Fahrer wartet auf alle Fl\u00fcge, die sich versp\u00e4ten, und Ihr Transfer wird ohne zus\u00e4tzliche Kosten durchgef\u00fchrt. 3. Was passiert, wenn ich meinen Flug verpasse oder mein Flug gestrichen wird? Sie m\u00fcssen uns informieren, dass Sie nicht kommen, wenn Ihr Flug annulliert wird, oder uns \u00fcber die auf dem Voucher angegebene Telefonnummer den n\u00e4chsten Abflug und seine Ankunftszeit mitteilen. Wenn Sie dies nicht tun, gilt dies als \u201cNo-Show\u201d und es erfolgt keine Erstattung.<\/div>\n<\/div>\n<div class=\"toggle-content__label-placeholder\" data-v-59485d64=\"\"><\/div>","protected":false},"excerpt":{"rendered":"<div data-track=\"overview\" data-v-83a2b402=\"\">\n<section id=\"activity-overview\" class=\"activity-overview\" data-component=\"overview\" data-v-83a2b402=\"\" data-v-f3236c42=\"\">\n<p class=\"activity-overview__content\" data-test-id=\"activity-overview-content\" data-v-f3236c42=\"\">Wir bieten das beste Taxi vom Flughafen Punta Cana in andere Regionen der Dominikanischen Republik. Wir k\u00f6nnen Sie mit unserem neuen Toyota Sienna oder einem Minivan abholen<\/p>\n<\/section>\n<\/div>\n<div data-track=\"key-details\" data-v-83a2b402=\"\"><\/div>","protected":false},"featured_media":16292,"template":"","meta":[],"product_brand":[],"product_cat":[97],"product_tag":[101,102],"class_list":{"0":"post-16088","1":"product","2":"type-product","3":"status-publish","4":"has-post-thumbnail","6":"product_cat-dominican-republic","7":"product_tag-excursion","8":"product_tag-tour","10":"first","11":"instock","12":"shipping-taxable","13":"product-type-external"},"_links":{"self":[{"href":"https:\/\/sabanadelamartours.com\/de\/wp-json\/wp\/v2\/product\/16088","targetHints":{"allow":["GET"]}}],"collection":[{"href":"https:\/\/sabanadelamartours.com\/de\/wp-json\/wp\/v2\/product"}],"about":[{"href":"https:\/\/sabanadelamartours.com\/de\/wp-json\/wp\/v2\/types\/product"}],"version-history":[{"count":0,"href":"https:\/\/sabanadelamartours.com\/de\/wp-json\/wp\/v2\/product\/16088\/revisions"}],"wp:featuredmedia":[{"embeddable":true,"href":"https:\/\/sabanadelamartours.com\/de\/wp-json\/wp\/v2\/media\/16292"}],"wp:attachment":[{"href":"https:\/\/sabanadelamartours.com\/de\/wp-json\/wp\/v2\/media?parent=16088"}],"wp:term":[{"taxonomy":"product_brand","embeddable":true,"href":"https:\/\/sabanadelamartours.com\/de\/wp-json\/wp\/v2\/product_brand?post=16088"},{"taxonomy":"product_cat","embeddable":true,"href":"https:\/\/sabanadelamartours.com\/de\/wp-json\/wp\/v2\/product_cat?post=16088"},{"taxonomy":"product_tag","embeddable":true,"href":"https:\/\/sabanadelamartours.com\/de\/wp-json\/wp\/v2\/product_tag?post=16088"}],"curies":[{"name":"wp","href":"https:\/\/api.w.org\/{rel}","templated":true}]}}