{"id":16301,"date":"2025-12-18T13:45:05","date_gmt":"2025-12-18T13:45:05","guid":{"rendered":"https:\/\/sabanadelamartours.com\/?post_type=product&#038;p=16301"},"modified":"2026-02-14T03:28:07","modified_gmt":"2026-02-14T03:28:07","slug":"vip-transfer-zwischen-flughafen-punta-cana-und-bavaro-hotels","status":"publish","type":"product","link":"https:\/\/sabanadelamartours.com\/de\/tour\/vip-transfer-zwischen-flughafen-punta-cana-und-bavaro-hotels\/","title":{"rendered":"VIP-Transfer zwischen dem Flughafen Punta Cana und den Hotels in Bavaro"},"content":{"rendered":"<div class=\"toggle-content__content toggle-content__content--expanded toggle-content__content--packable\" data-v-59485d64=\"\">\n<div data-test-id=\"activity-full-description-text\" data-v-5835c99c=\"\">Buchen Sie den Transfer Ihrer Wahl ohne Komplikationen, wir werden Sie w\u00e4hrend Ihrer Tour in der Dominikanischen Republik begleiten, Sie m\u00fcssen sich keine Sorgen machen, wir sind Experten f\u00fcr Transfers und dies hilft Ihnen, den Service zu erhalten, den Sie aus der Hand eines Profis verdienen, wir machen Ihre Reisen sicherer und entspannter, buchen Sie einfach im Voraus, um Ihren Service zu planen und Ihren Fahrer bereit zu haben, Sie am Flughafen Ihrer Wahl in der Dominikanischen Republik abzuholen, in Diamond sind wir bereit f\u00fcr Ihre Ankunft<\/div>\n<\/div>\n<div class=\"toggle-content__label-placeholder\" data-v-59485d64=\"\"><\/div>","protected":false},"excerpt":{"rendered":"<div data-track=\"overview\" data-v-83a2b402=\"\">\n<section id=\"activity-overview\" class=\"activity-overview\" data-component=\"overview\" data-v-83a2b402=\"\" data-v-f3236c42=\"\">\n<p class=\"activity-overview__content\" data-test-id=\"activity-overview-content\" data-v-f3236c42=\"\">Bereit, buchen Sie Ihren Transfer im Voraus, bei diamond transportation k\u00fcmmern wir uns darum, Ihnen einen wirtschaftlichen und komfortablen Service zu bieten.<\/p>\n<\/section>\n<\/div>\n<div data-track=\"key-details\" data-v-83a2b402=\"\"><\/div>","protected":false},"featured_media":16312,"template":"","meta":[],"product_brand":[],"product_cat":[97],"product_tag":[101,102],"class_list":{"0":"post-16301","1":"product","2":"type-product","3":"status-publish","4":"has-post-thumbnail","6":"product_cat-dominican-republic","7":"product_tag-excursion","8":"product_tag-tour","10":"first","11":"instock","12":"shipping-taxable","13":"product-type-external"},"_links":{"self":[{"href":"https:\/\/sabanadelamartours.com\/de\/wp-json\/wp\/v2\/product\/16301","targetHints":{"allow":["GET"]}}],"collection":[{"href":"https:\/\/sabanadelamartours.com\/de\/wp-json\/wp\/v2\/product"}],"about":[{"href":"https:\/\/sabanadelamartours.com\/de\/wp-json\/wp\/v2\/types\/product"}],"version-history":[{"count":1,"href":"https:\/\/sabanadelamartours.com\/de\/wp-json\/wp\/v2\/product\/16301\/revisions"}],"predecessor-version":[{"id":19191,"href":"https:\/\/sabanadelamartours.com\/de\/wp-json\/wp\/v2\/product\/16301\/revisions\/19191"}],"wp:featuredmedia":[{"embeddable":true,"href":"https:\/\/sabanadelamartours.com\/de\/wp-json\/wp\/v2\/media\/16312"}],"wp:attachment":[{"href":"https:\/\/sabanadelamartours.com\/de\/wp-json\/wp\/v2\/media?parent=16301"}],"wp:term":[{"taxonomy":"product_brand","embeddable":true,"href":"https:\/\/sabanadelamartours.com\/de\/wp-json\/wp\/v2\/product_brand?post=16301"},{"taxonomy":"product_cat","embeddable":true,"href":"https:\/\/sabanadelamartours.com\/de\/wp-json\/wp\/v2\/product_cat?post=16301"},{"taxonomy":"product_tag","embeddable":true,"href":"https:\/\/sabanadelamartours.com\/de\/wp-json\/wp\/v2\/product_tag?post=16301"}],"curies":[{"name":"wp","href":"https:\/\/api.w.org\/{rel}","templated":true}]}}