{"id":16322,"date":"2025-12-18T13:45:57","date_gmt":"2025-12-18T13:45:57","guid":{"rendered":"https:\/\/sabanadelamartours.com\/?post_type=product&#038;p=16322"},"modified":"2025-12-18T13:46:50","modified_gmt":"2025-12-18T13:46:50","slug":"tagesausflug-in-die-ozeanwelt-fur-einwohner-der-dominikanischen-republik","status":"publish","type":"product","link":"https:\/\/sabanadelamartours.com\/de\/tour\/tagesausflug-in-die-ozeanwelt-fur-einwohner-der-dominikanischen-republik\/","title":{"rendered":"Tagesausflug in Ocean World f\u00fcr Einwohner der Dominikanischen Republik"},"content":{"rendered":"<p>A Dominican Identity Card or birth certificate from the Dominican Republic is required and failure to present it will result in an additional charge at the entrance.<\/p>\n<p>Hallo, Liebhaber von Abenteuern und Wasserspa\u00df!<\/p>\n<p>Machen Sie sich bereit f\u00fcr einen Tag voller Emotionen auf unserem spannenden Ausflug zum Ocean World Water Park! Bei diesem einzigartigen Ausflug erwartet Sie ein unvergessliches Erlebnis voller Unterhaltung, Natur und Entspannung.<\/p>\n<p>Zu Beginn unserer Reise werden wir von aufregenden Shows begeistert sein. Bereiten Sie sich darauf vor, die Intelligenz und Anmut der Delfine, die Freundlichkeit der Seel\u00f6wen und die Farbenpracht und Geschicklichkeit der exotischen V\u00f6gel zu bewundern. Es wird ein magischer Moment sein, der Sie mit der unglaublichen Vielfalt des Meereslebens verbindet.<\/p>\n<p>Anschlie\u00dfend begeben wir uns auf eine faszinierende Wanderung durch den \u00fcppigen Tropenwald. In diesem gr\u00fcnen Paradies haben Sie die einmalige Gelegenheit, mit den V\u00f6geln der Liebe zu interagieren - eine Erfahrung, die Sie mit Freude erf\u00fcllen und Ihnen die nat\u00fcrliche Sch\u00f6nheit, die uns umgibt, n\u00e4her bringen wird. Entdecken Sie wilde Tiere in ihrem nat\u00fcrlichen Lebensraum und beobachten Sie Fische und Leguane in ihrer nat\u00fcrlichen Umgebung.<\/p>","protected":false},"excerpt":{"rendered":"<div data-track=\"overview\" data-v-83a2b402=\"\">\n<section id=\"activity-overview\" class=\"activity-overview\" data-component=\"overview\" data-v-83a2b402=\"\" data-v-f3236c42=\"\">\n<p class=\"activity-overview__content\" data-test-id=\"activity-overview-content\" data-v-f3236c42=\"\">You will be able to see dolphin, sea lion and bird shows, walk through the tropical forest: interact with love birds, see fish and iguanas, snorkel in the snorkeling fish aquarium.<\/p>\n<\/section>\n<\/div>\n<div data-track=\"key-details\" data-v-83a2b402=\"\"><\/div>","protected":false},"featured_media":16339,"template":"","meta":[],"product_brand":[],"product_cat":[97],"product_tag":[101,102],"class_list":{"0":"post-16322","1":"product","2":"type-product","3":"status-publish","4":"has-post-thumbnail","6":"product_cat-dominican-republic","7":"product_tag-excursion","8":"product_tag-tour","10":"first","11":"instock","12":"shipping-taxable","13":"product-type-external"},"_links":{"self":[{"href":"https:\/\/sabanadelamartours.com\/de\/wp-json\/wp\/v2\/product\/16322","targetHints":{"allow":["GET"]}}],"collection":[{"href":"https:\/\/sabanadelamartours.com\/de\/wp-json\/wp\/v2\/product"}],"about":[{"href":"https:\/\/sabanadelamartours.com\/de\/wp-json\/wp\/v2\/types\/product"}],"version-history":[{"count":0,"href":"https:\/\/sabanadelamartours.com\/de\/wp-json\/wp\/v2\/product\/16322\/revisions"}],"wp:featuredmedia":[{"embeddable":true,"href":"https:\/\/sabanadelamartours.com\/de\/wp-json\/wp\/v2\/media\/16339"}],"wp:attachment":[{"href":"https:\/\/sabanadelamartours.com\/de\/wp-json\/wp\/v2\/media?parent=16322"}],"wp:term":[{"taxonomy":"product_brand","embeddable":true,"href":"https:\/\/sabanadelamartours.com\/de\/wp-json\/wp\/v2\/product_brand?post=16322"},{"taxonomy":"product_cat","embeddable":true,"href":"https:\/\/sabanadelamartours.com\/de\/wp-json\/wp\/v2\/product_cat?post=16322"},{"taxonomy":"product_tag","embeddable":true,"href":"https:\/\/sabanadelamartours.com\/de\/wp-json\/wp\/v2\/product_tag?post=16322"}],"curies":[{"name":"wp","href":"https:\/\/api.w.org\/{rel}","templated":true}]}}