{"id":16410,"date":"2025-12-18T13:49:17","date_gmt":"2025-12-18T13:49:17","guid":{"rendered":"https:\/\/sabanadelamartours.com\/?post_type=product&#038;p=16410"},"modified":"2026-01-09T05:51:58","modified_gmt":"2026-01-09T05:51:58","slug":"-331","status":"publish","type":"product","link":"https:\/\/sabanadelamartours.com\/de\/tour\/-331\/","title":{"rendered":"Altos de Chav\u00f3n und Shopping in La Romana Tagestour"},"content":{"rendered":"<p>Entdecken Sie die makellosen Panoramen und die rustikale Sch\u00f6nheit der Dominikanischen Republik auf einer 5-st\u00fcndigen Tour durch die St\u00e4dte Altos de Chav\u00f3n und La Romana. Erfahren Sie mehr \u00fcber den lokalen Glauben und die Br\u00e4uche in einer unvergleichlichen karibischen Umgebung.<\/p>\n<p>Nach einem komfortablen Bustransfer im Morgengrauen beginnen Sie Ihre unvergessliche Expedition mit rauen Aussichten vor einer abgeschiedenen Kulisse an der Ostk\u00fcste von Hispaniola. Erleben Sie, wie das Karibische Meer die Skyline mit himmlischem T\u00fcrkisblau und sanftem Wellenrauschen lockt.<\/p>\n<p>Entdecken Sie ein Handwerkerdorf, das am Rande eines H\u00fcgels baumelt, und staunen Sie, wie es aussieht, als ob es kurz vor dem Umkippen zum Stehen gekommen ist. Altos de Chav\u00f3n ist ein architektonisches Wunderwerk, ein originalgetreuer Nachbau eines mediterranen Dorfes aus dem 16. Jahrhundert, das in der Karibik errichtet wurde. Jahrhundert. Bewundern Sie die weitl\u00e4ufigen Terrassen vor l\u00e4ndlicher Kulisse.<\/p>\n<p>Die vom Filmemacher Robert Coppa geschaffenen Kopfsteinpflaster-Gassen und das l\u00e4ndliche Dekor sind verlockend. Erfahren Sie mehr \u00fcber die Handwerkskunst der Stadt, ihre gepflasterten Stra\u00dfen und malerischen Geb\u00e4ude. Bei Ihrem Spaziergang werden Sie von Erinnerungen an eine mythische Vergangenheit geweckt, die von zeitgen\u00f6ssischer Kunst gepr\u00e4gt ist.<\/p>\n<p>Besuchen Sie das Arch\u00e4ologische Regionalmuseum, das mit pr\u00e4kolumbianischen Artefakten die Vergangenheit der Insel illustriert. Hier finden Sie eine F\u00fclle von antiken Gegenst\u00e4nden und arch\u00e4ologischen Relikten. Bewundern Sie die geod\u00e4tische Kuppel des Amphitheaters Altos de Chav\u00f3n, dem gr\u00f6\u00dften Freilufttheater der Dominikanischen Republik.<\/p>\n<div class=\"toggle-content__content toggle-content__content--expanded toggle-content__content--packable\" data-v-59485d64=\"\">\n<div data-test-id=\"activity-full-description-text\" data-v-5835c99c=\"\">Schauen Sie in der gr\u00f6\u00dften Zigarrenfabrik der Welt zu, wie die Meister Zigarren drehen. Lassen Sie sich vom bet\u00f6renden Duft des Tabaks verf\u00fchren, bevor Sie im Jumbo, dem gr\u00f6\u00dften Supermarkt der Stadt, auf der Suche nach authentischen Souvenirs die G\u00e4nge durchst\u00f6bern. Besuchen Sie abschlie\u00dfend die Columbus Plaza und kaufen Sie in der Mall Kunsthandwerk und lokale Produkte.<\/div>\n<\/div>\n<div class=\"toggle-content__label-placeholder\" data-v-59485d64=\"\"><\/div>","protected":false},"excerpt":{"rendered":"<p>Entdecken Sie auf einer 5-st\u00fcndigen Tour durch die Altos de Chav\u00f3n und La Romana die makellosen Panoramen der Dominikanischen Republik. Erfahren Sie mehr \u00fcber den lokalen Glauben und die Br\u00e4uche in einer unvergleichlichen karibischen Umgebung. Kaufen Sie anschlie\u00dfend einzigartige Souvenirs in einem authentischen karibischen Einkaufszentrum.<\/p>","protected":false},"featured_media":16425,"template":"","meta":[],"product_brand":[],"product_cat":[97],"product_tag":[101,102],"class_list":{"0":"post-16410","1":"product","2":"type-product","3":"status-publish","4":"has-post-thumbnail","6":"product_cat-dominican-republic","7":"product_tag-excursion","8":"product_tag-tour","10":"first","11":"instock","12":"shipping-taxable","13":"product-type-external"},"_links":{"self":[{"href":"https:\/\/sabanadelamartours.com\/de\/wp-json\/wp\/v2\/product\/16410","targetHints":{"allow":["GET"]}}],"collection":[{"href":"https:\/\/sabanadelamartours.com\/de\/wp-json\/wp\/v2\/product"}],"about":[{"href":"https:\/\/sabanadelamartours.com\/de\/wp-json\/wp\/v2\/types\/product"}],"version-history":[{"count":1,"href":"https:\/\/sabanadelamartours.com\/de\/wp-json\/wp\/v2\/product\/16410\/revisions"}],"predecessor-version":[{"id":18732,"href":"https:\/\/sabanadelamartours.com\/de\/wp-json\/wp\/v2\/product\/16410\/revisions\/18732"}],"wp:featuredmedia":[{"embeddable":true,"href":"https:\/\/sabanadelamartours.com\/de\/wp-json\/wp\/v2\/media\/16425"}],"wp:attachment":[{"href":"https:\/\/sabanadelamartours.com\/de\/wp-json\/wp\/v2\/media?parent=16410"}],"wp:term":[{"taxonomy":"product_brand","embeddable":true,"href":"https:\/\/sabanadelamartours.com\/de\/wp-json\/wp\/v2\/product_brand?post=16410"},{"taxonomy":"product_cat","embeddable":true,"href":"https:\/\/sabanadelamartours.com\/de\/wp-json\/wp\/v2\/product_cat?post=16410"},{"taxonomy":"product_tag","embeddable":true,"href":"https:\/\/sabanadelamartours.com\/de\/wp-json\/wp\/v2\/product_tag?post=16410"}],"curies":[{"name":"wp","href":"https:\/\/api.w.org\/{rel}","templated":true}]}}