{"id":16471,"date":"2025-12-18T13:52:24","date_gmt":"2025-12-18T13:52:24","guid":{"rendered":"https:\/\/sabanadelamartours.com\/?post_type=product&#038;p=16471"},"modified":"2026-02-14T03:34:16","modified_gmt":"2026-02-14T03:34:16","slug":"-336","status":"publish","type":"product","link":"https:\/\/sabanadelamartours.com\/de\/tour\/-336\/","title":{"rendered":"Punta Cana: Katamaran-Tour mit Taiguey Emotion Show"},"content":{"rendered":"<p>Genie\u00dfen Sie einen halbt\u00e4gigen Segelt\u00f6rn entlang der atemberaubenden, kristallklaren K\u00fcste von Punta Cana, mit einem Halt am herrlichen Naturpool von Playa Blanca. Bestaunen Sie die schillernden Korallenriffe im Karibischen Meer, wo Sie schnorcheln und die bunte Unterwasserwelt kennenlernen k\u00f6nnen. Genie\u00dfen Sie einen stressfreien Tag mit Abholung und R\u00fccktransport vom Hotel sowie Getr\u00e4nken, Snacks, Wettbewerben und \u00dcberraschungen.<\/p>\n<p>Versetzen Sie sich w\u00e4hrend Ihrer Reise in die karibische Stimmung mit der Taiguey Emotion Show, einem einzigartigen und unvergesslichen Erlebnis, das auf die ersten Bewohner der Dominikanischen Republik, Los Ta\u00ednos, anspielt. Lernen Sie mit den professionellen T\u00e4nzern an Bord einige traditionelle Schritte der karibischen Rhythmen (Salsa, Merengue, Bachata, Dembow, Mambo, Perico Ripiao, Dembow, Reggaeton u. a.).<\/p>\n<div class=\"toggle-content__content toggle-content__content--expanded toggle-content__content--packable\" data-v-59485d64=\"\">\n<div data-test-id=\"activity-full-description-text\" data-v-5835c99c=\"\">Die Taiguey Emotion Show beinhaltet einen Besuch im Taino-Museum. Hier lernen Sie etwas \u00fcber Kultur und Geschichte und erfahren, wie die Vorfahren der Dominikaner lebten. Au\u00dferdem erfahren Sie, wie man Tonst\u00fccke bearbeitet und Figuren f\u00fcr indigene Rituale auf handwerkliche Weise formt.<\/div>\n<\/div>\n<div class=\"toggle-content__label-placeholder\" data-v-59485d64=\"\"><\/div>","protected":false},"excerpt":{"rendered":"<div data-track=\"overview\" data-v-83a2b402=\"\">\n<section id=\"activity-overview\" class=\"activity-overview\" data-component=\"overview\" data-v-83a2b402=\"\" data-v-f3236c42=\"\">\n<p class=\"activity-overview__content\" data-test-id=\"activity-overview-content\" data-v-f3236c42=\"\">Genie\u00dfen Sie die festliche Atmosph\u00e4re und die Gesellschaft von professionellen T\u00e4nzern auf einer Katamaran-Tour. Schauen Sie sich einige Tanzroutinen an und lernen Sie die Grundschritte, w\u00e4hrend Sie in eine karibische Partyatmosph\u00e4re eintauchen.<\/p>\n<\/section>\n<\/div>\n<div data-track=\"key-details\" data-v-83a2b402=\"\"><\/div>","protected":false},"featured_media":16495,"template":"","meta":[],"product_brand":[],"product_cat":[97],"product_tag":[101,102],"class_list":{"0":"post-16471","1":"product","2":"type-product","3":"status-publish","4":"has-post-thumbnail","6":"product_cat-dominican-republic","7":"product_tag-excursion","8":"product_tag-tour","10":"first","11":"instock","12":"shipping-taxable","13":"product-type-external"},"_links":{"self":[{"href":"https:\/\/sabanadelamartours.com\/de\/wp-json\/wp\/v2\/product\/16471","targetHints":{"allow":["GET"]}}],"collection":[{"href":"https:\/\/sabanadelamartours.com\/de\/wp-json\/wp\/v2\/product"}],"about":[{"href":"https:\/\/sabanadelamartours.com\/de\/wp-json\/wp\/v2\/types\/product"}],"version-history":[{"count":2,"href":"https:\/\/sabanadelamartours.com\/de\/wp-json\/wp\/v2\/product\/16471\/revisions"}],"predecessor-version":[{"id":19203,"href":"https:\/\/sabanadelamartours.com\/de\/wp-json\/wp\/v2\/product\/16471\/revisions\/19203"}],"wp:featuredmedia":[{"embeddable":true,"href":"https:\/\/sabanadelamartours.com\/de\/wp-json\/wp\/v2\/media\/16495"}],"wp:attachment":[{"href":"https:\/\/sabanadelamartours.com\/de\/wp-json\/wp\/v2\/media?parent=16471"}],"wp:term":[{"taxonomy":"product_brand","embeddable":true,"href":"https:\/\/sabanadelamartours.com\/de\/wp-json\/wp\/v2\/product_brand?post=16471"},{"taxonomy":"product_cat","embeddable":true,"href":"https:\/\/sabanadelamartours.com\/de\/wp-json\/wp\/v2\/product_cat?post=16471"},{"taxonomy":"product_tag","embeddable":true,"href":"https:\/\/sabanadelamartours.com\/de\/wp-json\/wp\/v2\/product_tag?post=16471"}],"curies":[{"name":"wp","href":"https:\/\/api.w.org\/{rel}","templated":true}]}}