{"id":16505,"date":"2025-12-18T13:54:08","date_gmt":"2025-12-18T13:54:08","guid":{"rendered":"https:\/\/sabanadelamartours.com\/?post_type=product&#038;p=16505"},"modified":"2026-02-14T03:35:40","modified_gmt":"2026-02-14T03:35:40","slug":"-339","status":"publish","type":"product","link":"https:\/\/sabanadelamartours.com\/de\/tour\/-339\/","title":{"rendered":"Santo Domingo: Die Schlacht von Santo Domingo 4D-Attraktion"},"content":{"rendered":"<p>Begeben Sie sich auf eine atemberaubende Reise durch die Zeit mit \u201cDie Schlacht von Santo Domingo\u201d, einem unvergleichlichen 4D-Erlebnis, das Sie mitten in die Invasion von Santo Domingo durch den ber\u00fcchtigten Piraten Sir Francis Drake im Jahr 1586 eintauchen l\u00e4sst. Diese bahnbrechende Attraktion, die auf dem ITB Berlin Films Festival 2016 mit dem prestigetr\u00e4chtigen Preis \u2018Das Goldene Stadttor\u2019 ausgezeichnet wurde, ist die erste ihrer Art und bietet eine fesselnde Mischung aus Unterhaltung und Bildung.<\/p>\n<p>Bereiten Sie sich darauf vor, Zeuge von Drakes unerbittlichem Streben nach der Eroberung der ummauerten Stadt Santo Domingo zu werden, von seiner waghalsigen Reise in die Karibik bis hin zur fesselnden Belagerung und der endg\u00fcltigen Einnahme der Stadt. Dank modernster Technologie und atemberaubender Grafik tauchen Sie in die Sehensw\u00fcrdigkeiten und Ger\u00e4usche dieser historischen Schlacht ein und erleben jeden pulsierenden Moment aus der Perspektive der tapferen Seelen, die ihre Heimat verteidigten.<\/p>\n<p>Aber bei \u201cThe Battle of Santo Domingo\u201d geht es nicht nur um Spektakel - es geht darum, Sie mitten ins Geschehen zu versetzen. Auf Ihrer Reise durch die Stra\u00dfen und ikonischen Wahrzeichen von Santo Domingo weichen Sie Kanonenkugeln aus, weichen den schwingenden Schwertern der Piraten aus und schweben durch die L\u00fcfte \u00fcber der belagerten Stadt. Und wenn die Flammen die Stra\u00dfen und Geb\u00e4ude um Sie herum verschlingen, werden Sie die intensive Hitze auf Ihrem Gesicht sp\u00fcren, was diesem unvergesslichen Abenteuer eine zus\u00e4tzliche Dimension verleiht.<\/p>\n<div class=\"toggle-content__content toggle-content__content--expanded toggle-content__content--packable\" data-v-59485d64=\"\">\n<div data-test-id=\"activity-full-description-text\" data-v-5835c99c=\"\">Mit seiner unvergleichlichen Mischung aus Spannung, Bildung und Sinneseindr\u00fccken bietet \u201cDie Schlacht von Santo Domingo\u201d ein Erlebnis wie kein anderes. Egal, ob Sie ein Geschichtsliebhaber, ein Abenteurer oder einfach nur auf der Suche nach einem unvergesslichen Tag sind, diese aufregende 4D-Attraktion wird Ihnen den Atem rauben und Lust auf weitere Abenteuer in den Annalen der Geschichte machen.<\/div>\n<\/div>\n<div class=\"toggle-content__label-placeholder\" data-v-59485d64=\"\"><\/div>\n<div data-v-59485d64=\"\"><\/div>","protected":false},"excerpt":{"rendered":"<div data-track=\"overview\" data-v-83a2b402=\"\">\n<section id=\"activity-overview\" class=\"activity-overview\" data-component=\"overview\" data-v-83a2b402=\"\" data-v-f3236c42=\"\">\n<p class=\"activity-overview__content\" data-test-id=\"activity-overview-content\" data-v-f3236c42=\"\">Die Schlacht von Santo Domingo 4D: Geschichte zum Anfassen! Hochmoderne Bilder, dynamische Sitze und Surround-Sound versetzen Sie mitten in die Schlacht. F\u00fchlen, h\u00f6ren und riechen Sie die Vergangenheit wie nie zuvor!<\/p>\n<\/section>\n<\/div>\n<div data-track=\"key-details\" data-v-83a2b402=\"\"><\/div>","protected":false},"featured_media":16536,"template":"","meta":[],"product_brand":[],"product_cat":[97],"product_tag":[101,102],"class_list":{"0":"post-16505","1":"product","2":"type-product","3":"status-publish","4":"has-post-thumbnail","6":"product_cat-dominican-republic","7":"product_tag-excursion","8":"product_tag-tour","10":"first","11":"instock","12":"shipping-taxable","13":"product-type-external"},"_links":{"self":[{"href":"https:\/\/sabanadelamartours.com\/de\/wp-json\/wp\/v2\/product\/16505","targetHints":{"allow":["GET"]}}],"collection":[{"href":"https:\/\/sabanadelamartours.com\/de\/wp-json\/wp\/v2\/product"}],"about":[{"href":"https:\/\/sabanadelamartours.com\/de\/wp-json\/wp\/v2\/types\/product"}],"version-history":[{"count":2,"href":"https:\/\/sabanadelamartours.com\/de\/wp-json\/wp\/v2\/product\/16505\/revisions"}],"predecessor-version":[{"id":19206,"href":"https:\/\/sabanadelamartours.com\/de\/wp-json\/wp\/v2\/product\/16505\/revisions\/19206"}],"wp:featuredmedia":[{"embeddable":true,"href":"https:\/\/sabanadelamartours.com\/de\/wp-json\/wp\/v2\/media\/16536"}],"wp:attachment":[{"href":"https:\/\/sabanadelamartours.com\/de\/wp-json\/wp\/v2\/media?parent=16505"}],"wp:term":[{"taxonomy":"product_brand","embeddable":true,"href":"https:\/\/sabanadelamartours.com\/de\/wp-json\/wp\/v2\/product_brand?post=16505"},{"taxonomy":"product_cat","embeddable":true,"href":"https:\/\/sabanadelamartours.com\/de\/wp-json\/wp\/v2\/product_cat?post=16505"},{"taxonomy":"product_tag","embeddable":true,"href":"https:\/\/sabanadelamartours.com\/de\/wp-json\/wp\/v2\/product_tag?post=16505"}],"curies":[{"name":"wp","href":"https:\/\/api.w.org\/{rel}","templated":true}]}}