{"id":16551,"date":"2025-12-18T13:56:38","date_gmt":"2025-12-18T13:56:38","guid":{"rendered":"https:\/\/sabanadelamartours.com\/?post_type=product&#038;p=16551"},"modified":"2026-01-09T06:01:22","modified_gmt":"2026-01-09T06:01:22","slug":"-344","status":"publish","type":"product","link":"https:\/\/sabanadelamartours.com\/de\/tour\/-344\/","title":{"rendered":"Die 7 versteckten Str\u00e4nde in Saman\u00e1 &amp; Las Galeras"},"content":{"rendered":"<p>Tour zu den 7 Str\u00e4nden des Paradieses! Ein unvergessliches Erlebnis!<\/p>\n<p>Eine 3 km lange Wanderung, bei der Sie die Sch\u00f6nheit von 7 paradiesischen, unber\u00fchrten Str\u00e4nden bewundern und die Natur der Karibik in ihrer ganzen Pracht erleben k\u00f6nnen!<\/p>\n<p>Diese Str\u00e4nde sind wundersch\u00f6n und wir werden Sie auf Ihrer Reise begleiten und f\u00fchren, damit Sie sie finden k\u00f6nnen. Sie werden die paradiesische Umgebung und auch ein k\u00f6stliches typisch dominikanisches Essen am Strand genie\u00dfen!<\/p>\n<p>Im Folgenden erl\u00e4utern wir die Einzelheiten dieser wundersch\u00f6nen Wanderung mit R\u00fcckfahrt per Schiff.<\/p>\n<p>Beschreibung unserer Wanderung:<\/p>\n<p>*Duarte-H\u00f6hle:<\/p>\n<p>Wir besuchen eine H\u00f6hle, die Duarte-H\u00f6hle, und lernen die Flora der Umgebung der H\u00f6hle kennen, aus der die Ta\u00ednos ihre Heilmedizin und ihre Nahrungsmittel wie Guayiga-Brot und andere Arten herstellen....<\/p>\n<p>Ausschau halten<\/p>\n<p>Wir verlassen die H\u00f6hle durch das andere Ende und gelangen zu einem sch\u00f6nen Aussichtspunkt, von dem aus wir die spektakul\u00e4re Route der 7 versteckten Str\u00e4nde von Las Galeras von einem Gipfel aus betrachten k\u00f6nnen.<\/p>\n<p>&nbsp;<\/p>\n<p>Von der H\u00f6hle zu den ersten 2 Str\u00e4nden:<\/p>\n<p>\u2747\ufe0fCaleton Strand und<\/p>\n<p>\u2747\ufe0fLost Beach Der Weg ist felsig, aber einfach und zug\u00e4nglich. Dann zum Strand Nummer drei:<\/p>\n<p>\u2747\ufe0fColorada Strand 1<\/p>\n<p>Der Weg ist sehr angenehm, Sie werden durch das Paradies wandern!<\/p>\n<p>Dort werden wir ein k\u00f6stliches typisch dominikanisches Essen, in Form eines Buffets und seiner nat\u00fcrlichen Saft machen. Eine Stunde und eine halbe Haltestelle, wo sie baden und gutes Essen genie\u00dfen k\u00f6nnen.<\/p>\n<p>Nach dem Mittagessen setzen wir den Besuch der anderen Str\u00e4nde zu Fu\u00df fort. Und etwa 15 Minuten nach Playa Rincon, um das Boot zu nehmen und nach La Playita, Las Galeras zur\u00fcckzukehren.<\/p>","protected":false},"excerpt":{"rendered":"<div data-track=\"overview\" data-v-83a2b402=\"\">\n<section id=\"activity-overview\" class=\"activity-overview\" data-component=\"overview\" data-v-83a2b402=\"\" data-v-f3236c42=\"\">\n<p class=\"activity-overview__content\" data-test-id=\"activity-overview-content\" data-v-f3236c42=\"\">Erleben Sie die Natur auf einer gef\u00fchrten Wandertour in Saman\u00e1 und besuchen Sie 7 tropische Str\u00e4nde. Halten Sie unter anderem an den Str\u00e4nden Caleton, Colorada und Niningo und genie\u00dfen Sie ein traditionelles dominikanisches Mittagessen.<\/p>\n<\/section>\n<\/div>\n<div data-track=\"key-details\" data-v-83a2b402=\"\"><\/div>","protected":false},"featured_media":16580,"template":"","meta":[],"product_brand":[],"product_cat":[97],"product_tag":[101,102],"class_list":{"0":"post-16551","1":"product","2":"type-product","3":"status-publish","4":"has-post-thumbnail","6":"product_cat-dominican-republic","7":"product_tag-excursion","8":"product_tag-tour","10":"first","11":"instock","12":"shipping-taxable","13":"product-type-external"},"_links":{"self":[{"href":"https:\/\/sabanadelamartours.com\/de\/wp-json\/wp\/v2\/product\/16551","targetHints":{"allow":["GET"]}}],"collection":[{"href":"https:\/\/sabanadelamartours.com\/de\/wp-json\/wp\/v2\/product"}],"about":[{"href":"https:\/\/sabanadelamartours.com\/de\/wp-json\/wp\/v2\/types\/product"}],"version-history":[{"count":1,"href":"https:\/\/sabanadelamartours.com\/de\/wp-json\/wp\/v2\/product\/16551\/revisions"}],"predecessor-version":[{"id":18737,"href":"https:\/\/sabanadelamartours.com\/de\/wp-json\/wp\/v2\/product\/16551\/revisions\/18737"}],"wp:featuredmedia":[{"embeddable":true,"href":"https:\/\/sabanadelamartours.com\/de\/wp-json\/wp\/v2\/media\/16580"}],"wp:attachment":[{"href":"https:\/\/sabanadelamartours.com\/de\/wp-json\/wp\/v2\/media?parent=16551"}],"wp:term":[{"taxonomy":"product_brand","embeddable":true,"href":"https:\/\/sabanadelamartours.com\/de\/wp-json\/wp\/v2\/product_brand?post=16551"},{"taxonomy":"product_cat","embeddable":true,"href":"https:\/\/sabanadelamartours.com\/de\/wp-json\/wp\/v2\/product_cat?post=16551"},{"taxonomy":"product_tag","embeddable":true,"href":"https:\/\/sabanadelamartours.com\/de\/wp-json\/wp\/v2\/product_tag?post=16551"}],"curies":[{"name":"wp","href":"https:\/\/api.w.org\/{rel}","templated":true}]}}