{"id":16574,"date":"2025-12-18T13:57:37","date_gmt":"2025-12-18T13:57:37","guid":{"rendered":"https:\/\/sabanadelamartours.com\/?post_type=product&#038;p=16574"},"modified":"2026-01-07T11:00:46","modified_gmt":"2026-01-07T11:00:46","slug":"von-punta-cana-sanctuary-walbeobachtungstagesausflug-2","status":"publish","type":"product","link":"https:\/\/sabanadelamartours.com\/de\/tour\/von-punta-cana-sanctuary-walbeobachtungstagesausflug-2\/","title":{"rendered":"Von Punta Cana aus: Tagesausflug zur Walbeobachtung im Sanctuary"},"content":{"rendered":"<p>Genie\u00dfen Sie eine malerische Kreuzfahrt mit Walbeobachtung in Cayo Levantado. Verlassen Sie Punta Cana und genie\u00dfen Sie die sch\u00f6ne Aussicht auf die K\u00fcste vom Boot aus und halten Sie auf der Insel Cayo Levantado f\u00fcr ein Mittagessen und Zeit zur Erkundung. Beginnen Sie die Tour, indem Sie den Reiseleiter gegen 6:30 Uhr an Ihrem Hotel oder Ihrer Unterkunft in Punta Cana treffen und zum Hafen von Sabana de La Mar fahren. Gehen Sie an Bord des Bootes und machen Sie sich auf den Weg zum Whale-Watching-Teil der Tour. Beobachten Sie die Wale in ihrem nat\u00fcrlichen Lebensraum vom Boot aus und genie\u00dfen Sie es, diese pr\u00e4chtigen Gesch\u00f6pfe aus n\u00e4chster N\u00e4he zu sehen. Beobachten Sie Meeresbewohner wie die Buckelwale, die jedes Jahr in diese Gegend ziehen. Fahren Sie zur Insel Cayo Levantado, wo Sie ein typisch dominikanisches Mittagessen mit einheimischen Gerichten einnehmen, einen Spaziergang um die Insel machen, Volleyball spielen oder im Schatten entspannen k\u00f6nnen. Um 4:30 Uhr kehren Sie nach Sabana de La Mar zur\u00fcck, von wo aus Sie nach Punta Cana zur\u00fcckkehren.<\/p>","protected":false},"excerpt":{"rendered":"<div data-track=\"overview\" data-v-83a2b402=\"\">\n<section id=\"activity-overview\" class=\"activity-overview\" data-component=\"overview\" data-v-83a2b402=\"\" data-v-f3236c42=\"\">\n<p class=\"activity-overview__content\" data-test-id=\"activity-overview-content\" data-v-f3236c42=\"\">Genie\u00dfen Sie Walsichtungen aus n\u00e4chster N\u00e4he auf einer Rundfahrt von Punta Cana aus. Genie\u00dfen Sie vom Boot aus die herrliche Aussicht auf die K\u00fcste und halten Sie auf der Insel Cayo Levantado an, um zu Mittag zu essen und etwas Zeit zur freien Verf\u00fcgung zu haben.<\/p>\n<\/section>\n<\/div>\n<div data-track=\"key-details\" data-v-83a2b402=\"\"><\/div>","protected":false},"featured_media":16601,"template":"","meta":[],"product_brand":[],"product_cat":[97],"product_tag":[101,102],"class_list":{"0":"post-16574","1":"product","2":"type-product","3":"status-publish","4":"has-post-thumbnail","6":"product_cat-dominican-republic","7":"product_tag-excursion","8":"product_tag-tour","10":"first","11":"instock","12":"shipping-taxable","13":"product-type-external"},"_links":{"self":[{"href":"https:\/\/sabanadelamartours.com\/de\/wp-json\/wp\/v2\/product\/16574","targetHints":{"allow":["GET"]}}],"collection":[{"href":"https:\/\/sabanadelamartours.com\/de\/wp-json\/wp\/v2\/product"}],"about":[{"href":"https:\/\/sabanadelamartours.com\/de\/wp-json\/wp\/v2\/types\/product"}],"version-history":[{"count":1,"href":"https:\/\/sabanadelamartours.com\/de\/wp-json\/wp\/v2\/product\/16574\/revisions"}],"predecessor-version":[{"id":18602,"href":"https:\/\/sabanadelamartours.com\/de\/wp-json\/wp\/v2\/product\/16574\/revisions\/18602"}],"wp:featuredmedia":[{"embeddable":true,"href":"https:\/\/sabanadelamartours.com\/de\/wp-json\/wp\/v2\/media\/16601"}],"wp:attachment":[{"href":"https:\/\/sabanadelamartours.com\/de\/wp-json\/wp\/v2\/media?parent=16574"}],"wp:term":[{"taxonomy":"product_brand","embeddable":true,"href":"https:\/\/sabanadelamartours.com\/de\/wp-json\/wp\/v2\/product_brand?post=16574"},{"taxonomy":"product_cat","embeddable":true,"href":"https:\/\/sabanadelamartours.com\/de\/wp-json\/wp\/v2\/product_cat?post=16574"},{"taxonomy":"product_tag","embeddable":true,"href":"https:\/\/sabanadelamartours.com\/de\/wp-json\/wp\/v2\/product_tag?post=16574"}],"curies":[{"name":"wp","href":"https:\/\/api.w.org\/{rel}","templated":true}]}}