{"id":16645,"date":"2025-12-18T14:00:54","date_gmt":"2025-12-18T14:00:54","guid":{"rendered":"https:\/\/sabanadelamartours.com\/?post_type=product&#038;p=16645"},"modified":"2026-01-09T10:04:07","modified_gmt":"2026-01-09T10:04:07","slug":"catalina-island-ganztagiges-schnorcheln-mit-mittagessen-ab-punta-cana","status":"publish","type":"product","link":"https:\/\/sabanadelamartours.com\/de\/tour\/catalina-island-ganztagiges-schnorcheln-mit-mittagessen-ab-punta-cana\/","title":{"rendered":"Catalina Island Ganzt\u00e4giges Schnorcheln + Mittagessen ab Punta Cana"},"content":{"rendered":"<p>Begeben Sie sich auf eine unvergessliche Reise mit unserer Catalina Island Day Tour, einem perfekten Ausflug ab Punta Cana. Tauchen Sie mit unserer Schnorchel-Expedition in das Herz der Insel Catalina ein, die nichts weniger als aufregend zu sein verspricht. Tauchen Sie ein in das kristallklare Wasser und lassen Sie sich von den Korallenriffen der Insel faszinieren, in denen es von einer schillernden Vielfalt an Meereslebewesen wimmelt.<\/p>\n<div class=\"toggle-content__content toggle-content__content--expanded toggle-content__content--packable\" data-v-59485d64=\"\">\n<div data-test-id=\"activity-full-description-text\" data-v-5835c99c=\"\">G\u00f6nnen Sie Ihren Geschmacksknospen nach Ihrem Wasserabenteuer ein k\u00f6stliches Mittagessen auf der Insel, wo lokale und internationale K\u00fcche zu einem Festmahl verschmelzen, das so k\u00f6stlich ist wie die Umgebung. Erg\u00e4nzen Sie Ihre Mahlzeit mit einer Reihe kostenloser Erfrischungen, darunter Wasser, Softdrinks, der beliebteste Rum der Insel und das traditionelle dominikanische Getr\u00e4nk Mama Juana, damit Ihr Ausflug auf die Insel Catalina ebenso erfrischend wie bezaubernd ist.<\/div>\n<\/div>\n<div class=\"toggle-content__label-placeholder\" data-v-59485d64=\"\"><\/div>","protected":false},"excerpt":{"rendered":"<div data-track=\"overview\" data-v-83a2b402=\"\">\n<section id=\"activity-overview\" class=\"activity-overview\" data-component=\"overview\" data-v-83a2b402=\"\" data-v-f3236c42=\"\">\n<p class=\"activity-overview__content\" data-test-id=\"activity-overview-content\" data-v-f3236c42=\"\">Begeben Sie sich auf eine unvergessliche Reise mit unserer Catalina Island Day Tour, einem perfekten Ausflug ab Punta Cana. Tauchen Sie mit unserer Schnorchel-Expedition in das Herz von Catalina Island ein.<\/p>\n<\/section>\n<\/div>\n<div data-track=\"key-details\" data-v-83a2b402=\"\"><\/div>","protected":false},"featured_media":16690,"template":"","meta":[],"product_brand":[],"product_cat":[97],"product_tag":[101,102],"class_list":{"0":"post-16645","1":"product","2":"type-product","3":"status-publish","4":"has-post-thumbnail","6":"product_cat-dominican-republic","7":"product_tag-excursion","8":"product_tag-tour","10":"first","11":"instock","12":"shipping-taxable","13":"product-type-external"},"_links":{"self":[{"href":"https:\/\/sabanadelamartours.com\/de\/wp-json\/wp\/v2\/product\/16645","targetHints":{"allow":["GET"]}}],"collection":[{"href":"https:\/\/sabanadelamartours.com\/de\/wp-json\/wp\/v2\/product"}],"about":[{"href":"https:\/\/sabanadelamartours.com\/de\/wp-json\/wp\/v2\/types\/product"}],"version-history":[{"count":1,"href":"https:\/\/sabanadelamartours.com\/de\/wp-json\/wp\/v2\/product\/16645\/revisions"}],"predecessor-version":[{"id":18747,"href":"https:\/\/sabanadelamartours.com\/de\/wp-json\/wp\/v2\/product\/16645\/revisions\/18747"}],"wp:featuredmedia":[{"embeddable":true,"href":"https:\/\/sabanadelamartours.com\/de\/wp-json\/wp\/v2\/media\/16690"}],"wp:attachment":[{"href":"https:\/\/sabanadelamartours.com\/de\/wp-json\/wp\/v2\/media?parent=16645"}],"wp:term":[{"taxonomy":"product_brand","embeddable":true,"href":"https:\/\/sabanadelamartours.com\/de\/wp-json\/wp\/v2\/product_brand?post=16645"},{"taxonomy":"product_cat","embeddable":true,"href":"https:\/\/sabanadelamartours.com\/de\/wp-json\/wp\/v2\/product_cat?post=16645"},{"taxonomy":"product_tag","embeddable":true,"href":"https:\/\/sabanadelamartours.com\/de\/wp-json\/wp\/v2\/product_tag?post=16645"}],"curies":[{"name":"wp","href":"https:\/\/api.w.org\/{rel}","templated":true}]}}