{"id":16700,"date":"2025-12-18T14:03:14","date_gmt":"2025-12-18T14:03:14","guid":{"rendered":"https:\/\/sabanadelamartours.com\/?post_type=product&#038;p=16700"},"modified":"2026-02-14T03:38:32","modified_gmt":"2026-02-14T03:38:32","slug":"atv-und-reiten-mit-blauer-hohle-punta-cana","status":"publish","type":"product","link":"https:\/\/sabanadelamartours.com\/de\/tour\/atv-und-reiten-mit-blauer-hohle-punta-cana\/","title":{"rendered":"ATV und Reiten mit Blue Cave :Punta Cana"},"content":{"rendered":"<p>Machen Sie sich bereit f\u00fcr einen Tag voller Aufregung und Entdeckungen mit unserer exklusiven Kombitour. Fahren Sie mit einem ATV durch spektakul\u00e4re Landschaften, reiten Sie auf einem Pferd \u00fcber malerische Pfade, erkunden Sie das lokale Leben in einem authentischen, typischen Haus und tauchen Sie ein in die magische Sch\u00f6nheit einer versteckten Blauwasserh\u00f6hle. Diese Tour ist die perfekte Mischung aus Adrenalin, Kultur und Natur, die Ihr Abenteuer in der Dominikanischen Republik wirklich unvergesslich machen wird.<\/p>\n<p>Reiseroute:<\/p>\n<p>Beginn der Reise:<\/p>\n<p>Ihr Tag beginnt mit der Abholung von Ihrer Unterkunft und einer herzlichen Begr\u00fc\u00dfung durch unsere fachkundigen F\u00fchrer. Nach einer kurzen Einf\u00fchrung und Ausr\u00fcstung steigen Sie auf ein ATV, um Ihre aufregende Reise zu beginnen.<\/p>\n<p>ATV-Abenteuer:<\/p>\n<p>Sp\u00fcren Sie den Adrenalinsto\u00df, wenn Sie mit Ihrem ATV \u00fcber Landstra\u00dfen und versteckte Pfade fahren. Genie\u00dfen Sie den Panoramablick auf die \u00fcppige Vegetation und die tropische Landschaft, w\u00e4hrend Sie aufregende Routen befahren, die eine echte Verbindung zur Natur bieten.<\/p>\n<p>Reiten:<\/p>\n<p>Nach dem Nervenkitzel mit dem ATV steigen Sie auf ein edles Pferd und reiten entspannt \u00fcber reizvolle Stra\u00dfen. Auf dieser Etappe der Tour k\u00f6nnen Sie die Ruhe der Landschaft genie\u00dfen und die Sch\u00f6nheit der Natur in einem gem\u00e4chlichen Tempo bewundern, gef\u00fchrt von unseren erfahrenen Reitern.<\/p>\n<p>Besuch in einem typischen Haus:<\/p>\n<p>Tauchen Sie ein in die lokale Kultur mit einem Besuch in einem typischen Haus. Hier haben Sie die Gelegenheit, die Bewohner kennenzulernen, etwas \u00fcber ihre Traditionen zu erfahren und liebevoll zubereitete lokale K\u00f6stlichkeiten zu probieren. Dieser Stopp bietet einen authentischen Einblick in das Alltagsleben und die dominikanische Gastfreundschaft.<\/p>\n<p>Entdeckung der Blauen H\u00f6hle:<\/p>\n<p>Das versteckte Juwel Ihres Abenteuers ist die Blauwasserh\u00f6hle. Nach einer kurzen Wanderung werden Sie von dem atemberaubenden t\u00fcrkisfarbenen Wasser der H\u00f6hle begr\u00fc\u00dft, einem magischen Ort, der Sie zum Schwimmen und Entspannen in seiner erfrischenden Umgebung einl\u00e4dt. Die Sch\u00f6nheit dieser versteckten Ecke wird Ihnen den Atem rauben.<\/p>\n<p>R\u00fcckkehr und Verabschiedung:<\/p>\n<div class=\"toggle-content__content toggle-content__content--expanded toggle-content__content--packable\" data-v-59485d64=\"\">\n<div data-test-id=\"activity-full-description-text\" data-v-5835c99c=\"\">Nach einem Tag voller Emotionen kehren Sie mit unausl\u00f6schlichen Erinnerungen an einen Tag voller Abenteuer, Kultur und Natursch\u00f6nheiten zu Ihrem Ausgangspunkt zur\u00fcck.<\/div>\n<\/div>\n<div class=\"toggle-content__label-placeholder\" data-v-59485d64=\"\"><\/div>","protected":false},"excerpt":{"rendered":"<div data-track=\"overview\" data-v-83a2b402=\"\">\n<section id=\"activity-overview\" class=\"activity-overview\" data-component=\"overview\" data-v-83a2b402=\"\" data-v-f3236c42=\"\">\n<p class=\"activity-overview__content\" data-test-id=\"activity-overview-content\" data-v-f3236c42=\"\">Begeben Sie sich auf ein einzigartiges Erlebnis voller Adrenalin und nat\u00fcrlicher Sch\u00f6nheit mit unserer ATV- und Pferdekombinationstour. Machen Sie sich bereit f\u00fcr einen aufregenden Tag, der Sie durch atemberaubende Landschaften f\u00fchren wird.<\/p>\n<\/section>\n<\/div>\n<div data-track=\"key-details\" data-v-83a2b402=\"\"><\/div>","protected":false},"featured_media":16739,"template":"","meta":[],"product_brand":[],"product_cat":[97],"product_tag":[101,102],"class_list":{"0":"post-16700","1":"product","2":"type-product","3":"status-publish","4":"has-post-thumbnail","6":"product_cat-dominican-republic","7":"product_tag-excursion","8":"product_tag-tour","10":"first","11":"instock","12":"shipping-taxable","13":"product-type-external"},"_links":{"self":[{"href":"https:\/\/sabanadelamartours.com\/de\/wp-json\/wp\/v2\/product\/16700","targetHints":{"allow":["GET"]}}],"collection":[{"href":"https:\/\/sabanadelamartours.com\/de\/wp-json\/wp\/v2\/product"}],"about":[{"href":"https:\/\/sabanadelamartours.com\/de\/wp-json\/wp\/v2\/types\/product"}],"version-history":[{"count":1,"href":"https:\/\/sabanadelamartours.com\/de\/wp-json\/wp\/v2\/product\/16700\/revisions"}],"predecessor-version":[{"id":19211,"href":"https:\/\/sabanadelamartours.com\/de\/wp-json\/wp\/v2\/product\/16700\/revisions\/19211"}],"wp:featuredmedia":[{"embeddable":true,"href":"https:\/\/sabanadelamartours.com\/de\/wp-json\/wp\/v2\/media\/16739"}],"wp:attachment":[{"href":"https:\/\/sabanadelamartours.com\/de\/wp-json\/wp\/v2\/media?parent=16700"}],"wp:term":[{"taxonomy":"product_brand","embeddable":true,"href":"https:\/\/sabanadelamartours.com\/de\/wp-json\/wp\/v2\/product_brand?post=16700"},{"taxonomy":"product_cat","embeddable":true,"href":"https:\/\/sabanadelamartours.com\/de\/wp-json\/wp\/v2\/product_cat?post=16700"},{"taxonomy":"product_tag","embeddable":true,"href":"https:\/\/sabanadelamartours.com\/de\/wp-json\/wp\/v2\/product_tag?post=16700"}],"curies":[{"name":"wp","href":"https:\/\/api.w.org\/{rel}","templated":true}]}}