{"id":16878,"date":"2025-12-18T14:11:24","date_gmt":"2025-12-18T14:11:24","guid":{"rendered":"https:\/\/sabanadelamartours.com\/?post_type=product&#038;p=16878"},"modified":"2026-01-09T13:03:37","modified_gmt":"2026-01-09T13:03:37","slug":"-353","status":"publish","type":"product","link":"https:\/\/sabanadelamartours.com\/de\/tour\/-353\/","title":{"rendered":"Samana: Private Los Haitises Expedition H\u00f6hlen &amp; Mangroven"},"content":{"rendered":"<p>Diese einmalige Tour bietet Ihnen die M\u00f6glichkeit, das gr\u00f6\u00dfte Naturschutzgebiet der Dominikanischen Republik zu entdecken. Erleben Sie das Juwel unter den \u00d6kotourismusreisen in der Karibik.<\/p>\n<p>Wie viele Nationalparks hat die Dominikanische Republik? Wo liegt der Nationalpark Los Haitises? Was ist die Bedeutung von Haitises? Welche Art von Natur kann man in Los Haitises finden? Was ist die Verbindung zwischen dem Film Jurassic Park und Los Haitises? Warum sollten Sie bald nach Los Haitises reisen?.<\/p>\n<p>Sie werden die wundersch\u00f6ne, traumhafte Naturlandschaft der Meeres- und Mangrovenw\u00e4lder in der Bucht von San Lorenzo entdecken. Ein unvergesslicher Abenteuertag, der Sie in die wahre Essenz dessen eintauchen l\u00e4sst, was die Dominikanische Republik zu bieten hat.<\/p>\n<div class=\"toggle-content__content toggle-content__content--expanded toggle-content__content--packable\" data-v-59485d64=\"\">\n<div data-test-id=\"activity-full-description-text\" data-v-5835c99c=\"\">Machen Sie sich bereit, die Dominikanische Republik aus einer anderen Perspektive zu erleben. Ein lokaler, charismatischer F\u00fchrer wird Ihnen interessante Fakten \u00fcber den Nationalpark Los Haitises verraten.<\/div>\n<\/div>","protected":false},"excerpt":{"rendered":"<div data-track=\"overview\" data-v-83a2b402=\"\">\n<section id=\"activity-overview\" class=\"activity-overview\" data-component=\"overview\" data-v-83a2b402=\"\" data-v-f3236c42=\"\">\n<p class=\"activity-overview__content\" data-test-id=\"activity-overview-content\" data-v-f3236c42=\"\">Machen Sie einen Ausflug in das gr\u00f6\u00dfte Naturschutzgebiet der Dominikanischen Republik. Erkunden Sie mit dem Boot einzigartige H\u00f6hlen mit \u00fcppigen Mangrovenw\u00e4ldern und besuchen Sie das abgelegene St\u00e4dtchen Sabana de La Mar in der Gegend von Cano Hondo.<\/p>\n<\/section>\n<\/div>\n<div data-track=\"key-details\" data-v-83a2b402=\"\"><\/div>","protected":false},"featured_media":16907,"template":"","meta":[],"product_brand":[],"product_cat":[97,103],"product_tag":[101,102],"class_list":{"0":"post-16878","1":"product","2":"type-product","3":"status-publish","4":"has-post-thumbnail","6":"product_cat-dominican-republic","7":"product_cat-los-haitises","8":"product_tag-excursion","9":"product_tag-tour","11":"first","12":"instock","13":"shipping-taxable","14":"product-type-external"},"_links":{"self":[{"href":"https:\/\/sabanadelamartours.com\/de\/wp-json\/wp\/v2\/product\/16878","targetHints":{"allow":["GET"]}}],"collection":[{"href":"https:\/\/sabanadelamartours.com\/de\/wp-json\/wp\/v2\/product"}],"about":[{"href":"https:\/\/sabanadelamartours.com\/de\/wp-json\/wp\/v2\/types\/product"}],"version-history":[{"count":1,"href":"https:\/\/sabanadelamartours.com\/de\/wp-json\/wp\/v2\/product\/16878\/revisions"}],"predecessor-version":[{"id":18752,"href":"https:\/\/sabanadelamartours.com\/de\/wp-json\/wp\/v2\/product\/16878\/revisions\/18752"}],"wp:featuredmedia":[{"embeddable":true,"href":"https:\/\/sabanadelamartours.com\/de\/wp-json\/wp\/v2\/media\/16907"}],"wp:attachment":[{"href":"https:\/\/sabanadelamartours.com\/de\/wp-json\/wp\/v2\/media?parent=16878"}],"wp:term":[{"taxonomy":"product_brand","embeddable":true,"href":"https:\/\/sabanadelamartours.com\/de\/wp-json\/wp\/v2\/product_brand?post=16878"},{"taxonomy":"product_cat","embeddable":true,"href":"https:\/\/sabanadelamartours.com\/de\/wp-json\/wp\/v2\/product_cat?post=16878"},{"taxonomy":"product_tag","embeddable":true,"href":"https:\/\/sabanadelamartours.com\/de\/wp-json\/wp\/v2\/product_tag?post=16878"}],"curies":[{"name":"wp","href":"https:\/\/api.w.org\/{rel}","templated":true}]}}