{"id":17105,"date":"2025-12-18T14:23:11","date_gmt":"2025-12-18T14:23:11","guid":{"rendered":"https:\/\/sabanadelamartours.com\/?post_type=product&#038;p=17105"},"modified":"2026-01-09T14:16:14","modified_gmt":"2026-01-09T14:16:14","slug":"punta-cana-speedboat-und-schnorchelabenteuer-2","status":"publish","type":"product","link":"https:\/\/sabanadelamartours.com\/de\/tour\/punta-cana-speedboat-und-schnorchelabenteuer-2\/","title":{"rendered":"Punta Cana: Schnellboot und Schnorchelabenteuer"},"content":{"rendered":"<p>Begeben Sie sich mit Sailing Splash auf ein Adrenalin-Abenteuer. Fahren Sie Ihr eigenes Hochgeschwindigkeitsboot, genau wie James Bond! Erleben Sie die sch\u00f6nsten Str\u00e4nde, w\u00e4hrend Sie gegen den Wind und die Wellen fahren. Tauchen Sie mit Snorkel in die Unterwasserwelt ein und genie\u00dfen Sie die beeindruckenden Naturlandschaften und die \u00fcppige Unterwasserwelt des Korallenriffs von B\u00e1varo, w\u00e4hrend Sie auf dem Meeresgrund navigieren.<\/p>\n<p>Treffen Sie unsere zweisprachigen Guides und machen Sie sich bereit f\u00fcr eine unglaubliche Erfahrung beim Schnorcheln, eine wunderbare Aktivit\u00e4t f\u00fcr alle. Sie werden die Unterwasserwelt aus einem ganz anderen Blickwinkel erkunden! Bereiten Sie sich darauf vor, das sch\u00f6nste Riff von Punta Cana zu sehen, wo Sie eine fabelhafte Vielfalt von verschiedenen bunten Fischen sehen werden.<\/p>\n<div class=\"toggle-content__content toggle-content__content--expanded toggle-content__content--packable\" data-v-59485d64=\"\">\n<div data-test-id=\"activity-full-description-text\" data-v-5835c99c=\"\">Das Karibische Meer ist eine ideale Umgebung, um Speedboating zu genie\u00dfen, wo zus\u00e4tzlich zum offenen Meer gibt es Ecken, um die Umgebung von Punta Cana zu genie\u00dfen. Spa\u00df und Abenteuer in einer perfekten Umgebung, um eine einzigartige Aktivit\u00e4t zusammen mit anderen in einem spektakul\u00e4ren Tempo zu genie\u00dfen.<\/div>\n<\/div>\n<div class=\"toggle-content__label-placeholder\" data-v-59485d64=\"\"><\/div>","protected":false},"excerpt":{"rendered":"<div data-track=\"overview\" data-v-83a2b402=\"\">\n<section id=\"activity-overview\" class=\"activity-overview\" data-component=\"overview\" data-v-83a2b402=\"\" data-v-f3236c42=\"\">\n<p class=\"activity-overview__content\" data-test-id=\"activity-overview-content\" data-v-f3236c42=\"\">Genie\u00dfen Sie ein adrenalingeladenes Abenteuer mit Sailing Splash, Sie werden in Ihrem eigenen Hochgeschwindigkeitsboot entlang der K\u00fcste von B\u00e1varo in Punta Cana navigieren<\/p>\n<\/section>\n<\/div>\n<div data-track=\"key-details\" data-v-83a2b402=\"\"><\/div>","protected":false},"featured_media":17142,"template":"","meta":[],"product_brand":[],"product_cat":[97],"product_tag":[101,102],"class_list":{"0":"post-17105","1":"product","2":"type-product","3":"status-publish","4":"has-post-thumbnail","6":"product_cat-dominican-republic","7":"product_tag-excursion","8":"product_tag-tour","10":"first","11":"instock","12":"sale","13":"shipping-taxable","14":"product-type-external"},"_links":{"self":[{"href":"https:\/\/sabanadelamartours.com\/de\/wp-json\/wp\/v2\/product\/17105","targetHints":{"allow":["GET"]}}],"collection":[{"href":"https:\/\/sabanadelamartours.com\/de\/wp-json\/wp\/v2\/product"}],"about":[{"href":"https:\/\/sabanadelamartours.com\/de\/wp-json\/wp\/v2\/types\/product"}],"version-history":[{"count":1,"href":"https:\/\/sabanadelamartours.com\/de\/wp-json\/wp\/v2\/product\/17105\/revisions"}],"predecessor-version":[{"id":18766,"href":"https:\/\/sabanadelamartours.com\/de\/wp-json\/wp\/v2\/product\/17105\/revisions\/18766"}],"wp:featuredmedia":[{"embeddable":true,"href":"https:\/\/sabanadelamartours.com\/de\/wp-json\/wp\/v2\/media\/17142"}],"wp:attachment":[{"href":"https:\/\/sabanadelamartours.com\/de\/wp-json\/wp\/v2\/media?parent=17105"}],"wp:term":[{"taxonomy":"product_brand","embeddable":true,"href":"https:\/\/sabanadelamartours.com\/de\/wp-json\/wp\/v2\/product_brand?post=17105"},{"taxonomy":"product_cat","embeddable":true,"href":"https:\/\/sabanadelamartours.com\/de\/wp-json\/wp\/v2\/product_cat?post=17105"},{"taxonomy":"product_tag","embeddable":true,"href":"https:\/\/sabanadelamartours.com\/de\/wp-json\/wp\/v2\/product_tag?post=17105"}],"curies":[{"name":"wp","href":"https:\/\/api.w.org\/{rel}","templated":true}]}}