{"id":17173,"date":"2025-12-18T14:25:51","date_gmt":"2025-12-18T14:25:51","guid":{"rendered":"https:\/\/sabanadelamartours.com\/?post_type=product&#038;p=17173"},"modified":"2026-01-09T14:23:55","modified_gmt":"2026-01-09T14:23:55","slug":"meisterkurs-schokolade","status":"publish","type":"product","link":"https:\/\/sabanadelamartours.com\/de\/tour\/meisterkurs-schokolade\/","title":{"rendered":"Meisterkurs Schokolade"},"content":{"rendered":"<p>Lassen Sie sich mit unserer exklusiven Master Class Chocolate in die Kunst der Schokolade einf\u00fchren - ein luxuri\u00f6ses Erlebnis, das \u00fcber das Gew\u00f6hnliche hinausgeht. Tauchen Sie ein in die Welt des Premium-Kakaos und lassen Sie sich von unseren erfahrenen Chocolatiers durch eine praktische Reise der Kreation und Entdeckung f\u00fchren.<\/p>\n<p>\ud83c\udf6b Enth\u00fcllung der Handwerkskunst: Lassen Sie sich von unseren erfahrenen Ausbildern in die Geheimnisse des Schokoladenhandwerks einweihen. Von der Bohne bis zur Tafel: Erleben Sie den komplizierten Prozess der Umwandlung von feinstem Kakao in k\u00f6stliche Meisterwerke.<\/p>\n<p>\u2728 Erlesene Zutaten: Nur die feinsten Zutaten finden ihren Weg in unsere Master Class Chocolate. Tauchen Sie ein in das Aroma von hochwertigem Kakao, der aus renommierten Regionen stammt und f\u00fcr ein unvergleichliches Schokoladenerlebnis sorgt.<\/p>\n<p>\ud83d\udc69\u200d\ud83c\udf73 Hands-On Mastery: In unserem hochmodernen Schokoladenlabor stehen Sie im Mittelpunkt. In praktischen \u00dcbungen erlernen Sie die Kunst des Temperierens, Formens und Aromatisierens. Dies ist Ihre Gelegenheit, Schokoladenkreationen zu schaffen, die so einzigartig sind wie Sie selbst.<\/p>\n<p>\ud83c\udf10 Globale Geschmacksrichtungen: Begeben Sie sich mit der Schokolade auf eine Reise um die Welt. Entdecken Sie die vielf\u00e4ltigen und exotischen Geschmacksrichtungen, die Sie in Ihre Kreationen einflie\u00dfen lassen k\u00f6nnen und die Ihr Schokoladenrepertoire auf ein neues Niveau heben.<\/p>\n<p>\ud83c\udf93 Pers\u00f6nliche Anleitung: Egal, ob Sie Anf\u00e4nger oder erfahrener Chocolatier sind, unser Meisterkurs ist f\u00fcr alle K\u00f6nnensstufen geeignet. Sie erhalten eine pers\u00f6nliche Anleitung und Tipps, die auf Ihr K\u00f6nnen zugeschnitten sind, um eine lohnende und lehrreiche Erfahrung zu gew\u00e4hrleisten.<\/p>\n<p>\ud83c\udfc6 Perfekt f\u00fcr jeden Anlass: Egal, ob es sich um ein Einzelabenteuer oder eine Gruppenfeier handelt, unsere Master Class Chocolate eignet sich perfekt f\u00fcr Geburtstage, Teambuilding-Events oder einfach nur, um Ihrer Leidenschaft f\u00fcr exquisite Pralinen zu fr\u00f6nen.<\/p>\n<p>\u2696\ufe0f Gleichgewicht von Sicherheit und Vergn\u00fcgen: Ihre Sicherheit ist unsere Priorit\u00e4t. Seien Sie versichert, dass wir strenge Sicherheitsma\u00dfnahmen ergriffen haben, um eine sorgenfreie und angenehme Umgebung zu schaffen, in der Sie sich auf die Freude an der Herstellung und dem Genuss von Schokolade konzentrieren k\u00f6nnen.<\/p>\n<p>Erh\u00f6hen Sie Ihre Fertigkeiten in der Schokoladenherstellung auf ein neues Niveau. Nehmen Sie an der Master Class Chocolate teil und l\u00fcften Sie die Geheimnisse der Herstellung genussvoller, unvergesslicher Schokoladenkreationen. Reservieren Sie jetzt Ihren Platz f\u00fcr ein Erlebnis, das \u00fcber das Gew\u00f6hnliche hinausgeht und Ihnen s\u00fc\u00dfe Erinnerungen und k\u00f6stliche K\u00f6stlichkeiten beschert.<\/p>","protected":false},"excerpt":{"rendered":"<div data-track=\"overview\" data-v-83a2b402=\"\">\n<section id=\"activity-overview\" class=\"activity-overview\" data-component=\"overview\" data-v-83a2b402=\"\" data-v-f3236c42=\"\">\n<p class=\"activity-overview__content\" data-test-id=\"activity-overview-content\" data-v-f3236c42=\"\">Fachkundige Anleitung: Lernen Sie von erfahrenen Chocolatiers mit jahrelanger Erfahrung in der Herstellung von Premium-Zutaten: Arbeiten Sie mit feinstem Kakao, der von renommierten Anbietern bezogen wird Praktische Erfahrung<\/p>\n<\/section>\n<\/div>\n<div data-track=\"key-details\" data-v-83a2b402=\"\"><\/div>","protected":false},"featured_media":17215,"template":"","meta":[],"product_brand":[],"product_cat":[97],"product_tag":[101,102],"class_list":{"0":"post-17173","1":"product","2":"type-product","3":"status-publish","4":"has-post-thumbnail","6":"product_cat-dominican-republic","7":"product_tag-excursion","8":"product_tag-tour","10":"first","11":"instock","12":"shipping-taxable","13":"product-type-external"},"_links":{"self":[{"href":"https:\/\/sabanadelamartours.com\/de\/wp-json\/wp\/v2\/product\/17173","targetHints":{"allow":["GET"]}}],"collection":[{"href":"https:\/\/sabanadelamartours.com\/de\/wp-json\/wp\/v2\/product"}],"about":[{"href":"https:\/\/sabanadelamartours.com\/de\/wp-json\/wp\/v2\/types\/product"}],"version-history":[{"count":1,"href":"https:\/\/sabanadelamartours.com\/de\/wp-json\/wp\/v2\/product\/17173\/revisions"}],"predecessor-version":[{"id":18771,"href":"https:\/\/sabanadelamartours.com\/de\/wp-json\/wp\/v2\/product\/17173\/revisions\/18771"}],"wp:featuredmedia":[{"embeddable":true,"href":"https:\/\/sabanadelamartours.com\/de\/wp-json\/wp\/v2\/media\/17215"}],"wp:attachment":[{"href":"https:\/\/sabanadelamartours.com\/de\/wp-json\/wp\/v2\/media?parent=17173"}],"wp:term":[{"taxonomy":"product_brand","embeddable":true,"href":"https:\/\/sabanadelamartours.com\/de\/wp-json\/wp\/v2\/product_brand?post=17173"},{"taxonomy":"product_cat","embeddable":true,"href":"https:\/\/sabanadelamartours.com\/de\/wp-json\/wp\/v2\/product_cat?post=17173"},{"taxonomy":"product_tag","embeddable":true,"href":"https:\/\/sabanadelamartours.com\/de\/wp-json\/wp\/v2\/product_tag?post=17173"}],"curies":[{"name":"wp","href":"https:\/\/api.w.org\/{rel}","templated":true}]}}