{"id":17247,"date":"2025-12-18T14:28:52","date_gmt":"2025-12-18T14:28:52","guid":{"rendered":"https:\/\/sabanadelamartours.com\/?post_type=product&#038;p=17247"},"modified":"2026-01-09T14:29:29","modified_gmt":"2026-01-09T14:29:29","slug":"sabana-de-la-mar-los-haitises-gefuhrte-wanderung-und-kajakfahren","status":"publish","type":"product","link":"https:\/\/sabanadelamartours.com\/de\/tour\/sabana-de-la-mar-los-haitises-gefuhrte-wanderung-und-kajakfahren\/","title":{"rendered":"Sabana de la Mar: Los Haitises Gef\u00fchrte Wanderung und Kajakfahren"},"content":{"rendered":"<p>This Hiking Trail + Kayaking Tour start from Ca\u00f1o Hondo\/Sabana de La Mar port. We will hike around 3 hours along the Humid Forest in the Los Haitises National Park. You will learn about the medicinal plants of this area, see the broadleaf rain forest primary and secondary Los Haitises National Park mountains and at the same time reach the spring of the Jivales River from which the waters of the natural pools of Eco-lodge Ca\u00f1o Hondo. (We have also an option of only hiking in the Rain Forest for Trekking lovers)<\/p>\n<p>Dann nehmen wir die Ausr\u00fcstung f\u00fcr Ihre Sicherheit (Schwimmwesten, etc.), Kajaks und gehen durch Mangroven-S\u00fcmpfe. Sie werden einige Vogel-gef\u00fcllten Mangroven, sanften H\u00fcgeln der \u00fcppigen Vegetation zu sehen. Sie fahren durch die Mangroven und landen an der offenen San-Lorenzo-Bucht, von wo aus Sie die zerkl\u00fcftete Waldlandschaft fotografieren k\u00f6nnen. Der Name des Nationalparks stammt von seinen urspr\u00fcnglichen Bewohnern, den Taino-Indianern. In ihrer Sprache bedeutet \u201cHaitises\u201d Hochland oder H\u00fcgel, eine Anspielung auf die steilen geologischen Formationen der K\u00fcstenlinie mit Kalksteinen. Die Kajaktour dauert 2 Stunden.<\/p>\n<p>F\u00fcr den Fall, dass Sie diese Reise kurz m\u00f6gen, haben wir eine zweite Option: Nur Kajakfahren in Los Haitises 4 oder 2 Stunden.<\/p>\n<p>The Tour finishes at the starting point in Los Haitises National Park. We Recommend this trip early in the morning to see Manatees, crustaceans, and dolphins.<\/p>","protected":false},"excerpt":{"rendered":"<div data-track=\"overview\" data-v-83a2b402=\"\">\n<section id=\"activity-overview\" class=\"activity-overview\" data-component=\"overview\" data-v-83a2b402=\"\" data-v-f3236c42=\"\">\n<p class=\"activity-overview__content\" data-test-id=\"activity-overview-content\" data-v-f3236c42=\"\">Unternehmen Sie eine malerische Wanderung durch den feuchten Wald im Nationalpark Los Haitises auf einem gef\u00fchrten Ausflug von Sabana de la Mar aus. Lernen Sie die lokalen Heilpflanzen kennen und fahren Sie mit dem Kajak durch die Mangrovens\u00fcmpfe.<\/p>\n<\/section>\n<\/div>\n<div data-track=\"key-details\" data-v-83a2b402=\"\"><\/div>","protected":false},"featured_media":17306,"template":"","meta":[],"product_brand":[],"product_cat":[97,103],"product_tag":[101,102],"class_list":{"0":"post-17247","1":"product","2":"type-product","3":"status-publish","4":"has-post-thumbnail","6":"product_cat-dominican-republic","7":"product_cat-los-haitises","8":"product_tag-excursion","9":"product_tag-tour","11":"first","12":"instock","13":"shipping-taxable","14":"product-type-external"},"_links":{"self":[{"href":"https:\/\/sabanadelamartours.com\/de\/wp-json\/wp\/v2\/product\/17247","targetHints":{"allow":["GET"]}}],"collection":[{"href":"https:\/\/sabanadelamartours.com\/de\/wp-json\/wp\/v2\/product"}],"about":[{"href":"https:\/\/sabanadelamartours.com\/de\/wp-json\/wp\/v2\/types\/product"}],"version-history":[{"count":1,"href":"https:\/\/sabanadelamartours.com\/de\/wp-json\/wp\/v2\/product\/17247\/revisions"}],"predecessor-version":[{"id":18774,"href":"https:\/\/sabanadelamartours.com\/de\/wp-json\/wp\/v2\/product\/17247\/revisions\/18774"}],"wp:featuredmedia":[{"embeddable":true,"href":"https:\/\/sabanadelamartours.com\/de\/wp-json\/wp\/v2\/media\/17306"}],"wp:attachment":[{"href":"https:\/\/sabanadelamartours.com\/de\/wp-json\/wp\/v2\/media?parent=17247"}],"wp:term":[{"taxonomy":"product_brand","embeddable":true,"href":"https:\/\/sabanadelamartours.com\/de\/wp-json\/wp\/v2\/product_brand?post=17247"},{"taxonomy":"product_cat","embeddable":true,"href":"https:\/\/sabanadelamartours.com\/de\/wp-json\/wp\/v2\/product_cat?post=17247"},{"taxonomy":"product_tag","embeddable":true,"href":"https:\/\/sabanadelamartours.com\/de\/wp-json\/wp\/v2\/product_tag?post=17247"}],"curies":[{"name":"wp","href":"https:\/\/api.w.org\/{rel}","templated":true}]}}