{"id":17263,"date":"2025-12-18T14:29:28","date_gmt":"2025-12-18T14:29:28","guid":{"rendered":"https:\/\/sabanadelamartours.com\/?post_type=product&#038;p=17263"},"modified":"2025-12-18T14:31:53","modified_gmt":"2025-12-18T14:31:53","slug":"punta-cana-montana-redonda-y-costa-esmeralda-2","status":"publish","type":"product","link":"https:\/\/sabanadelamartours.com\/de\/tour\/punta-cana-montana-redonda-y-costa-esmeralda-2\/","title":{"rendered":"Punta Cana: Monta\u00f1a Redonda und Costa Esmeralda"},"content":{"rendered":"<p>Pasaremos a recogeros por vuestro hotel de Punta Cana entre las 7:00 y 8:00 horas. Una vez a bordo del minib\u00fas, emprenderemos una excursi\u00f3n hacia Monta\u00f1a Redonda, uno de los lugares m\u00e1s bonitos de todo el pa\u00eds caribe\u00f1o.<\/p>\n<p>Nach einer Stunde Fahrt erreichen wir die Gipfel der Monta\u00f1a Redonda in Miches, wo wir mit einem leistungsstarken 4\u00d74-Fahrzeug aufsteigen, um den Gipfel zu erreichen. Una vez arriba del todo, disfrutaremos de un lugar inolvidable y de unas vistas \u00fanicas. \u00bfOs atraver\u00e9is a subiros a un columpio a m\u00e1s de 300 metros de altura? \u00a1Ser\u00e1 divertid\u00edsimo!<\/p>\n<p>Au\u00dferdem bieten wir Ihnen die besten Panoramablicke auf die Bucht von Saman\u00e1, die Lagune Redonda oder Seibo. Au\u00dferdem sehen wir, wie der Wasserreflex mit dem Vergn\u00fcgen am Strand kombiniert wird. \u00a1Os encantar\u00e1! Despu\u00e9s, probaremos un delicioso almuerzo t\u00edpico dominicano acompa\u00f1ado de frutas tropicales.<\/p>\n<p>Tras esto, emprenderemos el viaje de vuelta para estar en vuestro hotel a las 12:00 horas.<\/p>","protected":false},"excerpt":{"rendered":"<div data-track=\"overview\" data-v-83a2b402=\"\">\n<section id=\"activity-overview\" class=\"activity-overview\" data-component=\"overview\" data-v-83a2b402=\"\" data-v-f3236c42=\"\">\n<p class=\"activity-overview__content\" data-test-id=\"activity-overview-content\" data-v-f3236c42=\"\">Entdecken Sie die Sch\u00f6nheit der Dominikanischen Republik bei einem Ausflug nach Monta\u00f1a Redonda.<\/p>\n<\/section>\n<\/div>\n<div data-track=\"key-details\" data-v-83a2b402=\"\"><\/div>","protected":false},"featured_media":17317,"template":"","meta":[],"product_brand":[],"product_cat":[97],"product_tag":[101,102],"class_list":{"0":"post-17263","1":"product","2":"type-product","3":"status-publish","4":"has-post-thumbnail","6":"product_cat-dominican-republic","7":"product_tag-excursion","8":"product_tag-tour","10":"first","11":"instock","12":"shipping-taxable","13":"product-type-external"},"_links":{"self":[{"href":"https:\/\/sabanadelamartours.com\/de\/wp-json\/wp\/v2\/product\/17263","targetHints":{"allow":["GET"]}}],"collection":[{"href":"https:\/\/sabanadelamartours.com\/de\/wp-json\/wp\/v2\/product"}],"about":[{"href":"https:\/\/sabanadelamartours.com\/de\/wp-json\/wp\/v2\/types\/product"}],"version-history":[{"count":0,"href":"https:\/\/sabanadelamartours.com\/de\/wp-json\/wp\/v2\/product\/17263\/revisions"}],"wp:featuredmedia":[{"embeddable":true,"href":"https:\/\/sabanadelamartours.com\/de\/wp-json\/wp\/v2\/media\/17317"}],"wp:attachment":[{"href":"https:\/\/sabanadelamartours.com\/de\/wp-json\/wp\/v2\/media?parent=17263"}],"wp:term":[{"taxonomy":"product_brand","embeddable":true,"href":"https:\/\/sabanadelamartours.com\/de\/wp-json\/wp\/v2\/product_brand?post=17263"},{"taxonomy":"product_cat","embeddable":true,"href":"https:\/\/sabanadelamartours.com\/de\/wp-json\/wp\/v2\/product_cat?post=17263"},{"taxonomy":"product_tag","embeddable":true,"href":"https:\/\/sabanadelamartours.com\/de\/wp-json\/wp\/v2\/product_tag?post=17263"}],"curies":[{"name":"wp","href":"https:\/\/api.w.org\/{rel}","templated":true}]}}