{"id":17339,"date":"2025-12-18T14:32:29","date_gmt":"2025-12-18T14:32:29","guid":{"rendered":"https:\/\/sabanadelamartours.com\/?post_type=product&#038;p=17339"},"modified":"2026-02-14T04:05:57","modified_gmt":"2026-02-14T04:05:57","slug":"vip-transport-luxusautoservice-in-puj-zu-hotels","status":"publish","type":"product","link":"https:\/\/sabanadelamartours.com\/de\/tour\/vip-transport-luxusautoservice-in-puj-zu-hotels\/","title":{"rendered":"Vip-Transporte und Luxuswagen in (PUJ) zu Hotels"},"content":{"rendered":"<div class=\"toggle-content__content toggle-content__content--expanded toggle-content__content--packable\" data-v-59485d64=\"\">\n<div data-test-id=\"activity-full-description-text\" data-v-5835c99c=\"\">Private Transfers vom Flughafen Santo Domingo nach Punta Cana. ... Punta Cana Transport, zu Hotels in der Dominikanischen Republik ... Vip Private Transfer.<\/div>\n<div data-test-id=\"activity-full-description-text\" data-v-5835c99c=\"\"><\/div>\n<div data-test-id=\"activity-full-description-text\" data-v-5835c99c=\"\">Unser Fuhrpark. Dominican Service Transfer bietet eine umfassende Flotte von Luxus- und Premium-Limousinen, Gel\u00e4ndewagen und Vans f\u00fcr alle Ihre Transportbed\u00fcrfnisse.<\/div>\n<div data-test-id=\"activity-full-description-text\" data-v-5835c99c=\"\">Dominican Shuttles steht im Dienste der Tourismusindustrie in der Dominikanischen Republik ... Unser Schwerpunkt liegt auf privaten und luxuri\u00f6sen Transfers zu und von allen Hotels, Flugh\u00e4fen.<\/div>\n<div data-test-id=\"activity-full-description-text\" data-v-5835c99c=\"\"><\/div>\n<div data-test-id=\"activity-full-description-text\" data-v-5835c99c=\"\">Erleben Sie Luxusreisen mit Kenard Vip International! ... Cadillac Escalade Executive Limo Mieten und zuverl\u00e4ssige Dominican Service Transfers.<\/div>\n<div data-test-id=\"activity-full-description-text\" data-v-5835c99c=\"\"><\/div>\n<div data-test-id=\"activity-full-description-text\" data-v-5835c99c=\"\">Entdecken Sie Ihren privaten Chauffeur &amp; Luxus-Chauffeur-Service in Puerto Plata. ... ist der f\u00fchrende Akteur im High-End-Transport in der Dominikanischen Republik<\/div>\n<div data-test-id=\"activity-full-description-text\" data-v-5835c99c=\"\"><\/div>\n<div data-test-id=\"activity-full-description-text\" data-v-5835c99c=\"\">Von 1 Person bis 4 mit Gep\u00e4ck und 6 ohne Gep\u00e4ck, Luxus und Komfort ... kommen Sie an jedem Flughafen in der Dominikanischen Republik an und f\u00fchlen sich entspannt in dem Wissen, dass ...<\/div>\n<div data-test-id=\"activity-full-description-text\" data-v-5835c99c=\"\"><\/div>\n<div data-test-id=\"activity-full-description-text\" data-v-5835c99c=\"\">Buchen Sie Ihren Transfer mit den besten Preisen, bequem f\u00fcr Ihre Reise und anpassungsf\u00e4hig an Ihre Bed\u00fcrfnisse. Standard Vip<\/div>\n<div data-test-id=\"activity-full-description-text\" data-v-5835c99c=\"\"><\/div>\n<div data-test-id=\"activity-full-description-text\" data-v-5835c99c=\"\">Mr&amp;Mrs Punta Cana Transfer bietet einen privaten Transportservice an. Punta Cana Transfers | Dominikanische Republik Flughafen Transport.<\/div>\n<div data-test-id=\"activity-full-description-text\" data-v-5835c99c=\"\"><\/div>\n<div data-test-id=\"activity-full-description-text\" data-v-5835c99c=\"\">Sehen Sie sich unsere luxuri\u00f6sen Flughafentransfers vom Flughafen Punta Cana an? Unsere Premium-Fahrzeuge bieten h\u00f6chsten Komfort und sind nicht zu teuer. Optionen f\u00fcr Gruppenreisen.<\/div>\n<div data-test-id=\"activity-full-description-text\" data-v-5835c99c=\"\"><\/div>\n<div data-test-id=\"activity-full-description-text\" data-v-5835c99c=\"\">Sehen Sie sich unsere luxuri\u00f6sen Flughafentransfers vom Flughafen Punta Cana an? Unsere Premium-Fahrzeuge bieten h\u00f6chsten Komfort und sind nicht zu teuer. Optionen f\u00fcr Gruppenreisen.<\/div>\n<div data-test-id=\"activity-full-description-text\" data-v-5835c99c=\"\"><\/div>\n<div data-test-id=\"activity-full-description-text\" data-v-5835c99c=\"\">Punta Cana Forum - Tripadvisor Karibik Dominikanische Republik La Altagracia ... in der Hochsaison Vip Fast Track und Transport buchen Eine der h\u00e4ufigsten ...<\/div>\n<\/div>\n<div class=\"toggle-content__label-placeholder\" data-v-59485d64=\"\"><\/div>","protected":false},"excerpt":{"rendered":"<div data-track=\"overview\" data-v-83a2b402=\"\">\n<section id=\"activity-overview\" class=\"activity-overview\" data-component=\"overview\" data-v-83a2b402=\"\" data-v-f3236c42=\"\">\n<p class=\"activity-overview__content\" data-test-id=\"activity-overview-content\" data-v-f3236c42=\"\">Punta Cana Transport von Ihrem Hotel zu Ihrem Flughafen durch die schnellste und sicherste Route. Bieten Sie Ausfl\u00fcge zum halben Preis oder weniger als Hotels. Transfers im ganzen Land. VIP-Transfers<\/p>\n<\/section>\n<\/div>\n<div data-track=\"key-details\" data-v-83a2b402=\"\"><\/div>","protected":false},"featured_media":17403,"template":"","meta":[],"product_brand":[],"product_cat":[97],"product_tag":[101,102],"class_list":{"0":"post-17339","1":"product","2":"type-product","3":"status-publish","4":"has-post-thumbnail","6":"product_cat-dominican-republic","7":"product_tag-excursion","8":"product_tag-tour","10":"first","11":"instock","12":"shipping-taxable","13":"product-type-external"},"_links":{"self":[{"href":"https:\/\/sabanadelamartours.com\/de\/wp-json\/wp\/v2\/product\/17339","targetHints":{"allow":["GET"]}}],"collection":[{"href":"https:\/\/sabanadelamartours.com\/de\/wp-json\/wp\/v2\/product"}],"about":[{"href":"https:\/\/sabanadelamartours.com\/de\/wp-json\/wp\/v2\/types\/product"}],"version-history":[{"count":2,"href":"https:\/\/sabanadelamartours.com\/de\/wp-json\/wp\/v2\/product\/17339\/revisions"}],"predecessor-version":[{"id":19244,"href":"https:\/\/sabanadelamartours.com\/de\/wp-json\/wp\/v2\/product\/17339\/revisions\/19244"}],"wp:featuredmedia":[{"embeddable":true,"href":"https:\/\/sabanadelamartours.com\/de\/wp-json\/wp\/v2\/media\/17403"}],"wp:attachment":[{"href":"https:\/\/sabanadelamartours.com\/de\/wp-json\/wp\/v2\/media?parent=17339"}],"wp:term":[{"taxonomy":"product_brand","embeddable":true,"href":"https:\/\/sabanadelamartours.com\/de\/wp-json\/wp\/v2\/product_brand?post=17339"},{"taxonomy":"product_cat","embeddable":true,"href":"https:\/\/sabanadelamartours.com\/de\/wp-json\/wp\/v2\/product_cat?post=17339"},{"taxonomy":"product_tag","embeddable":true,"href":"https:\/\/sabanadelamartours.com\/de\/wp-json\/wp\/v2\/product_tag?post=17339"}],"curies":[{"name":"wp","href":"https:\/\/api.w.org\/{rel}","templated":true}]}}