{"id":17359,"date":"2025-12-18T14:33:19","date_gmt":"2025-12-18T14:33:19","guid":{"rendered":"https:\/\/sabanadelamartours.com\/?post_type=product&#038;p=17359"},"modified":"2026-01-09T14:43:50","modified_gmt":"2026-01-09T14:43:50","slug":"punta-cana-highlights-erstaunliche-ausfluge-im-buggy-macao","status":"publish","type":"product","link":"https:\/\/sabanadelamartours.com\/de\/tour\/punta-cana-highlights-erstaunliche-ausfluge-im-buggy-macao\/","title":{"rendered":"Punta Cana Highlights Erstaunliche Ausfl\u00fcge im Buggy Macao"},"content":{"rendered":"<p>Reiseverlauf: Punta Cana Highlights Tour Doppelter Buggy-Ausflug mit Hotel<\/p>\n<p>Start time: 8:30 AM 10:30 AM 2:30 PM Hotel pickup: The tour begins with pickup at your hotel in Punta Cana by your tour guide.<\/p>\n<p>Transfer zum Startpunkt: Sie werden zum Startpunkt der Buggy-Tour gebracht, wo Sie eine kurze Einweisung in die sichere Handhabung des Fahrzeugs erhalten.<\/p>\n<p>Buggy-Abfahrt: Sobald Sie bereit sind, beginnen Sie die Buggy-Tour durch die atemberaubende Landschaft von Punta Cana. Genie\u00dfen Sie den Nervenkitzel, Ihren eigenen Buggy zu fahren, w\u00e4hrend Sie Ihrem Guide durch malerische Stra\u00dfen und abwechslungsreiches Terrain folgen.<\/p>\n<p>Halt an einem typischen Haus: Der erste Halt wird in einem authentischen, typisch dominikanischen Haus sein. Hier haben Sie die M\u00f6glichkeit, in die lokale Kultur einzutauchen, mit den Bewohnern zu interagieren und etwas \u00fcber deren Lebensweise und Traditionen zu erfahren. Dar\u00fcber hinaus k\u00f6nnen Sie einen typisch dominikanischen Snack genie\u00dfen.<\/p>\n<p>Fortsetzung der Buggy-Tour: Nach dem Besuch des typischen Hauses setzen Sie die Erkundung der Landstra\u00dfen und Naturlandschaften von Punta Cana in Ihrem Buggy fort.<\/p>\n<p>Besuch der Cenote: Der n\u00e4chste Halt ist bei einer versteckten Cenote. Entdecken Sie die nat\u00fcrliche Sch\u00f6nheit dieser Cenote, w\u00e4hrend Sie sich mit einem Bad in ihrem kristallklaren Wasser abk\u00fchlen. Sie werden Zeit haben, sich zu entspannen und die Gelassenheit dieser einzigartigen Umgebung zu genie\u00dfen.<\/p>\n<p>Route zum Macao-Strand: Nach der Abk\u00fchlung in der Cenote setzen Sie Ihre Buggyfahrt zum beeindruckenden Macao Beach fort.<\/p>\n<p>Freie Zeit in Playa Macao: Sie erreichen Playa Macao, einen der sch\u00f6nsten Str\u00e4nde der Region. Hier haben Sie freie Zeit, um im wei\u00dfen Sand zu entspannen, im t\u00fcrkisfarbenen Wasser der Karibik zu schwimmen oder einfach die tropische Landschaft zu genie\u00dfen.<\/p>\n<p>R\u00fcckkehr zum Hotel: Nach einem Tag voller Abenteuer und einzigartiger Erlebnisse werden Sie zu Ihrem Hotel zur\u00fcckgebracht.<\/p>","protected":false},"excerpt":{"rendered":"<div data-track=\"overview\" data-v-83a2b402=\"\">\n<section id=\"activity-overview\" class=\"activity-overview\" data-component=\"overview\" data-v-83a2b402=\"\" data-v-f3236c42=\"\">\n<p class=\"activity-overview__content\" data-test-id=\"activity-overview-content\" data-v-f3236c42=\"\">The most outstanding buggy tour in Punta Cana, live a great experience driving a buggy Adrenaline fun the best of the best in Punta Cana, see for yourself<\/p>\n<\/section>\n<\/div>\n<div data-track=\"key-details\" data-v-83a2b402=\"\"><\/div>","protected":false},"featured_media":17524,"template":"","meta":[],"product_brand":[],"product_cat":[97],"product_tag":[101,102],"class_list":{"0":"post-17359","1":"product","2":"type-product","3":"status-publish","4":"has-post-thumbnail","6":"product_cat-dominican-republic","7":"product_tag-excursion","8":"product_tag-tour","10":"first","11":"instock","12":"shipping-taxable","13":"product-type-external"},"_links":{"self":[{"href":"https:\/\/sabanadelamartours.com\/de\/wp-json\/wp\/v2\/product\/17359","targetHints":{"allow":["GET"]}}],"collection":[{"href":"https:\/\/sabanadelamartours.com\/de\/wp-json\/wp\/v2\/product"}],"about":[{"href":"https:\/\/sabanadelamartours.com\/de\/wp-json\/wp\/v2\/types\/product"}],"version-history":[{"count":1,"href":"https:\/\/sabanadelamartours.com\/de\/wp-json\/wp\/v2\/product\/17359\/revisions"}],"predecessor-version":[{"id":18781,"href":"https:\/\/sabanadelamartours.com\/de\/wp-json\/wp\/v2\/product\/17359\/revisions\/18781"}],"wp:featuredmedia":[{"embeddable":true,"href":"https:\/\/sabanadelamartours.com\/de\/wp-json\/wp\/v2\/media\/17524"}],"wp:attachment":[{"href":"https:\/\/sabanadelamartours.com\/de\/wp-json\/wp\/v2\/media?parent=17359"}],"wp:term":[{"taxonomy":"product_brand","embeddable":true,"href":"https:\/\/sabanadelamartours.com\/de\/wp-json\/wp\/v2\/product_brand?post=17359"},{"taxonomy":"product_cat","embeddable":true,"href":"https:\/\/sabanadelamartours.com\/de\/wp-json\/wp\/v2\/product_cat?post=17359"},{"taxonomy":"product_tag","embeddable":true,"href":"https:\/\/sabanadelamartours.com\/de\/wp-json\/wp\/v2\/product_tag?post=17359"}],"curies":[{"name":"wp","href":"https:\/\/api.w.org\/{rel}","templated":true}]}}