{"id":17361,"date":"2025-12-18T14:33:19","date_gmt":"2025-12-18T14:33:19","guid":{"rendered":"https:\/\/sabanadelamartours.com\/?post_type=product&#038;p=17361"},"modified":"2026-01-09T14:45:33","modified_gmt":"2026-01-09T14:45:33","slug":"dominikanische-republik-3-stunden-tour-fur-schokoladenliebhaber","status":"publish","type":"product","link":"https:\/\/sabanadelamartours.com\/de\/tour\/dominikanische-republik-3-stunden-tour-fur-schokoladenliebhaber\/","title":{"rendered":"Dominikanische Republik: 3-st\u00fcndige Tour f\u00fcr Schokoladenliebhaber"},"content":{"rendered":"<p>Wenn Sie ein Schokoladenliebhaber sind, haben Sie die M\u00f6glichkeit, diese umfassende Bildungsveranstaltung \u00fcber Schokolade zu genie\u00dfen. Bei dieser Tour haben Sie die Vorteile der Plantagenbesichtigung mit zus\u00e4tzlichen Informationen von den Schokoladenexperten.<\/p>\n<p>Auf dieser Tour f\u00fchren Sie die Experten durch jeden einzelnen Schritt, der f\u00fcr die Herstellung von Qualit\u00e4tskakao notwendig ist. Es beginnt mit der Aussaat, bei der Sie Ihre eigene Kakaopflanze auss\u00e4en k\u00f6nnen, und geht weiter mit der Ernte, dem Schneiden und der Extraktion der K\u00f6rner in einer Kakaoschote. Weiter geht es mit dem Nachernteprozess: Fermentation und Trocknung, die f\u00fcr die Qualit\u00e4t der Schokolade entscheidend sind. Lernen Sie das \u00d6kosystem der Dominikanischen Republik kennen und erfahren Sie, warum es die perfekten Bedingungen f\u00fcr den Anbau von Edelkakao bietet, aus dem die hochwertigsten Schokoladen entstehen.<\/p>\n<p>Nach einem ausgezeichneten lokalen Mittagessen nehmen Sie an einem Kurs teil, in dem Sie lernen, Schokolade mit Ihren f\u00fcnf Sinnen zu schmecken. Au\u00dferdem besuchen Sie eine weitere Plantage, wo Sie die automatisierte Kakaoverarbeitung in kleinem Ma\u00dfstab beobachten k\u00f6nnen. Sie erfahren auch mehr \u00fcber den Fermentierungs- und Trocknungsprozess und seine Bedeutung f\u00fcr die Herstellung von Gourmet-Schokolade.<\/p>","protected":false},"excerpt":{"rendered":"<div data-track=\"overview\" data-v-83a2b402=\"\">\n<section id=\"activity-overview\" class=\"activity-overview\" data-component=\"overview\" data-v-83a2b402=\"\" data-v-f3236c42=\"\">\n<p class=\"activity-overview__content\" data-test-id=\"activity-overview-content\" data-v-f3236c42=\"\">Diese 3-st\u00fcndige Tour in der Dominikanischen Republik ist f\u00fcr Schokoladenliebhaber gedacht, die mehr \u00fcber die Herstellung von Kakao und Schokolade erfahren m\u00f6chten. Sie erhalten eine F\u00fchrung, ein Mittagessen und eine exklusive Schokoladenverkostung<\/p>\n<\/section>\n<\/div>\n<div data-track=\"key-details\" data-v-83a2b402=\"\"><\/div>","protected":false},"featured_media":17537,"template":"","meta":[],"product_brand":[],"product_cat":[97],"product_tag":[101,102],"class_list":{"0":"post-17361","1":"product","2":"type-product","3":"status-publish","4":"has-post-thumbnail","6":"product_cat-dominican-republic","7":"product_tag-excursion","8":"product_tag-tour","10":"first","11":"instock","12":"shipping-taxable","13":"product-type-external"},"_links":{"self":[{"href":"https:\/\/sabanadelamartours.com\/de\/wp-json\/wp\/v2\/product\/17361","targetHints":{"allow":["GET"]}}],"collection":[{"href":"https:\/\/sabanadelamartours.com\/de\/wp-json\/wp\/v2\/product"}],"about":[{"href":"https:\/\/sabanadelamartours.com\/de\/wp-json\/wp\/v2\/types\/product"}],"version-history":[{"count":1,"href":"https:\/\/sabanadelamartours.com\/de\/wp-json\/wp\/v2\/product\/17361\/revisions"}],"predecessor-version":[{"id":18783,"href":"https:\/\/sabanadelamartours.com\/de\/wp-json\/wp\/v2\/product\/17361\/revisions\/18783"}],"wp:featuredmedia":[{"embeddable":true,"href":"https:\/\/sabanadelamartours.com\/de\/wp-json\/wp\/v2\/media\/17537"}],"wp:attachment":[{"href":"https:\/\/sabanadelamartours.com\/de\/wp-json\/wp\/v2\/media?parent=17361"}],"wp:term":[{"taxonomy":"product_brand","embeddable":true,"href":"https:\/\/sabanadelamartours.com\/de\/wp-json\/wp\/v2\/product_brand?post=17361"},{"taxonomy":"product_cat","embeddable":true,"href":"https:\/\/sabanadelamartours.com\/de\/wp-json\/wp\/v2\/product_cat?post=17361"},{"taxonomy":"product_tag","embeddable":true,"href":"https:\/\/sabanadelamartours.com\/de\/wp-json\/wp\/v2\/product_tag?post=17361"}],"curies":[{"name":"wp","href":"https:\/\/api.w.org\/{rel}","templated":true}]}}