{"id":17494,"date":"2025-12-18T14:39:55","date_gmt":"2025-12-18T14:39:55","guid":{"rendered":"https:\/\/sabanadelamartours.com\/?post_type=product&#038;p=17494"},"modified":"2026-01-09T14:53:30","modified_gmt":"2026-01-09T14:53:30","slug":"privatkoch-einzigartige-kulinarische-erfahrung-in-punta-cana","status":"publish","type":"product","link":"https:\/\/sabanadelamartours.com\/de\/tour\/privatkoch-einzigartige-kulinarische-erfahrung-in-punta-cana\/","title":{"rendered":"Privatkoch: Einzigartige kulinarische Erfahrung in Punta Cana"},"content":{"rendered":"<p>Sie suchen nach dem ultimativen kulinarischen Erlebnis, um Ihren Aufenthalt in Punta Cana noch unvergesslicher zu machen? Ganz gleich, ob Sie Ihren Partner \u00fcberraschen, einen besonderen Anlass feiern oder einfach einen unvergesslichen Abend mit Freunden oder der Familie verbringen m\u00f6chten, unser einzigartiges und privates Kocherlebnis sollten Sie unbedingt ausprobieren.<\/p>\n<p>Mit unserer langj\u00e4hrigen Erfahrung und Hunderten von begeisterten G\u00e4sten in einigen der besten Hotels\/Restaurants von Punta Cana sind Sie jetzt an der Reihe. Wir bringen den Glanz und Glamour eines 5-Sterne-Restaurants in die Privatsph\u00e4re und den Komfort Ihres Zuhauses und helfen Ihnen dabei, mit Ihren Liebsten Erinnerungen f\u00fcrs Leben zu schaffen.<\/p>\n<p>Unser Chefkoch kommt mit allen notwendigen Zutaten zu Ihnen nach Hause, um Ihr k\u00f6stliches Essen zuzubereiten. Ob Sie ihm beim Kochen helfen m\u00f6chten (er hat immer eine extra Sch\u00fcrze dabei) oder sich einfach nur entspannen und die Zeit mit Ihren G\u00e4sten genie\u00dfen m\u00f6chten, bleibt ganz Ihnen \u00fcberlassen.<\/p>\n<p>Unser K\u00fcchenchef serviert Ihnen alle Mahlzeiten und zeigt Ihnen die Geheimnisse hinter jedem k\u00f6stlichen Gericht. Und keine Sorge, er r\u00e4umt auch wieder auf, bevor er das Haus verl\u00e4sst, damit Sie ein v\u00f6llig stressfreies Erlebnis haben.<\/p>\n<p>*Genie\u00dfen Sie ein traditionelles dominikanisches 4-G\u00e4nge-Men\u00fc, das von Ihrem pers\u00f6nlichen K\u00fcchenchef zubereitet wird. Beginnen Sie das Festmahl mit bollitos de yuca (mit K\u00e4se gef\u00fcllte frittierte B\u00e4llchen), gefolgt von einem klassischen ensalada de aguacate (Avocado-Salat) und dann dem traditionellen arroz con habichuelas y pollo (Reis mit Bohnen und Huhn). Der Abend wird mit einem Flan de Leche (dominikanischer Kuchen) vers\u00fc\u00dft.<\/p>\n<p>Auf Wunsch kann die gesamte Mahlzeit von einer hervorragenden Flasche Wein begleitet werden.<\/p>\n<p>PS - F\u00fcr dieses Erlebnis sind mindestens 2 G\u00e4ste erforderlich.<\/p>\n<p>Guten Appetit!<\/p>","protected":false},"excerpt":{"rendered":"<div data-track=\"overview\" data-v-83a2b402=\"\">\n<section id=\"activity-overview\" class=\"activity-overview\" data-component=\"overview\" data-v-83a2b402=\"\" data-v-f3236c42=\"\">\n<p class=\"activity-overview__content\" data-test-id=\"activity-overview-content\" data-v-f3236c42=\"\">Erleben Sie die ultimative kulinarische Reise mit unserem privaten Chefkochservice. Perfekt f\u00fcr einen romantischen Abend oder besondere Anl\u00e4sse, bringt unser erfahrener Koch den Luxus eines 5-Sterne-Restaurants zu Ihnen nach Hause.<\/p>\n<\/section>\n<\/div>\n<div data-track=\"key-details\" data-v-83a2b402=\"\"><\/div>","protected":false},"featured_media":17673,"template":"","meta":[],"product_brand":[],"product_cat":[97],"product_tag":[101,102],"class_list":{"0":"post-17494","1":"product","2":"type-product","3":"status-publish","4":"has-post-thumbnail","6":"product_cat-dominican-republic","7":"product_tag-excursion","8":"product_tag-tour","10":"first","11":"instock","12":"shipping-taxable","13":"product-type-external"},"_links":{"self":[{"href":"https:\/\/sabanadelamartours.com\/de\/wp-json\/wp\/v2\/product\/17494","targetHints":{"allow":["GET"]}}],"collection":[{"href":"https:\/\/sabanadelamartours.com\/de\/wp-json\/wp\/v2\/product"}],"about":[{"href":"https:\/\/sabanadelamartours.com\/de\/wp-json\/wp\/v2\/types\/product"}],"version-history":[{"count":1,"href":"https:\/\/sabanadelamartours.com\/de\/wp-json\/wp\/v2\/product\/17494\/revisions"}],"predecessor-version":[{"id":18790,"href":"https:\/\/sabanadelamartours.com\/de\/wp-json\/wp\/v2\/product\/17494\/revisions\/18790"}],"wp:featuredmedia":[{"embeddable":true,"href":"https:\/\/sabanadelamartours.com\/de\/wp-json\/wp\/v2\/media\/17673"}],"wp:attachment":[{"href":"https:\/\/sabanadelamartours.com\/de\/wp-json\/wp\/v2\/media?parent=17494"}],"wp:term":[{"taxonomy":"product_brand","embeddable":true,"href":"https:\/\/sabanadelamartours.com\/de\/wp-json\/wp\/v2\/product_brand?post=17494"},{"taxonomy":"product_cat","embeddable":true,"href":"https:\/\/sabanadelamartours.com\/de\/wp-json\/wp\/v2\/product_cat?post=17494"},{"taxonomy":"product_tag","embeddable":true,"href":"https:\/\/sabanadelamartours.com\/de\/wp-json\/wp\/v2\/product_tag?post=17494"}],"curies":[{"name":"wp","href":"https:\/\/api.w.org\/{rel}","templated":true}]}}