{"id":17495,"date":"2025-12-18T14:39:56","date_gmt":"2025-12-18T14:39:56","guid":{"rendered":"https:\/\/sabanadelamartours.com\/?post_type=product&#038;p=17495"},"modified":"2026-02-14T02:19:45","modified_gmt":"2026-02-14T02:19:45","slug":"stadtrundfahrt-durch-das-koloniale-santo-domingo-und-versteckte-naturschonheiten","status":"publish","type":"product","link":"https:\/\/sabanadelamartours.com\/de\/tour\/stadtrundfahrt-durch-das-koloniale-santo-domingo-und-versteckte-naturschonheiten\/","title":{"rendered":"Koloniales Santo Domingo und versteckte Natursch\u00f6nheiten Stadtrundfahrt"},"content":{"rendered":"<p>W\u00e4hrend dieser Aktivit\u00e4t begeben sich die Kunden auf eine bereichernde Reise durch das Herz von Santo Domingo, beginnend mit einem Besuch der Zona Colonial aus dem 15. Jahrhundert. Hier haben sie die M\u00f6glichkeit, einzigartige Orte zu erkunden, atemberaubende Fotos zu schie\u00dfen und in die reiche Geschichte der Gegend einzutauchen. Die Tour umfasst auch Besuche in einigen der beeindruckendsten Museen, die einen Einblick in die Vergangenheit und das kulturelle Erbe der Stadt geben.<\/p>\n<p>Bei einem Spaziergang durch die charmanten Stra\u00dfen der Zona Colonial st\u00f6\u00dft der Besucher auf kulturelle Sehensw\u00fcrdigkeiten wie die Plaza de Espa\u00f1a und die Calles las Damas, die nach den Damen benannt sind, die einst jeden Nachmittag dort entlang spazierten. Sie werden die architektonischen Wunder der ersten Kathedrale der Neuen Welt bestaunen und andere besondere Orte entdecken, die f\u00fcr die Geschichte der Stadt von Bedeutung sind.<\/p>\n<p>Nach der Erkundung der historischen Zona Colonial geht das Abenteuer mit einem Besuch des Parks Los Tres Ojos weiter, der f\u00fcr seine atemberaubende nat\u00fcrliche Sch\u00f6nheit bekannt ist. Hier haben die G\u00e4ste die M\u00f6glichkeit, unterirdische Seen zu erkunden, die von \u00fcppigem Gr\u00fcn und hoch aufragenden B\u00e4umen umgeben sind. Sie k\u00f6nnen auf malerischen Pfaden wandern, die atemberaubenden Kalksteinformationen bestaunen und die Ruhe dieser versteckten Oase in sich aufnehmen.<\/p>\n<p>W\u00e4hrend der gesamten Aktivit\u00e4t genie\u00dfen die G\u00e4ste den Komfort eines privaten Transports in einem klimatisierten Fahrzeug, der eine bequeme und problemlose Erfahrung gew\u00e4hrleistet. Wasser in Flaschen wird bereitgestellt, um die G\u00e4ste w\u00e4hrend der Tour zu erfrischen. Alle Geb\u00fchren, Steuern und Eintritte in den Nationalpark sind im Paket enthalten, so dass sich die G\u00e4ste entspannen und sich ganz auf das Erlebnis einlassen k\u00f6nnen, ohne sich zus\u00e4tzliche Sorgen machen zu m\u00fcssen.<\/p>\n<p>Ganz gleich, ob sie sich direkt zum Treffpunkt begeben oder sich von ihrer Airbnb-Unterkunft im Distrito Nacional in Santo Domingo abholen lassen, die G\u00e4ste erwartet ein nahtloses und angenehmes Erlebnis von Anfang bis Ende. Die Aktivit\u00e4t endet wieder am Treffpunkt und hinterl\u00e4sst den G\u00e4sten unvergessliche Erinnerungen an ihre Erkundung der historischen Zona Colonial von Santo Domingo und der nat\u00fcrlichen Sch\u00f6nheit des Parks Los Tres Ojos.<\/p>","protected":false},"excerpt":{"rendered":"<div data-track=\"overview\" data-v-83a2b402=\"\">\n<section id=\"activity-overview\" class=\"activity-overview\" data-component=\"overview\" data-v-83a2b402=\"\" data-v-f3236c42=\"\">\n<p class=\"activity-overview__content\" data-test-id=\"activity-overview-content\" data-v-f3236c42=\"\">Erkunden Sie die historische Zona Colonial von Santo Domingo und besuchen Sie beeindruckende Museen. Tauchen Sie dann in die nat\u00fcrliche Sch\u00f6nheit der unterirdischen Seen und der gr\u00fcnen B\u00e4ume im Park Los Tres Ojos ein.<\/p>\n<\/section>\n<\/div>\n<div data-track=\"key-details\" data-v-83a2b402=\"\"><\/div>","protected":false},"featured_media":17688,"template":"","meta":[],"product_brand":[],"product_cat":[97],"product_tag":[101,102],"class_list":{"0":"post-17495","1":"product","2":"type-product","3":"status-publish","4":"has-post-thumbnail","6":"product_cat-dominican-republic","7":"product_tag-excursion","8":"product_tag-tour","10":"first","11":"instock","12":"shipping-taxable","13":"product-type-external"},"_links":{"self":[{"href":"https:\/\/sabanadelamartours.com\/de\/wp-json\/wp\/v2\/product\/17495","targetHints":{"allow":["GET"]}}],"collection":[{"href":"https:\/\/sabanadelamartours.com\/de\/wp-json\/wp\/v2\/product"}],"about":[{"href":"https:\/\/sabanadelamartours.com\/de\/wp-json\/wp\/v2\/types\/product"}],"version-history":[{"count":1,"href":"https:\/\/sabanadelamartours.com\/de\/wp-json\/wp\/v2\/product\/17495\/revisions"}],"predecessor-version":[{"id":19147,"href":"https:\/\/sabanadelamartours.com\/de\/wp-json\/wp\/v2\/product\/17495\/revisions\/19147"}],"wp:featuredmedia":[{"embeddable":true,"href":"https:\/\/sabanadelamartours.com\/de\/wp-json\/wp\/v2\/media\/17688"}],"wp:attachment":[{"href":"https:\/\/sabanadelamartours.com\/de\/wp-json\/wp\/v2\/media?parent=17495"}],"wp:term":[{"taxonomy":"product_brand","embeddable":true,"href":"https:\/\/sabanadelamartours.com\/de\/wp-json\/wp\/v2\/product_brand?post=17495"},{"taxonomy":"product_cat","embeddable":true,"href":"https:\/\/sabanadelamartours.com\/de\/wp-json\/wp\/v2\/product_cat?post=17495"},{"taxonomy":"product_tag","embeddable":true,"href":"https:\/\/sabanadelamartours.com\/de\/wp-json\/wp\/v2\/product_tag?post=17495"}],"curies":[{"name":"wp","href":"https:\/\/api.w.org\/{rel}","templated":true}]}}