{"id":17567,"date":"2025-12-18T14:43:09","date_gmt":"2025-12-18T14:43:09","guid":{"rendered":"https:\/\/sabanadelamartours.com\/?post_type=product&#038;p=17567"},"modified":"2026-01-09T14:57:36","modified_gmt":"2026-01-09T14:57:36","slug":"miches-montana-redonda-safari-trip","status":"publish","type":"product","link":"https:\/\/sabanadelamartours.com\/de\/tour\/miches-montana-redonda-safari-trip\/","title":{"rendered":"Miches: Montana Redonda Safari Reise"},"content":{"rendered":"<p>Erkunden Sie einen der sch\u00f6nsten Orte der Dominikanischen Republik mit dieser fabelhaften Reise nach Monta\u00f1a Redonda. Umgeben Sie sich mit der \u00fcppigen Natur der Region und genie\u00dfen Sie einen unvergleichlichen Panoramablick.<\/p>\n<p>fahren wir zur Monta\u00f1a Redonda, einem der sch\u00f6nsten Orte des karibischen Landes.<\/p>\n<p>Nach einer Stunde Fahrt erreichen wir den Fu\u00df der Monta\u00f1a Redonda in Miches, wo wir mit einem leistungsstarken 4\u00d74-Fahrzeug auf den Gipfel dieses wundersch\u00f6nen Berges fahren. Oben angekommen, genie\u00dfen Sie einen atemberaubenden Panoramablick auf die umliegenden Landschaften. Trauen Sie sich, auf der Schaukel in 1000 Fu\u00df H\u00f6he zu fahren?<\/p>\n<div class=\"toggle-content__content toggle-content__content--expanded toggle-content__content--packable\" data-v-59485d64=\"\">\n<div data-test-id=\"activity-full-description-text\" data-v-5835c99c=\"\">Sie werden einen einzigartigen Blick auf die Bucht von Saman\u00e1, die Redonda-Lagune und die K\u00fcstenlinie haben. Wir werden auch den Sonnenaufgang sehen, der sich wundersch\u00f6n auf dem Wasser spiegelt.<\/div>\n<\/div>\n<div class=\"toggle-content__label-placeholder\" data-v-59485d64=\"\"><\/div>","protected":false},"excerpt":{"rendered":"<div data-track=\"overview\" data-v-83a2b402=\"\">\n<section id=\"activity-overview\" class=\"activity-overview\" data-component=\"overview\" data-v-83a2b402=\"\" data-v-f3236c42=\"\">\n<p class=\"activity-overview__content\" data-test-id=\"activity-overview-content\" data-v-f3236c42=\"\">Erkunden Sie Montana redonda in Miches und genie\u00dfen Sie die Safari-Truck an die Spitze Berg. Verwalten Sie Ihre Zeit mit Ihrer Familie und Freund und setzen beste Reise jemals mit erstaunlichen Ansichten von Playa Limon, Laguna Limon.<\/p>\n<\/section>\n<\/div>\n<div data-track=\"key-details\" data-v-83a2b402=\"\"><\/div>","protected":false},"featured_media":17738,"template":"","meta":[],"product_brand":[],"product_cat":[97],"product_tag":[101,102],"class_list":{"0":"post-17567","1":"product","2":"type-product","3":"status-publish","4":"has-post-thumbnail","6":"product_cat-dominican-republic","7":"product_tag-excursion","8":"product_tag-tour","10":"first","11":"instock","12":"shipping-taxable","13":"product-type-external"},"_links":{"self":[{"href":"https:\/\/sabanadelamartours.com\/de\/wp-json\/wp\/v2\/product\/17567","targetHints":{"allow":["GET"]}}],"collection":[{"href":"https:\/\/sabanadelamartours.com\/de\/wp-json\/wp\/v2\/product"}],"about":[{"href":"https:\/\/sabanadelamartours.com\/de\/wp-json\/wp\/v2\/types\/product"}],"version-history":[{"count":1,"href":"https:\/\/sabanadelamartours.com\/de\/wp-json\/wp\/v2\/product\/17567\/revisions"}],"predecessor-version":[{"id":18792,"href":"https:\/\/sabanadelamartours.com\/de\/wp-json\/wp\/v2\/product\/17567\/revisions\/18792"}],"wp:featuredmedia":[{"embeddable":true,"href":"https:\/\/sabanadelamartours.com\/de\/wp-json\/wp\/v2\/media\/17738"}],"wp:attachment":[{"href":"https:\/\/sabanadelamartours.com\/de\/wp-json\/wp\/v2\/media?parent=17567"}],"wp:term":[{"taxonomy":"product_brand","embeddable":true,"href":"https:\/\/sabanadelamartours.com\/de\/wp-json\/wp\/v2\/product_brand?post=17567"},{"taxonomy":"product_cat","embeddable":true,"href":"https:\/\/sabanadelamartours.com\/de\/wp-json\/wp\/v2\/product_cat?post=17567"},{"taxonomy":"product_tag","embeddable":true,"href":"https:\/\/sabanadelamartours.com\/de\/wp-json\/wp\/v2\/product_tag?post=17567"}],"curies":[{"name":"wp","href":"https:\/\/api.w.org\/{rel}","templated":true}]}}