{"id":17579,"date":"2025-12-18T14:43:31","date_gmt":"2025-12-18T14:43:31","guid":{"rendered":"https:\/\/sabanadelamartours.com\/?post_type=product&#038;p=17579"},"modified":"2026-02-14T02:17:50","modified_gmt":"2026-02-14T02:17:50","slug":"flughafen-puerto-plata-nach-cabarete","status":"publish","type":"product","link":"https:\/\/sabanadelamartours.com\/de\/tour\/flughafen-puerto-plata-nach-cabarete\/","title":{"rendered":"Flughafen puerto plata nach Cabarete"},"content":{"rendered":"<div class=\"toggle-content__content toggle-content__content--expanded toggle-content__content--packable\" data-v-59485d64=\"\">\n<div data-test-id=\"activity-full-description-text\" data-v-5835c99c=\"\">Willkommen in der Dominikanischen Republik das Land der beliebtesten in Latinoam\u00e9rica genau hier haben wir alles. In dieser Aktivit\u00e4t werde ich auf Sie vor dem Ausgang der gro\u00dfen T\u00fcr des Flughafens warten und danach die Stra\u00dfe und Ihr Ziel sehen.Willkommen in der Dominikanischen Republik das Land der beliebtesten in Latinoam\u00e9rica genau hier haben wir alles. In dieser Aktivit\u00e4t werde ich auf Sie vor dem Ausgang der gro\u00dfen T\u00fcr des Flughafens warten und danach sehen Sie die Stra\u00dfe und Ihr Ziel.Willkommen in der Dominikanischen Republik das Land der beliebtesten in Latinoam\u00e9rica genau hier haben wir alles. In dieser Aktivit\u00e4t werde ich auf Sie vor dem Ausgang der gro\u00dfen T\u00fcr des Flughafens warten und danach sehen Sie die Stra\u00dfe und Ihr Ziel.<\/div>\n<\/div>\n<div class=\"toggle-content__label-placeholder\" data-v-59485d64=\"\"><\/div>","protected":false},"excerpt":{"rendered":"<div data-track=\"overview\" data-v-83a2b402=\"\">\n<section id=\"activity-overview\" class=\"activity-overview\" data-component=\"overview\" data-v-83a2b402=\"\" data-v-f3236c42=\"\">\n<p class=\"activity-overview__content\" data-test-id=\"activity-overview-content\" data-v-f3236c42=\"\">Sicherheit Komfort Saubere Autos<\/p>\n<\/section>\n<\/div>\n<div data-track=\"key-details\" data-v-83a2b402=\"\"><\/div>","protected":false},"featured_media":17762,"template":"","meta":[],"product_brand":[],"product_cat":[97],"product_tag":[101,102],"class_list":{"0":"post-17579","1":"product","2":"type-product","3":"status-publish","4":"has-post-thumbnail","6":"product_cat-dominican-republic","7":"product_tag-excursion","8":"product_tag-tour","10":"first","11":"instock","12":"shipping-taxable","13":"product-type-external"},"_links":{"self":[{"href":"https:\/\/sabanadelamartours.com\/de\/wp-json\/wp\/v2\/product\/17579","targetHints":{"allow":["GET"]}}],"collection":[{"href":"https:\/\/sabanadelamartours.com\/de\/wp-json\/wp\/v2\/product"}],"about":[{"href":"https:\/\/sabanadelamartours.com\/de\/wp-json\/wp\/v2\/types\/product"}],"version-history":[{"count":1,"href":"https:\/\/sabanadelamartours.com\/de\/wp-json\/wp\/v2\/product\/17579\/revisions"}],"predecessor-version":[{"id":19145,"href":"https:\/\/sabanadelamartours.com\/de\/wp-json\/wp\/v2\/product\/17579\/revisions\/19145"}],"wp:featuredmedia":[{"embeddable":true,"href":"https:\/\/sabanadelamartours.com\/de\/wp-json\/wp\/v2\/media\/17762"}],"wp:attachment":[{"href":"https:\/\/sabanadelamartours.com\/de\/wp-json\/wp\/v2\/media?parent=17579"}],"wp:term":[{"taxonomy":"product_brand","embeddable":true,"href":"https:\/\/sabanadelamartours.com\/de\/wp-json\/wp\/v2\/product_brand?post=17579"},{"taxonomy":"product_cat","embeddable":true,"href":"https:\/\/sabanadelamartours.com\/de\/wp-json\/wp\/v2\/product_cat?post=17579"},{"taxonomy":"product_tag","embeddable":true,"href":"https:\/\/sabanadelamartours.com\/de\/wp-json\/wp\/v2\/product_tag?post=17579"}],"curies":[{"name":"wp","href":"https:\/\/api.w.org\/{rel}","templated":true}]}}