{"id":17613,"date":"2025-12-18T14:44:41","date_gmt":"2025-12-18T14:44:41","guid":{"rendered":"https:\/\/sabanadelamartours.com\/?post_type=product&#038;p=17613"},"modified":"2026-02-14T02:17:14","modified_gmt":"2026-02-14T02:17:14","slug":"transfers-und-taxis-affenland-in-puerto-plata","status":"publish","type":"product","link":"https:\/\/sabanadelamartours.com\/de\/tour\/transfers-und-taxis-affenland-in-puerto-plata\/","title":{"rendered":"Transfers und Taxis Affenland in Puerto Plata"},"content":{"rendered":"<p>Schlendern Sie durch den farbenfrohen botanischen Garten und entdecken Sie Heilpflanzen, Blumen und Obstb\u00e4ume, die in der Dominikanischen Republik heimisch sind.                Interagieren Sie in unmittelbarer N\u00e4he zu unseren sch\u00f6nen Totenkopf\u00e4ffchen im Monkeyland.                                                                                                      Beobachten Sie die Affen in einer nat\u00fcrlichen Umgebung, die eine spektakul\u00e4re Aussicht auf die Berge bietet.                                                                            Am Ende dieser angenehmen und \u00fcberraschenden Tour, vorbei an unserem Geschenkeladen Monkeyland.                                                                                      Besuchen Sie eine Kaffee- und Kakaoplantage. Besuchen Sie ein typisches Haus und sehen Sie, wie die Einheimischen leben. Schlendern Sie durch den farbenfrohen botanischen Garten und identifizieren Sie Heilpflanzen, Blumen und Obstb\u00e4ume, die in der Dominikanischen Republik heimisch sind. Interagieren Sie aus n\u00e4chster N\u00e4he mit unseren wundersch\u00f6nen Totenkopf\u00e4ffchen im Monkeyland. Beobachten Sie die Affen in einer nat\u00fcrlichen Umgebung, die einen spektakul\u00e4ren Blick auf die Berge bietet. Am Ende dieser angenehmen und \u00fcberraschenden Tour, vorbei an unserem Geschenkeladen Monkeyland. Besuchen Sie eine Kaffee- und Kakaoplantage. Besuchen Sie ein typisches Haus und sehen Sie, wie die Einheimischen leben.<\/p>","protected":false},"excerpt":{"rendered":"<div data-track=\"overview\" data-v-83a2b402=\"\">\n<section id=\"activity-overview\" class=\"activity-overview\" data-component=\"overview\" data-v-83a2b402=\"\" data-v-f3236c42=\"\">\n<p class=\"activity-overview__content\" data-test-id=\"activity-overview-content\" data-v-f3236c42=\"\">Schlendern Sie durch den farbenfrohen botanischen Garten und entdecken Sie Heilpflanzen, Blumen und Obstb\u00e4ume, die in der Dominikanischen Republik heimisch sind.<\/p>\n<\/section>\n<\/div>\n<div data-track=\"key-details\" data-v-83a2b402=\"\"><\/div>","protected":false},"featured_media":17794,"template":"","meta":[],"product_brand":[],"product_cat":[97],"product_tag":[101,102],"class_list":{"0":"post-17613","1":"product","2":"type-product","3":"status-publish","4":"has-post-thumbnail","6":"product_cat-dominican-republic","7":"product_tag-excursion","8":"product_tag-tour","10":"first","11":"instock","12":"shipping-taxable","13":"product-type-external"},"_links":{"self":[{"href":"https:\/\/sabanadelamartours.com\/de\/wp-json\/wp\/v2\/product\/17613","targetHints":{"allow":["GET"]}}],"collection":[{"href":"https:\/\/sabanadelamartours.com\/de\/wp-json\/wp\/v2\/product"}],"about":[{"href":"https:\/\/sabanadelamartours.com\/de\/wp-json\/wp\/v2\/types\/product"}],"version-history":[{"count":1,"href":"https:\/\/sabanadelamartours.com\/de\/wp-json\/wp\/v2\/product\/17613\/revisions"}],"predecessor-version":[{"id":19144,"href":"https:\/\/sabanadelamartours.com\/de\/wp-json\/wp\/v2\/product\/17613\/revisions\/19144"}],"wp:featuredmedia":[{"embeddable":true,"href":"https:\/\/sabanadelamartours.com\/de\/wp-json\/wp\/v2\/media\/17794"}],"wp:attachment":[{"href":"https:\/\/sabanadelamartours.com\/de\/wp-json\/wp\/v2\/media?parent=17613"}],"wp:term":[{"taxonomy":"product_brand","embeddable":true,"href":"https:\/\/sabanadelamartours.com\/de\/wp-json\/wp\/v2\/product_brand?post=17613"},{"taxonomy":"product_cat","embeddable":true,"href":"https:\/\/sabanadelamartours.com\/de\/wp-json\/wp\/v2\/product_cat?post=17613"},{"taxonomy":"product_tag","embeddable":true,"href":"https:\/\/sabanadelamartours.com\/de\/wp-json\/wp\/v2\/product_tag?post=17613"}],"curies":[{"name":"wp","href":"https:\/\/api.w.org\/{rel}","templated":true}]}}