{"id":17651,"date":"2025-12-18T14:46:35","date_gmt":"2025-12-18T14:46:35","guid":{"rendered":"https:\/\/sabanadelamartours.com\/?post_type=product&#038;p=17651"},"modified":"2025-12-18T14:54:23","modified_gmt":"2025-12-18T14:54:23","slug":"saona-inselparadies-von-punta-cana-aus","status":"publish","type":"product","link":"https:\/\/sabanadelamartours.com\/de\/tour\/saona-inselparadies-von-punta-cana-aus\/","title":{"rendered":"Die Insel Saona von Punta Cana aus"},"content":{"rendered":"<p>Wenn Sie diese ganzt\u00e4gige Kreuzfahrt auf der Insel Saona buchen, w\u00e4hlen Sie Ihren Abholort in Punta Cana. Ihre Kreuzfahrt beginnt mit der einfachen Abholung von dem von Ihnen gew\u00e4hlten Ort.<\/p>\n<p>Nachdem Sie an Bord Ihres Fahrzeugs gegangen sind, fahren Sie zu der Stelle, an der Ihr Boot ablegt, und gehen Sie an Bord eines Schnellboots oder Katamarans f\u00fcr Ihr Abenteuer.<\/p>\n<p>3 Stunden Freizeit auf dieser wundersch\u00f6nen Insel, Sie k\u00f6nnen sich am Strand entspannen, die Sch\u00f6nheiten der Natur beobachten, zu Mittag essen und die offene Bar genie\u00dfen<\/p>\n<p>Dies ist der Hafen, von dem aus man mit dem Boot auf die Insel f\u00e4hrt.<\/p>\n<div class=\"toggle-content__content toggle-content__content--expanded toggle-content__content--packable\" data-v-59485d64=\"\">\n<div data-test-id=\"activity-full-description-text\" data-v-5835c99c=\"\">Erleben Sie die idyllische Insel Saona auf dieser Ganztagestour vom Festland aus per Schnellboot und Katamaran. Fahren Sie mit einem Schnellboot zur Insel, so dass Sie gen\u00fcgend Zeit haben, sich zu entspannen oder Wassersport zu treiben. Kehren Sie an Bord eines Segelboots zur\u00fcck, schl\u00fcrfen Sie Drinks an der offenen Bar und tanzen Sie zu den Rhythmen der Insel. Die Abholung vom Hotel macht die Hin- und R\u00fcckfahrt zu einem einfachen Erlebnis. Traditionelles dominikanisches Mittagsbuffet Offene Bar und Wasser in Flaschen Eintrittsgelder f\u00fcr die Insel Saona inbegriffen Bequeme Abholung vom Hotel und R\u00fccktransport in Punta Cana<\/div>\n<\/div>\n<div class=\"toggle-content__label-placeholder\" data-v-59485d64=\"\"><\/div>\n<div data-v-59485d64=\"\">\n<hr \/>\n<h1><strong>Ausflug zur Insel Saona von Punta Cana aus - Ganztagesausflug (Abfahrt 7 Uhr morgens)<\/strong><\/h1>\n<p>\u2705 <strong>Beste Saona Island Tour von Punta Cana aus<\/strong> | \u23f3 <strong>Ganzt\u00e4giges Abenteuer<\/strong> | \ud83c\udf34 <strong>Das Paradies erwartet Sie!<\/strong><\/p>\n<h2><strong>7:00 AM - Hotelabholung in Punta Cana<\/strong><\/h2>\n<p>Ihre Reise nach <strong>Insel Saona<\/strong> beginnt mit einer bequemen Abholung von Ihrem Hotel in Punta Cana, Bavaro oder Uvero Alto. Unser komfortabler, klimatisierter Transport bringt Sie zu <strong>Bayahibe<\/strong>, dem Ausgangspunkt f\u00fcr Ihr Inselabenteuer.<\/p>\n<h2><strong>9:00 AM - Ankunft in Bayahibe &amp; Einsteigen in das Schnellboot\/Katamaran<\/strong><\/h2>\n<p>Bei der Ankunft in <strong>Bayahibe Strand<\/strong>, steigen Sie entweder in ein <strong>Schnellboot f\u00fcr eine rasante Fahrt<\/strong> oder eine <strong>Katamaran f\u00fcr eine entspannte Reise<\/strong> mit Musik, Tanz und Getr\u00e4nken.<\/p>\n<h2><strong>10:00 AM - Halt am Naturbad (Las Palmillas)<\/strong><\/h2>\n<p>Ein Muss f\u00fcr jeden Besucher! Genie\u00dfen Sie die ber\u00fchmte <strong>Nat\u00fcrlicher Pool<\/strong>, eine seichte, kristallklare Lagune, in der es von Seesternen wimmelt. Hier haben Sie Zeit, zu schwimmen, Fotos zu machen und kostenlose Getr\u00e4nke im h\u00fcfthohen Wasser zu genie\u00dfen.<\/p>\n<h2><strong>11:30 AM - Ankunft auf der Insel Saona<\/strong><\/h2>\n<p>Willkommen bei <strong>Insel Saona<\/strong>, ein tropisches Paradies mit puderwei\u00dfem Sand, t\u00fcrkisfarbenem Wasser und sich wiegenden Palmen. Genie\u00dfen Sie Ihre Zeit:<\/p>\n<ul>\n<li>Entspannen Sie sich am Strand<\/li>\n<li>Schwimmen in den warmen Gew\u00e4ssern der Karibik<\/li>\n<li>Erkunden Sie die nat\u00fcrliche Sch\u00f6nheit der Insel<\/li>\n<li>Machen Sie Instagram-taugliche Fotos<\/li>\n<\/ul>\n<h2><strong>12:30 Uhr - Dominikanisches Mittagsbuffet und offene Bar<\/strong><\/h2>\n<p>Genie\u00dfen Sie ein k\u00f6stliches <strong>Dominikanisches Mittagessen in Buffetform<\/strong> zu gegrilltem H\u00e4hnchen, frischen Meeresfr\u00fcchten, Reis, Salaten und tropischen Fr\u00fcchten. An <strong>offene Bar<\/strong> mit lokalem Rum, Bier und alkoholfreien Getr\u00e4nken ist w\u00e4hrend des gesamten Aufenthalts verf\u00fcgbar.<\/p>\n<h2><strong>14:30 Uhr - Freie Zeit auf der Insel Saona<\/strong><\/h2>\n<p>Nach dem Mittagessen k\u00f6nnen Sie <strong>freie Zeit<\/strong>-Sonnenbaden, Schnorcheln oder Spazierg\u00e4nge an der K\u00fcste.<\/p>\n<h2><strong>15:30 Uhr - R\u00fcckfahrt nach Bayahibe<\/strong><\/h2>\n<p>Verpflegung <strong>Katamaran (Partystimmung mit Musik und Getr\u00e4nken) oder Schnellboot (schnellere Fahrt)<\/strong> zur\u00fcck zu <strong>Bayahibe<\/strong>.<\/p>\n<h2><strong>17:00 Uhr - R\u00fcckkehr zu den Hotels in Punta Cana<\/strong><\/h2>\n<p>Nach einem aufregenden Tag bringt Sie unser Transportmittel zur\u00fcck zu Ihrem Hotel, wo Sie gegen <strong>19:00 UHR<\/strong>.<\/p>\n<hr \/>\n<h2><strong>Warum sollten Sie unsere Saona Island Tour von Punta Cana aus w\u00e4hlen?<\/strong><\/h2>\n<p>\u2705 <strong>Abholung und R\u00fcckgabe im Hotel<\/strong> \ud83d\ude90<br \/>\n\u2705 <strong>Schnellboot &amp; Katamaran Optionen<\/strong> \u26f5<br \/>\n\u2705 <strong>Halt an Naturpools mit Seesternen<\/strong> \u2b50<br \/>\n\u2705 <strong>Dominikanisches Mittagessen und Getr\u00e4nke all-inclusive<\/strong> \ud83c\udf79<br \/>\n\u2705 <strong>Bestes Preis-Leistungs-Verh\u00e4ltnis f\u00fcr ein unvergessliches Erlebnis!<\/strong><\/p>\n<p>\ud83d\udcc5 <strong>Buchen Sie Ihre Saona Island Tour noch heute!<\/strong> \ud83c\udf34<\/p>\n<hr \/>\n<p>&nbsp;<\/p>\n<\/div>","protected":false},"excerpt":{"rendered":"<div data-track=\"overview\" data-v-83a2b402=\"\">\n<section id=\"activity-overview\" class=\"activity-overview\" data-component=\"overview\" data-v-83a2b402=\"\" data-v-f3236c42=\"\"><strong>Erleben Sie die beste Saona Island Tour von Punta Cana aus!<\/strong> \ud83c\udf34 Abreise um <strong>7 AM<\/strong> mit Hotelabholung, genie\u00dfen Sie ein <strong>Katamaran- oder Schnellbootfahrt<\/strong>, schwimmen im <strong>Naturpool mit Seesternen<\/strong>, und entspannen Sie sich auf <strong>wei\u00dfe Sandstr\u00e4nde<\/strong> mit einer <strong>Dominikanisches Mittagessen und offene Bar inbegriffen<\/strong>. <strong>Jetzt buchen!<\/strong> \ud83d\udea4\u2728<\/p>\n<p class=\"activity-overview__content\" data-test-id=\"activity-overview-content\" data-v-f3236c42=\"\">Erleben Sie die idyllische Insel Saona auf dieser Ganztagestour vom Festland aus per Schnellboot und Katamaran. Fahren Sie mit einem Schnellboot zur Insel, so dass Sie viel Zeit zum Verweilen haben.<\/p>\n<\/section>\n<\/div>\n<div data-track=\"key-details\" data-v-83a2b402=\"\"><\/div>","protected":false},"featured_media":17830,"template":"","meta":[],"product_brand":[],"product_cat":[97,98],"product_tag":[101,102],"class_list":{"0":"post-17651","1":"product","2":"type-product","3":"status-publish","4":"has-post-thumbnail","6":"product_cat-dominican-republic","7":"product_cat-saona-island","8":"product_tag-excursion","9":"product_tag-tour","11":"first","12":"instock","13":"shipping-taxable","14":"product-type-external"},"_links":{"self":[{"href":"https:\/\/sabanadelamartours.com\/de\/wp-json\/wp\/v2\/product\/17651","targetHints":{"allow":["GET"]}}],"collection":[{"href":"https:\/\/sabanadelamartours.com\/de\/wp-json\/wp\/v2\/product"}],"about":[{"href":"https:\/\/sabanadelamartours.com\/de\/wp-json\/wp\/v2\/types\/product"}],"version-history":[{"count":0,"href":"https:\/\/sabanadelamartours.com\/de\/wp-json\/wp\/v2\/product\/17651\/revisions"}],"wp:featuredmedia":[{"embeddable":true,"href":"https:\/\/sabanadelamartours.com\/de\/wp-json\/wp\/v2\/media\/17830"}],"wp:attachment":[{"href":"https:\/\/sabanadelamartours.com\/de\/wp-json\/wp\/v2\/media?parent=17651"}],"wp:term":[{"taxonomy":"product_brand","embeddable":true,"href":"https:\/\/sabanadelamartours.com\/de\/wp-json\/wp\/v2\/product_brand?post=17651"},{"taxonomy":"product_cat","embeddable":true,"href":"https:\/\/sabanadelamartours.com\/de\/wp-json\/wp\/v2\/product_cat?post=17651"},{"taxonomy":"product_tag","embeddable":true,"href":"https:\/\/sabanadelamartours.com\/de\/wp-json\/wp\/v2\/product_tag?post=17651"}],"curies":[{"name":"wp","href":"https:\/\/api.w.org\/{rel}","templated":true}]}}