{"id":17778,"date":"2025-12-18T14:51:46","date_gmt":"2025-12-18T14:51:46","guid":{"rendered":"https:\/\/sabanadelamartours.com\/?post_type=product&#038;p=17778"},"modified":"2026-02-14T02:13:02","modified_gmt":"2026-02-14T02:13:02","slug":"samana-stadtrundfahrt-wale-beobachten-cayo-levantado","status":"publish","type":"product","link":"https:\/\/sabanadelamartours.com\/de\/tour\/samana-stadtrundfahrt-wale-beobachten-cayo-levantado\/","title":{"rendered":"Samana: Stadtrundfahrt + Walbeobachtung + Cayo Levantado"},"content":{"rendered":"<p>Wir treffen uns um 8:30 Uhr am Malecon in Samana (den genauen Treffpunkt und weitere Details finden Sie in der Best\u00e4tigungsnachricht). Zuerst machen wir eine Stadtrundfahrt und nehmen dann das Boot, um die Wale in ihrem Lebensraum zu beobachten. Nach der Beobachtung fahren wir zu einem typisch dominikanischen Mittagessen auf die Insel Cayo Levantado. Nach dem Mittagessen haben Sie Zeit zur freien Verf\u00fcgung, um den Strand zu genie\u00dfen, einen Spaziergang um die Insel zu machen, Volleyball zu spielen oder einfach im Schatten zu entspannen. Gegen 16:30 Uhr kehren wir zur\u00fcck in die Gemeinde Samana, wo das Erlebnis endet.<\/p>\n<p>Andere Dinge zu beachten<\/p>\n<p>Dies ist ein Erlebnis, um die Wale aus der N\u00e4he zu sehen. Kein Schwimmen oder Ber\u00fchren der Wale.<\/p>\n<p>Falls Sie eine private Reise machen m\u00f6chten und sich nicht einer Gruppe anschlie\u00dfen wollen, kontaktieren Sie uns bitte und wir werden Ihnen Preise und andere Details schicken.<\/p>\n<div class=\"toggle-content__content toggle-content__content--expanded toggle-content__content--packable\" data-v-59485d64=\"\">\n<div data-test-id=\"activity-full-description-text\" data-v-5835c99c=\"\">Wir haben auch die M\u00f6glichkeit, Wale von Punta Cana, Sabana de la Mar\/Miches und anderen Orten aus zu beobachten (gegen Aufpreis).<\/div>\n<\/div>\n<div class=\"toggle-content__label-placeholder\" data-v-59485d64=\"\"><\/div>","protected":false},"excerpt":{"rendered":"<div data-track=\"overview\" data-v-83a2b402=\"\">\n<section id=\"activity-overview\" class=\"activity-overview\" data-component=\"overview\" data-v-83a2b402=\"\" data-v-f3236c42=\"\">\n<p class=\"activity-overview__content\" data-test-id=\"activity-overview-content\" data-v-f3236c42=\"\">Beginnend mit einer Samana City Tour Genie\u00dfen Sie Walsichtungen aus n\u00e4chster N\u00e4he auf einer Rundfahrt von Saman\u00e1 aus. Halten Sie auf der Insel Cayo Levantado an, um zu Mittag zu essen und etwas Zeit zur freien Verf\u00fcgung zu haben.<\/p>\n<\/section>\n<\/div>\n<div data-track=\"key-details\" data-v-83a2b402=\"\"><\/div>","protected":false},"featured_media":17982,"template":"","meta":[],"product_brand":[],"product_cat":[97],"product_tag":[101,102],"class_list":{"0":"post-17778","1":"product","2":"type-product","3":"status-publish","4":"has-post-thumbnail","6":"product_cat-dominican-republic","7":"product_tag-excursion","8":"product_tag-tour","10":"first","11":"instock","12":"shipping-taxable","13":"product-type-external"},"_links":{"self":[{"href":"https:\/\/sabanadelamartours.com\/de\/wp-json\/wp\/v2\/product\/17778","targetHints":{"allow":["GET"]}}],"collection":[{"href":"https:\/\/sabanadelamartours.com\/de\/wp-json\/wp\/v2\/product"}],"about":[{"href":"https:\/\/sabanadelamartours.com\/de\/wp-json\/wp\/v2\/types\/product"}],"version-history":[{"count":2,"href":"https:\/\/sabanadelamartours.com\/de\/wp-json\/wp\/v2\/product\/17778\/revisions"}],"predecessor-version":[{"id":19137,"href":"https:\/\/sabanadelamartours.com\/de\/wp-json\/wp\/v2\/product\/17778\/revisions\/19137"}],"wp:featuredmedia":[{"embeddable":true,"href":"https:\/\/sabanadelamartours.com\/de\/wp-json\/wp\/v2\/media\/17982"}],"wp:attachment":[{"href":"https:\/\/sabanadelamartours.com\/de\/wp-json\/wp\/v2\/media?parent=17778"}],"wp:term":[{"taxonomy":"product_brand","embeddable":true,"href":"https:\/\/sabanadelamartours.com\/de\/wp-json\/wp\/v2\/product_brand?post=17778"},{"taxonomy":"product_cat","embeddable":true,"href":"https:\/\/sabanadelamartours.com\/de\/wp-json\/wp\/v2\/product_cat?post=17778"},{"taxonomy":"product_tag","embeddable":true,"href":"https:\/\/sabanadelamartours.com\/de\/wp-json\/wp\/v2\/product_tag?post=17778"}],"curies":[{"name":"wp","href":"https:\/\/api.w.org\/{rel}","templated":true}]}}