{"id":17883,"date":"2025-12-18T14:55:49","date_gmt":"2025-12-18T14:55:49","guid":{"rendered":"https:\/\/sabanadelamartours.com\/?post_type=product&#038;p=17883"},"modified":"2026-01-10T15:20:25","modified_gmt":"2026-01-10T15:20:25","slug":"punta-cana-area-party-cruise-mit-parasailing-und-open-bar","status":"publish","type":"product","link":"https:\/\/sabanadelamartours.com\/de\/tour\/punta-cana-area-party-cruise-mit-parasailing-und-open-bar\/","title":{"rendered":"Gebiet Punta Cana: Party-Kreuzfahrt mit Parasailing und Open Bar"},"content":{"rendered":"<p>Join a boat trip packed full of fun water activities. Combine snorkeling and parasailing with a party cruise as you make your way to a natural pool in the middle of the ocean.<\/p>\n<p>One of the highlights of this experience is parasailing. Make the most of this experience and fly like a bird with a 360-degree view of the world beneath you. Drink in the fun party atmosphere on board and help yourself to free drinks from the open bar. Dive into the water and enjoy some swimming and snorkeling in an amazing natural pool in the ocean before heading back to land.<\/p>","protected":false},"excerpt":{"rendered":"<div data-track=\"overview\" data-v-83a2b402=\"\">\n<section id=\"activity-overview\" class=\"activity-overview\" data-component=\"overview\" data-v-83a2b402=\"\" data-v-f3236c42=\"\">\n<p class=\"activity-overview__content\" data-test-id=\"activity-overview-content\" data-v-f3236c42=\"\">Stechen Sie in See auf einer Partykreuzfahrt, die Wasseraktivit\u00e4ten, Spa\u00df in der Sonne und eine offene Bar kombiniert. Gehen Sie schnorcheln und erleben Sie einen Adrenalinsto\u00df, wenn Sie auf dem Weg zu einem nat\u00fcrlichen Pool Parasailing ausprobieren.<\/p>\n<\/section>\n<\/div>\n<div data-track=\"key-details\" data-v-83a2b402=\"\"><\/div>","protected":false},"featured_media":18119,"template":"","meta":[],"product_brand":[],"product_cat":[97],"product_tag":[101,102],"class_list":{"0":"post-17883","1":"product","2":"type-product","3":"status-publish","4":"has-post-thumbnail","6":"product_cat-dominican-republic","7":"product_tag-excursion","8":"product_tag-tour","10":"first","11":"instock","12":"shipping-taxable","13":"product-type-external"},"_links":{"self":[{"href":"https:\/\/sabanadelamartours.com\/de\/wp-json\/wp\/v2\/product\/17883","targetHints":{"allow":["GET"]}}],"collection":[{"href":"https:\/\/sabanadelamartours.com\/de\/wp-json\/wp\/v2\/product"}],"about":[{"href":"https:\/\/sabanadelamartours.com\/de\/wp-json\/wp\/v2\/types\/product"}],"version-history":[{"count":1,"href":"https:\/\/sabanadelamartours.com\/de\/wp-json\/wp\/v2\/product\/17883\/revisions"}],"predecessor-version":[{"id":18802,"href":"https:\/\/sabanadelamartours.com\/de\/wp-json\/wp\/v2\/product\/17883\/revisions\/18802"}],"wp:featuredmedia":[{"embeddable":true,"href":"https:\/\/sabanadelamartours.com\/de\/wp-json\/wp\/v2\/media\/18119"}],"wp:attachment":[{"href":"https:\/\/sabanadelamartours.com\/de\/wp-json\/wp\/v2\/media?parent=17883"}],"wp:term":[{"taxonomy":"product_brand","embeddable":true,"href":"https:\/\/sabanadelamartours.com\/de\/wp-json\/wp\/v2\/product_brand?post=17883"},{"taxonomy":"product_cat","embeddable":true,"href":"https:\/\/sabanadelamartours.com\/de\/wp-json\/wp\/v2\/product_cat?post=17883"},{"taxonomy":"product_tag","embeddable":true,"href":"https:\/\/sabanadelamartours.com\/de\/wp-json\/wp\/v2\/product_tag?post=17883"}],"curies":[{"name":"wp","href":"https:\/\/api.w.org\/{rel}","templated":true}]}}