{"id":17922,"date":"2025-12-18T14:57:53","date_gmt":"2025-12-18T14:57:53","guid":{"rendered":"https:\/\/sabanadelamartours.com\/?post_type=product&#038;p=17922"},"modified":"2026-02-14T02:06:37","modified_gmt":"2026-02-14T02:06:37","slug":"wildes-off-road-dune-buggy-abenteuer-in-punta-cana","status":"publish","type":"product","link":"https:\/\/sabanadelamartours.com\/de\/tour\/wildes-off-road-dune-buggy-abenteuer-in-punta-cana\/","title":{"rendered":"Wildes Off-Road-D\u00fcnenbuggy-Abenteuer in Punta Cana"},"content":{"rendered":"<p>Suchen Sie nach der ultimativen Outdoor-Aktivit\u00e4t mit Ihren Freunden und Ihrer Familie w\u00e4hrend Ihres Aufenthalts in Punta Cana? Verlassen Sie das traditionelle Resort\/Strand und entdecken Sie die Landschaft von Punta Cana mit unserem einzigartigen Off-Road-D\u00fcnenbuggy-Erlebnis.<\/p>\n<p>Steigen Sie in Ihren Buggy und begeben Sie sich auf ein wildes und lustiges 4-st\u00fcndiges Abenteuer durch die wundersch\u00f6nen tropischen Landschaften von Punta Cana.<\/p>\n<p>Bei dieser gef\u00fchrten Exkursion werden wir 3 Stopps einlegen:<\/p>\n<p>1. Wir werden die majest\u00e4tische Playa Macao besuchen, um den sch\u00f6nen Strand und die Sonne zu genie\u00dfen und unvergessliche Erinnerungen zu schaffen.<\/p>\n<p>2. Dann halten wir an und besuchen eine Bio-Farm, um dominikanischen Kaffee, Schokolade und Mamajuana zu probieren.<\/p>\n<p>3. Unser letzter Halt der Exkursion ist die erstaunliche Cenote (unterirdisches H\u00f6hlenwasser), wo Sie in ihrem kristallklaren Wasser schwimmen k\u00f6nnen.<\/p>\n<p>Wir bieten einen Hin- und R\u00fccktransport von und zu Hotels in der Region Bavaro\/Punta Cana an.<\/p>\n<p>Abfahrten am Morgen und am Nachmittag m\u00f6glich. Buchen Sie Ihr Abenteuer noch heute!<\/p>","protected":false},"excerpt":{"rendered":"<div data-track=\"overview\" data-v-83a2b402=\"\">\n<section id=\"activity-overview\" class=\"activity-overview\" data-component=\"overview\" data-v-83a2b402=\"\" data-v-f3236c42=\"\">\n<p class=\"activity-overview__content\" data-test-id=\"activity-overview-content\" data-v-f3236c42=\"\">Entfliehen Sie dem Resort und erkunden Sie die Landschaft mit einem Gel\u00e4ndewagen. Machen Sie 3 Stopps, darunter Playa Macao, eine Bio-Farm mit Kaffee-, Schokoladen- und Mamajuana-Verkostung und eine atemberaubende Cenote.<\/p>\n<\/section>\n<\/div>\n<div data-track=\"key-details\" data-v-83a2b402=\"\"><\/div>","protected":false},"featured_media":18138,"template":"","meta":[],"product_brand":[],"product_cat":[97],"product_tag":[101,102],"class_list":{"0":"post-17922","1":"product","2":"type-product","3":"status-publish","4":"has-post-thumbnail","6":"product_cat-dominican-republic","7":"product_tag-excursion","8":"product_tag-tour","10":"first","11":"instock","12":"shipping-taxable","13":"product-type-external"},"_links":{"self":[{"href":"https:\/\/sabanadelamartours.com\/de\/wp-json\/wp\/v2\/product\/17922","targetHints":{"allow":["GET"]}}],"collection":[{"href":"https:\/\/sabanadelamartours.com\/de\/wp-json\/wp\/v2\/product"}],"about":[{"href":"https:\/\/sabanadelamartours.com\/de\/wp-json\/wp\/v2\/types\/product"}],"version-history":[{"count":1,"href":"https:\/\/sabanadelamartours.com\/de\/wp-json\/wp\/v2\/product\/17922\/revisions"}],"predecessor-version":[{"id":19125,"href":"https:\/\/sabanadelamartours.com\/de\/wp-json\/wp\/v2\/product\/17922\/revisions\/19125"}],"wp:featuredmedia":[{"embeddable":true,"href":"https:\/\/sabanadelamartours.com\/de\/wp-json\/wp\/v2\/media\/18138"}],"wp:attachment":[{"href":"https:\/\/sabanadelamartours.com\/de\/wp-json\/wp\/v2\/media?parent=17922"}],"wp:term":[{"taxonomy":"product_brand","embeddable":true,"href":"https:\/\/sabanadelamartours.com\/de\/wp-json\/wp\/v2\/product_brand?post=17922"},{"taxonomy":"product_cat","embeddable":true,"href":"https:\/\/sabanadelamartours.com\/de\/wp-json\/wp\/v2\/product_cat?post=17922"},{"taxonomy":"product_tag","embeddable":true,"href":"https:\/\/sabanadelamartours.com\/de\/wp-json\/wp\/v2\/product_tag?post=17922"}],"curies":[{"name":"wp","href":"https:\/\/api.w.org\/{rel}","templated":true}]}}