{"id":18008,"date":"2025-12-18T15:02:41","date_gmt":"2025-12-18T15:02:41","guid":{"rendered":"https:\/\/sabanadelamartours.com\/?post_type=product&#038;p=18008"},"modified":"2026-01-10T15:23:43","modified_gmt":"2026-01-10T15:23:43","slug":"von-puerto-plata-dreifache-abenteuerreise","status":"publish","type":"product","link":"https:\/\/sabanadelamartours.com\/de\/tour\/von-puerto-plata-dreifache-abenteuerreise\/","title":{"rendered":"Von Puerto Plata aus: Dreifach-Abenteuer-Tour"},"content":{"rendered":"<p>Erleben Sie die nat\u00fcrliche Sch\u00f6nheit der Dominikanischen Republik auf einer 3-Abenteuer-Tour ab Puerto Plata.<\/p>\n<p>Beginnen Sie mit einer Abk\u00fchlung im Bergwasser der 27 Wasserf\u00e4lle von Damajagua in den sanften H\u00fcgeln des Northern Corridor-Gebirges. R\u00fcsten Sie sich zu Ihrer Sicherheit mit Schwimmwesten und Helmen aus, bevor Sie losfahren. Machen Sie einen z\u00fcgigen 40-min\u00fctigen Spaziergang durch den \u00fcppigen Wald und erleben Sie das geografische Wunder der Region aus n\u00e4chster N\u00e4he.<\/p>\n<p>Mutter Natur hat im Laufe der Jahrtausende 27 atemberaubende Kalksteinkaskaden geschaffen, von denen Sie 12 hautnah erleben werden, wenn Sie in die nat\u00fcrlichen Lagunen springen, schwimmen und rutschen. Ihre Guides werden Sie bei jedem Schritt begleiten und daf\u00fcr sorgen, dass Sie zu jeder Zeit maximalen Spa\u00df, Sicherheit und Energie haben!<\/p>\n<p>Dann ist es an der Zeit, aufzusatteln und einen Ausritt im Cowboy-Stil zu unternehmen. Sie erhalten eine kurze Einweisung, bevor Sie Ihr treues Pferd besteigen und zu einem tropischen Ausritt durch die \u00fcppige Landschaft und die ruhigen W\u00e4lder aufbrechen. Die F\u00fchrer sind sachkundig und die Kulisse ist atemberaubend, w\u00e4hrend Sie auf den Pfaden und \u00fcber die B\u00e4che im leichten karibischen Trab durch das Gel\u00e4nde reiten.<\/p>\n<p>Machen Sie sich bereit, frei wie ein Vogel zu fliegen und stellen Sie sich der Herausforderung von 8 aufregenden Seilbahnen. Sehen Sie die Landschaft aus einer ganz anderen Perspektive. Sie erhalten vorher eine ausf\u00fchrliche Einweisung und die gesamte Ausr\u00fcstung wird Ihnen zur Verf\u00fcgung gestellt. Gleiten Sie \u00fcber das fruchtbare Ackerland und den Dschungel und genie\u00dfen Sie die Aussicht von der Veranda aus. Die F\u00fchrer stehen an jeder Plattform, die Sie erreichen, bereit, um Sie zu beruhigen und Ihnen zur n\u00e4chsten Linie zu helfen.<\/p>","protected":false},"excerpt":{"rendered":"<div data-track=\"overview\" data-v-83a2b402=\"\">\n<section id=\"activity-overview\" class=\"activity-overview\" data-component=\"overview\" data-v-83a2b402=\"\" data-v-f3236c42=\"\">\n<p class=\"activity-overview__content\" data-test-id=\"activity-overview-content\" data-v-f3236c42=\"\">Erleben Sie 3 unvergessliche Abenteuer auf einer Tour von Puerto Plata aus, darunter das Springen und Rutschen an 12 wundersch\u00f6nen Wasserf\u00e4llen in Damajagua. Reiten Sie dann auf einem Pferd und erkunden Sie die versteckten Pfade. Beenden Sie den Tag mit einem 8-Linien-Seilrutschen-Parcours.<\/p>\n<\/section>\n<\/div>\n<div data-track=\"key-details\" data-v-83a2b402=\"\"><\/div>","protected":false},"featured_media":18199,"template":"","meta":[],"product_brand":[],"product_cat":[97],"product_tag":[101,102],"class_list":{"0":"post-18008","1":"product","2":"type-product","3":"status-publish","4":"has-post-thumbnail","6":"product_cat-dominican-republic","7":"product_tag-excursion","8":"product_tag-tour","10":"first","11":"instock","12":"shipping-taxable","13":"product-type-external"},"_links":{"self":[{"href":"https:\/\/sabanadelamartours.com\/de\/wp-json\/wp\/v2\/product\/18008","targetHints":{"allow":["GET"]}}],"collection":[{"href":"https:\/\/sabanadelamartours.com\/de\/wp-json\/wp\/v2\/product"}],"about":[{"href":"https:\/\/sabanadelamartours.com\/de\/wp-json\/wp\/v2\/types\/product"}],"version-history":[{"count":1,"href":"https:\/\/sabanadelamartours.com\/de\/wp-json\/wp\/v2\/product\/18008\/revisions"}],"predecessor-version":[{"id":18805,"href":"https:\/\/sabanadelamartours.com\/de\/wp-json\/wp\/v2\/product\/18008\/revisions\/18805"}],"wp:featuredmedia":[{"embeddable":true,"href":"https:\/\/sabanadelamartours.com\/de\/wp-json\/wp\/v2\/media\/18199"}],"wp:attachment":[{"href":"https:\/\/sabanadelamartours.com\/de\/wp-json\/wp\/v2\/media?parent=18008"}],"wp:term":[{"taxonomy":"product_brand","embeddable":true,"href":"https:\/\/sabanadelamartours.com\/de\/wp-json\/wp\/v2\/product_brand?post=18008"},{"taxonomy":"product_cat","embeddable":true,"href":"https:\/\/sabanadelamartours.com\/de\/wp-json\/wp\/v2\/product_cat?post=18008"},{"taxonomy":"product_tag","embeddable":true,"href":"https:\/\/sabanadelamartours.com\/de\/wp-json\/wp\/v2\/product_tag?post=18008"}],"curies":[{"name":"wp","href":"https:\/\/api.w.org\/{rel}","templated":true}]}}