{"id":18032,"date":"2025-12-18T15:03:36","date_gmt":"2025-12-18T15:03:36","guid":{"rendered":"https:\/\/sabanadelamartours.com\/?post_type=product&#038;p=18032"},"modified":"2025-12-18T15:12:28","modified_gmt":"2025-12-18T15:12:28","slug":"-375","status":"publish","type":"product","link":"https:\/\/sabanadelamartours.com\/de\/tour\/-375\/","title":{"rendered":"Erschwingliche Walbeobachtung in Saman\u00e1 - Nur $39 | Dominikanische Republik Touren"},"content":{"rendered":"<div class=\"wpb-content-wrapper\"><div class=\"vc_row wpb_row st bg-holder\"><div class='container'><div class='row'>\n\t<div class=\"wpb_column column_container col-md-12\"><div class=\"vc_column-inner wpb_wrapper\">\n\t\t\t\n\t<div class=\"wpb_text_column wpb_content_element\" >\n\t\t<div class=\"wpb_wrapper\">\n\t\t\t<h1><strong>Walbeobachtung &amp; Cayo Levantado Tour: Der beste Preis ist garantiert!<\/strong><\/h1>\n<p>\ud83c\udf0a <strong>Begeben Sie sich auf das ultimative Saman\u00e1-Abenteuer zu einem unschlagbaren Preis!<\/strong> \ud83c\udf34<\/p>\n<p>Sie suchen das aufregendste und g\u00fcnstigste Walbeobachtungserlebnis in Saman\u00e1? Wir haben das Richtige f\u00fcr Sie! Unser <strong>Walbeobachtung und Cayo Levantado Tour<\/strong> bietet die <strong>bester Wert f\u00fcr Ihr Geld<\/strong>, zwei unvergessliche Erlebnisse an einem perfekten Tag - und das alles im <strong>Garantiert niedrigster Preis<\/strong>.<\/p>\n<hr \/>\n<h3><strong>Reiseroute<\/strong><\/h3>\n<h4><strong>10:00 AM - Treffpunkt am Carenero Hafen<\/strong><\/h4>\n<p>Beginnen Sie Ihren Tag stressfrei bei <strong>Carenero Hafen<\/strong>, Saman\u00e1, wo unser freundliches Team Sie an Bord eines komfortablen, modernen Bootes willkommen hei\u00dft.<\/p>\n<h4><strong>10:15 AM - Walbeobachtung in der Saman\u00e1-Bucht<\/strong><\/h4>\n<p>Setzen Sie die Segel zu den ber\u00fchmten <strong>Schutzgebiet f\u00fcr Walbeobachtung<\/strong> und bestaunen Sie die majest\u00e4tischen Buckelwale. Werden Sie Zeuge ihres spektakul\u00e4ren Verhaltens - Sto\u00dfen, Schwanzschlagen und Singen - und genie\u00dfen Sie dabei die fachkundigen Kommentare unserer Meeresf\u00fchrer.<\/p>\n<h4><strong>12:00 Uhr - Freizeit auf Cayo Levantado (Bacardi-Insel)<\/strong><\/h4>\n<p>Nach einem unglaublichen Morgen mit den Walen fahren wir nach <strong>Cayo Levantado<\/strong>, ein tropisches Paradies, das f\u00fcr seine wei\u00dfen Sandstr\u00e4nde und sein kristallklares Wasser bekannt ist. Verbringen Sie <strong>freie Zeit<\/strong> Entspannen Sie sich, schwimmen Sie oder erkunden Sie die Insel in aller Ruhe.<\/p>\n<h4><strong>14:30 Uhr - R\u00fcckkehr zum Hafen von Carenero<\/strong><\/h4>\n<p>Wir verlassen die Insel und kehren nach Saman\u00e1 zur\u00fcck, wo wir in <strong>Carenero Port zwischen 14:30 Uhr und 15:00 Uhr<\/strong>, und es bleibt gen\u00fcgend Zeit, den Rest des Tages zu genie\u00dfen.<\/p>\n<hr \/>\n<h3><strong>Warum dies der beste Preis f\u00fcr eine Walbeobachtungstour in Saman\u00e1 ist<\/strong><\/h3>\n<p>\u2705 <strong>Zwei Abenteuer in einem<\/strong> - Walbeobachtung + Besuch von Cayo Levantado zu einem einzigen g\u00fcnstigen Preis!<br \/>\n\u2705 <strong>Tiefstpreis-Garantie<\/strong> - Sie werden nirgendwo anders ein besseres Angebot finden.<br \/>\n\u2705 <strong>Keine versteckten Geb\u00fchren<\/strong> - Der transparente Preis beinhaltet die Bootsfahrt, die F\u00fchrer und den Eintritt in das Heiligtum.<br \/>\n\u2705 <strong>Hochwertiger Service<\/strong> - Moderne Boote, fachkundige F\u00fchrer und das komfortabelste Erlebnis.<\/p>\n<hr \/>\n<h3><strong>Saisonales Angebot: Fr\u00fch buchen und sparen!<\/strong><\/h3>\n<p>\ud83d\udcc6 <strong>Hauptsaison<\/strong>: Januar bis M\u00e4rz ist die beste Zeit, um Buckelwale zu sehen.<br \/>\n\ud83d\udcb8 <strong>Exklusiver Deal<\/strong>: Reservieren Sie noch heute Ihren Platz und sichern Sie sich den <strong>bester Preis f\u00fcr Walbeobachtung in Saman\u00e1<\/strong>!<\/p>\n<hr \/>\n<h3><strong>Wie man bucht<\/strong><\/h3>\n<p>\ud83d\udcde <a href=\"http:\/\/CALLTO:+18097206035\"><strong>Rufen Sie uns jetzt an<\/strong><\/a> um Ihren Platz zu garantieren.<br \/>\n\ud83d\udce7 <a href=\"MAILTO:RESERVABATOUR@GMAIL.COM\"><strong>E-Mail an uns<\/strong> <\/a>f\u00fcr Gruppenbuchungen oder Sonderw\u00fcnsche.<br \/>\n\ud83c\udf10 <a href=\"https:\/\/bookingadventures.tours\/booking.php?slug=Whale_watching_and_Cayo_levantado_low_price\" target=\"_blank\" rel=\"noopener\"><strong>Online buchen<\/strong> <\/a>f\u00fcr schnelle und einfache Reservierungen.<\/p>\n<p>\ud83d\udea8 <strong>Beeilen Sie sich! Begrenzte Pl\u00e4tze verf\u00fcgbar<\/strong>-Verpassen Sie nicht diese unglaubliche Gelegenheit, zu erleben <strong>Die bestbewertete Tour in Saman\u00e1 zum besten Preis!<\/strong><\/p>\n\n\t\t<\/div>\n\t<\/div>\n<div class=\"vc_empty_space\"   style=\"height: 32px\"><span class=\"vc_empty_space_inner\"><\/span><\/div>\n\t<div class=\"wpb_text_column wpb_content_element\" >\n\t\t<div class=\"wpb_wrapper\">\n\t\t\t<h2>Weitere Optionen zur Walbeobachtung:<\/h2>\n\n\t\t<\/div>\n\t<\/div>\n<div class=\"vc_empty_space\"   style=\"height: 32px\"><span class=\"vc_empty_space_inner\"><\/span><\/div><div class=\"woocommerce columns-4\"><ul class=\"products columns-4\">\n<li class=\"product type-product post-18154 status-publish first instock product_cat-dominican-republic product_tag-excursion product_tag-tour has-post-thumbnail shipping-taxable product-type-external\">\r\n\t<a href=\"https:\/\/sabanadelamartours.com\/de\/tour\/las-terrenas-private-walbeobachtung-halbtags-2\/\" class=\"woocommerce-LoopProduct-link woocommerce-loop-product__link\"><img fetchpriority=\"high\" decoding=\"async\" width=\"300\" height=\"300\" src=\"https:\/\/sabanadelamartours.com\/wp-content\/uploads\/2025\/12\/99-53-300x300.png\" class=\"attachment-woocommerce_thumbnail size-woocommerce_thumbnail\" alt=\"Las Terrenas: Private Walbeobachtung halbtags\" srcset=\"https:\/\/sabanadelamartours.com\/wp-content\/uploads\/2025\/12\/99-53-300x300.png 300w, https:\/\/sabanadelamartours.com\/wp-content\/uploads\/2025\/12\/99-53-1536x1536.png 1536w, https:\/\/sabanadelamartours.com\/wp-content\/uploads\/2025\/12\/99-53-2048x2048.png 2048w, https:\/\/sabanadelamartours.com\/wp-content\/uploads\/2025\/12\/99-53-100x100.png 100w, https:\/\/sabanadelamartours.com\/wp-content\/uploads\/2025\/12\/99-53-266x266.png 266w\" sizes=\"(max-width: 300px) 100vw, 300px\" \/><h2 class=\"woocommerce-loop-product__title\">Las Terrenas: Private Walbeobachtung halbtags<\/h2>\n\t<span class=\"price\"><span class=\"woocs_price_code\" data-currency=\"\" data-redraw-id=\"69ea7f4d9c3de\"  data-product-id=\"18154\"><span class=\"woocommerce-Price-amount amount\"><bdi>450.00<span class=\"woocommerce-Price-currencySymbol\">&#36;<\/span><\/bdi><\/span><\/span><\/span>\n<\/a><a href=\"https:\/\/tourreservationlink.com\/en\/booking\/las-terrenas-private-whale-watching-half-day\" aria-describedby=\"woocommerce_loop_add_to_cart_link_describedby_18154\" data-quantity=\"1\" class=\"button product_type_external\" data-product_id=\"18154\" data-product_sku=\"\" aria-label=\"TICKET KAUFEN\" rel=\"nofollow noopener\" target=\"_blank\">TICKET KAUFEN<\/a>\t<span id=\"woocommerce_loop_add_to_cart_link_describedby_18154\" class=\"screen-reader-text\">\n\t\t\t<\/span>\n<\/li>\r\n<\/ul>\n<\/div><\/div>\n\t<\/div> \n<\/div><!--End .row--><\/div><!--End .container--><\/div>\n<\/div>","protected":false},"excerpt":{"rendered":"<p><strong>Bester Preis Walbeobachtung &amp; Cayo Levantado Tour - Saman\u00e1<\/strong><\/p>\n<p>Erleben Sie die ultimative <strong>Walbeobachtungstour in Saman\u00e1<\/strong> am <strong>Bester Preis garantiert<\/strong>! Erleben Sie die majest\u00e4tischen Buckelwale in der ber\u00fchmten <strong>Walbeobachtungsstation Saman\u00e1 Bay<\/strong>, und entspannen Sie sich dann an den unber\u00fchrten Str\u00e4nden von <strong>Cayo Levantado (Bacardi-Insel)<\/strong>. Diese erschwingliche Halbtagestour bietet ein unvergleichliches Preis-Leistungs-Verh\u00e4ltnis, fachkundige F\u00fchrer und zwei unvergessliche Abenteuer in einem. <strong>Jetzt buchen<\/strong> f\u00fcr ein unschlagbares Angebot f\u00fcr den bestbewerteten Ausflug in Saman\u00e1!<\/p>","protected":false},"featured_media":18204,"template":"","meta":[],"product_brand":[],"product_cat":[97,229],"product_tag":[],"class_list":{"0":"post-18032","1":"product","2":"type-product","3":"status-publish","4":"has-post-thumbnail","6":"product_cat-dominican-republic","7":"product_cat-whale-watching","9":"first","10":"instock","11":"sale","12":"shipping-taxable","13":"product-type-external"},"_links":{"self":[{"href":"https:\/\/sabanadelamartours.com\/de\/wp-json\/wp\/v2\/product\/18032","targetHints":{"allow":["GET"]}}],"collection":[{"href":"https:\/\/sabanadelamartours.com\/de\/wp-json\/wp\/v2\/product"}],"about":[{"href":"https:\/\/sabanadelamartours.com\/de\/wp-json\/wp\/v2\/types\/product"}],"version-history":[{"count":0,"href":"https:\/\/sabanadelamartours.com\/de\/wp-json\/wp\/v2\/product\/18032\/revisions"}],"wp:featuredmedia":[{"embeddable":true,"href":"https:\/\/sabanadelamartours.com\/de\/wp-json\/wp\/v2\/media\/18204"}],"wp:attachment":[{"href":"https:\/\/sabanadelamartours.com\/de\/wp-json\/wp\/v2\/media?parent=18032"}],"wp:term":[{"taxonomy":"product_brand","embeddable":true,"href":"https:\/\/sabanadelamartours.com\/de\/wp-json\/wp\/v2\/product_brand?post=18032"},{"taxonomy":"product_cat","embeddable":true,"href":"https:\/\/sabanadelamartours.com\/de\/wp-json\/wp\/v2\/product_cat?post=18032"},{"taxonomy":"product_tag","embeddable":true,"href":"https:\/\/sabanadelamartours.com\/de\/wp-json\/wp\/v2\/product_tag?post=18032"}],"curies":[{"name":"wp","href":"https:\/\/api.w.org\/{rel}","templated":true}]}}