{"id":18082,"date":"2025-12-18T15:06:10","date_gmt":"2025-12-18T15:06:10","guid":{"rendered":"https:\/\/sabanadelamartours.com\/?post_type=product&#038;p=18082"},"modified":"2026-02-14T02:02:51","modified_gmt":"2026-02-14T02:02:51","slug":"-378","status":"publish","type":"product","link":"https:\/\/sabanadelamartours.com\/de\/tour\/-378\/","title":{"rendered":"Saman\u00e1 \u2192 Sabana de la Mar: Preise und \u00d6ffnungszeiten"},"content":{"rendered":"<h1><strong>F\u00e4hre Tickets: Saman\u00e1 nach Sabana de la Mar<\/strong><\/h1>\n<p>Erleben Sie den bequemen und erschwinglichen \u00f6ffentlichen Nahverkehr mit der F\u00e4hrverbindung <strong>Saman\u00e1<\/strong> und <strong>Sabana de la Mar<\/strong>. Egal, ob Sie ein lokaler Pendler oder ein Reisender sind, der die Dominikanische Republik erkundet, diese F\u00e4hre bietet eine malerische und zuverl\u00e4ssige M\u00f6glichkeit, die Bucht zu \u00fcberqueren.<\/p>\n<h3><strong>Fahrplan der F\u00e4hre<\/strong><\/h3>\n<h4><strong>Von Saman\u00e1 nach Sabana de la Mar: <a href=\"https:\/\/bookingadventures.tours\/booking.php?slug=Ferry_From_Saman_to_Sabana_de_la_Mar\" target=\"_blank\" rel=\"noopener\">TICKETS HIER BUCHEN<\/a><\/strong><\/h4>\n<ul>\n<li>7:00 AM<\/li>\n<li>9:00 AM<\/li>\n<li>11:00 AM<\/li>\n<li>15:00 UHR<\/li>\n<li>4:20 PM<\/li>\n<\/ul>\n<h4><strong>Von Sabana de la Mar nach Saman\u00e1: <\/strong><a href=\"https:\/\/bookingadventures.tours\/booking.php?slug=Ferry_From__Sabana_de_la_Mar_to_Samana\" target=\"_blank\" rel=\"noopener\"><strong>TICKETS HIER BUCHEN<\/strong><\/a><\/h4>\n<ul>\n<li>9:00 AM<\/li>\n<li>11:00 AM<\/li>\n<li>15:00 UHR<\/li>\n<li>17:00 UHR<\/li>\n<\/ul>\n<h3><strong>Wichtige Details:<\/strong><\/h3>\n<ul>\n<li><strong>Art der Dienstleistung:<\/strong> F\u00e4hre des \u00f6ffentlichen Nahverkehrs.<\/li>\n<li><strong>Dauer:<\/strong> Ca. 45 Minuten bis 1 Stunde, je nach Wetterbedingungen.<\/li>\n<li><strong>Erschwinglichkeit:<\/strong> Eine preisg\u00fcnstige Option f\u00fcr die \u00dcberquerung der Bucht von Saman\u00e1.<\/li>\n<li><strong>Boot-Stil:<\/strong> Bei den F\u00e4hren handelt es sich um traditionelle Fischerboote, die oft schon \u00e4lter sind, aber f\u00fcr die Fahrt gut geeignet.<\/li>\n<\/ul>\n<h3><strong>Warum die F\u00e4hre w\u00e4hlen?<\/strong><\/h3>\n<ul>\n<li>Genie\u00dfen Sie w\u00e4hrend der Fahrt atemberaubende Ausblicke auf die Bucht von Saman\u00e1.<\/li>\n<li>Verl\u00e4ssliche Fahrpl\u00e4ne, die auf Einheimische und Touristen zugeschnitten sind.<\/li>\n<li>Eine einzigartige M\u00f6glichkeit, wie ein Einheimischer zu reisen und die authentische dominikanische Kultur zu erleben.<\/li>\n<\/ul>\n<h3><strong>Was Sie vorher wissen sollten:<\/strong><\/h3>\n<ul>\n<li>Kommen Sie mindestens 20 Minuten vor der Abfahrt zum Dock, um sich Ihren Platz zu sichern.<\/li>\n<li>Die F\u00e4hre verkehrt bei jedem Wetter, bei schlechtem Wetter kann es jedoch zu leichten Verz\u00f6gerungen kommen.<\/li>\n<li>Die F\u00e4hre braucht 15 Minuten plus eine gewisse Wartezeit f\u00fcr weitere Reisende.<\/li>\n<li>Empfehlung, Tabletten zu trinken, falls Sie seekrank werden. 5 Minuten vor<\/li>\n<li>Gehen Sie in einem Restaurant vor dem Hafen auf die Toilette, bevor Sie die F\u00e4hre nehmen. \u00d6ffentliche Toilette an der F\u00e4hre ist nicht zu empfehlen<\/li>\n<\/ul>\n<p>Planen Sie Ihre Reise und machen Sie das Beste aus dieser lokalen Transportm\u00f6glichkeit! F\u00fcr weitere Fragen k\u00f6nnen Sie uns gerne unter +18097206035 kontaktieren oder uns am F\u00e4hrterminal besuchen.<\/p>","protected":false},"excerpt":{"rendered":"<p>Erschwinglicher F\u00e4hrdienst von Saman\u00e1 nach Sabana de la Mar: \u00d6ffentliche Verkehrsmittel mit Aussicht auf die Bucht<\/p>","protected":false},"featured_media":18258,"template":"","meta":[],"product_brand":[],"product_cat":[97],"product_tag":[],"class_list":{"0":"post-18082","1":"product","2":"type-product","3":"status-publish","4":"has-post-thumbnail","6":"product_cat-dominican-republic","8":"first","9":"instock","10":"shipping-taxable","11":"product-type-external"},"_links":{"self":[{"href":"https:\/\/sabanadelamartours.com\/de\/wp-json\/wp\/v2\/product\/18082","targetHints":{"allow":["GET"]}}],"collection":[{"href":"https:\/\/sabanadelamartours.com\/de\/wp-json\/wp\/v2\/product"}],"about":[{"href":"https:\/\/sabanadelamartours.com\/de\/wp-json\/wp\/v2\/types\/product"}],"version-history":[{"count":1,"href":"https:\/\/sabanadelamartours.com\/de\/wp-json\/wp\/v2\/product\/18082\/revisions"}],"predecessor-version":[{"id":19118,"href":"https:\/\/sabanadelamartours.com\/de\/wp-json\/wp\/v2\/product\/18082\/revisions\/19118"}],"wp:featuredmedia":[{"embeddable":true,"href":"https:\/\/sabanadelamartours.com\/de\/wp-json\/wp\/v2\/media\/18258"}],"wp:attachment":[{"href":"https:\/\/sabanadelamartours.com\/de\/wp-json\/wp\/v2\/media?parent=18082"}],"wp:term":[{"taxonomy":"product_brand","embeddable":true,"href":"https:\/\/sabanadelamartours.com\/de\/wp-json\/wp\/v2\/product_brand?post=18082"},{"taxonomy":"product_cat","embeddable":true,"href":"https:\/\/sabanadelamartours.com\/de\/wp-json\/wp\/v2\/product_cat?post=18082"},{"taxonomy":"product_tag","embeddable":true,"href":"https:\/\/sabanadelamartours.com\/de\/wp-json\/wp\/v2\/product_tag?post=18082"}],"curies":[{"name":"wp","href":"https:\/\/api.w.org\/{rel}","templated":true}]}}